{"id":9974,"date":"2025-01-05T16:47:59","date_gmt":"2025-01-05T15:47:59","guid":{"rendered":"https:\/\/www.livresentre2actions.fr\/?post_type=product&#038;p=9974"},"modified":"2025-01-30T13:44:13","modified_gmt":"2025-01-30T12:44:13","slug":"cours-deconomie-politique","status":"publish","type":"product","link":"https:\/\/www.livresentre2actions.fr\/fr_fr\/produit\/cours-deconomie-politique\/","title":{"rendered":"Cours d\u2019\u00e9conomie politique"},"content":{"rendered":"<p>Ernest Mahaim &#8211; Aus. Pholien<\/p>\n<p>Pleine percaline souple noire \u00e0 dos long muet, 299 x 233, 451p. Avec table. 1924. Cours profess\u00e9 \u00e0 la facult\u00e9 technique, universit\u00e9 de Lige. Porte la griffe de l\u2019auteur comme mentionn\u00e9 dans la justification d\u2018\u00e9dition. Manuscrit photocopi\u00e9 propre, rares soulignages. Percaline propre et int\u00e8gre, avec une tache en plat inf\u00e9rieur. Bel exemplaire bien ferme. Docteur en droit et en sciences politiques et administratives, E. Mahaim (1865-1938) fut \u00e9galement professeur de l\u2019universit\u00e9 nouvelle de Bruxelles, et contribua par ailleurs \u00e0 la fondation du Bureau international du travail dont il prit la pr\u00e9sidence en 1931.<\/p>\n","protected":false},"excerpt":{"rendered":"<p>Ernest Mahaim &#8211; Aus. Pholien Pleine percaline souple noire \u00e0 dos long muet, 299 x 233, 451p. Avec table. 1924. Cours profess\u00e9 \u00e0 la facult\u00e9 technique, universit\u00e9 de Lige. Porte la griffe de l\u2019auteur comme mentionn\u00e9 dans la justification d\u2018\u00e9dition. Manuscrit photocopi\u00e9 propre, rares soulignages. Percaline propre et int\u00e8gre, avec une tache en plat inf\u00e9rieur. &#8230; <a title=\"Cours d\u2019\u00e9conomie politique\" class=\"read-more\" href=\"https:\/\/www.livresentre2actions.fr\/fr_fr\/produit\/cours-deconomie-politique\/\" aria-label=\"En savoir plus sur Cours d\u2019\u00e9conomie politique\">Lire plus<\/a><\/p>\n","protected":false},"featured_media":9975,"template":"","meta":{"_eb_attr":""},"product_brand":[],"product_cat":[37,72],"product_tag":[],"class_list":{"0":"post-9974","1":"product","2":"type-product","3":"status-publish","4":"has-post-thumbnail","6":"product_cat-a-partir-du-xxeme-siecle","7":"product_cat-divers","8":"sales-flash-overlay","9":"woocommerce-text-align-center","10":"woocommerce-image-align-center","11":"wc-has-gallery","13":"first","14":"instock","15":"taxable","16":"shipping-taxable","17":"purchasable","18":"product-type-simple"},"aioseo_notices":[],"_links":{"self":[{"href":"https:\/\/www.livresentre2actions.fr\/fr_fr\/wp-json\/wp\/v2\/product\/9974","targetHints":{"allow":["GET"]}}],"collection":[{"href":"https:\/\/www.livresentre2actions.fr\/fr_fr\/wp-json\/wp\/v2\/product"}],"about":[{"href":"https:\/\/www.livresentre2actions.fr\/fr_fr\/wp-json\/wp\/v2\/types\/product"}],"wp:featuredmedia":[{"embeddable":true,"href":"https:\/\/www.livresentre2actions.fr\/fr_fr\/wp-json\/wp\/v2\/media\/9975"}],"wp:attachment":[{"href":"https:\/\/www.livresentre2actions.fr\/fr_fr\/wp-json\/wp\/v2\/media?parent=9974"}],"wp:term":[{"taxonomy":"product_brand","embeddable":true,"href":"https:\/\/www.livresentre2actions.fr\/fr_fr\/wp-json\/wp\/v2\/product_brand?post=9974"},{"taxonomy":"product_cat","embeddable":true,"href":"https:\/\/www.livresentre2actions.fr\/fr_fr\/wp-json\/wp\/v2\/product_cat?post=9974"},{"taxonomy":"product_tag","embeddable":true,"href":"https:\/\/www.livresentre2actions.fr\/fr_fr\/wp-json\/wp\/v2\/product_tag?post=9974"}],"curies":[{"name":"wp","href":"https:\/\/api.w.org\/{rel}","templated":true}]}}