{"id":9934,"date":"2025-01-05T16:28:01","date_gmt":"2025-01-05T15:28:01","guid":{"rendered":"https:\/\/www.livresentre2actions.fr\/?post_type=product&#038;p=9934"},"modified":"2025-12-27T18:13:12","modified_gmt":"2025-12-27T17:13:12","slug":"oeuvres-capitales-4-tomes-complet","status":"publish","type":"product","link":"https:\/\/www.livresentre2actions.fr\/fr_fr\/produit\/oeuvres-capitales-4-tomes-complet\/","title":{"rendered":"\u0152uvres capitales, 4 tomes complet"},"content":{"rendered":"<p>Charles Maurras &#8211; Flammarion<\/p>\n<p>Broch\u00e9 \u00e0 couvertures remplier, 253 x 163, \u00e9tablie par l\u2019auteur dans la derni\u00e8re ann\u00e9e de sa vie, tirage imit\u00e9e \u00e0 5500\u00a0; ici le 2514 sur verg\u00e9 Guyenne. 1954. Sous le signe de Minerve, 477p. Essais politiques, 534p. Essais litt\u00e9raires, 535p. Et\u00a0: Le berceau et les muses, 478p. Except\u00e9 le T2 avec une t\u00e2che d\u2019encre en pied de dos et de couverture \u00e0 proximit\u00e9, excellents exemplaires\u00a0: propres, int\u00e8gres, non coup\u00e9s\u00a0; tr\u00e8s rares et tr\u00e8s l\u00e9gers points de rousseurs sur les couvertures. Bel ensemble.<\/p>\n","protected":false},"excerpt":{"rendered":"<p>Charles Maurras &#8211; Flammarion Broch\u00e9 \u00e0 couvertures remplier, 253 x 163, \u00e9tablie par l\u2019auteur dans la derni\u00e8re ann\u00e9e de sa vie, tirage imit\u00e9e \u00e0 5500\u00a0; ici le 2514 sur verg\u00e9 Guyenne. 1954. Sous le signe de Minerve, 477p. Essais politiques, 534p. Essais litt\u00e9raires, 535p. Et\u00a0: Le berceau et les muses, 478p. Except\u00e9 le T2 avec &#8230; <a title=\"\u0152uvres capitales, 4 tomes complet\" class=\"read-more\" href=\"https:\/\/www.livresentre2actions.fr\/fr_fr\/produit\/oeuvres-capitales-4-tomes-complet\/\" aria-label=\"En savoir plus sur \u0152uvres capitales, 4 tomes complet\">Lire plus<\/a><\/p>\n","protected":false},"featured_media":0,"template":"","meta":{"_eb_attr":""},"product_brand":[],"product_cat":[37,71,76],"product_tag":[],"class_list":{"0":"post-9934","1":"product","2":"type-product","3":"status-publish","5":"product_cat-a-partir-du-xxeme-siecle","6":"product_cat-illustres-modernes-editions-originales-signees-numerotees","7":"product_cat-poesie-theatre-prose","8":"sales-flash-overlay","9":"woocommerce-text-align-center","10":"woocommerce-image-align-center","12":"first","13":"outofstock","14":"taxable","15":"shipping-taxable","16":"purchasable","17":"product-type-simple"},"aioseo_notices":[],"_links":{"self":[{"href":"https:\/\/www.livresentre2actions.fr\/fr_fr\/wp-json\/wp\/v2\/product\/9934","targetHints":{"allow":["GET"]}}],"collection":[{"href":"https:\/\/www.livresentre2actions.fr\/fr_fr\/wp-json\/wp\/v2\/product"}],"about":[{"href":"https:\/\/www.livresentre2actions.fr\/fr_fr\/wp-json\/wp\/v2\/types\/product"}],"wp:attachment":[{"href":"https:\/\/www.livresentre2actions.fr\/fr_fr\/wp-json\/wp\/v2\/media?parent=9934"}],"wp:term":[{"taxonomy":"product_brand","embeddable":true,"href":"https:\/\/www.livresentre2actions.fr\/fr_fr\/wp-json\/wp\/v2\/product_brand?post=9934"},{"taxonomy":"product_cat","embeddable":true,"href":"https:\/\/www.livresentre2actions.fr\/fr_fr\/wp-json\/wp\/v2\/product_cat?post=9934"},{"taxonomy":"product_tag","embeddable":true,"href":"https:\/\/www.livresentre2actions.fr\/fr_fr\/wp-json\/wp\/v2\/product_tag?post=9934"}],"curies":[{"name":"wp","href":"https:\/\/api.w.org\/{rel}","templated":true}]}}