{"id":9772,"date":"2025-01-05T14:38:09","date_gmt":"2025-01-05T13:38:09","guid":{"rendered":"https:\/\/www.livresentre2actions.fr\/?post_type=product&#038;p=9772"},"modified":"2025-04-24T12:48:50","modified_gmt":"2025-04-24T10:48:50","slug":"des-secondes-noces-en-droit-romain-et-en-droit-francais","status":"publish","type":"product","link":"https:\/\/www.livresentre2actions.fr\/fr_fr\/produit\/des-secondes-noces-en-droit-romain-et-en-droit-francais\/","title":{"rendered":"Des secondes noces en droit romain et en droit fran\u00e7ais"},"content":{"rendered":"<p>L\u00e9on Japiot &#8211; Imprimerie Beau<\/p>\n<p>Th\u00e8se pour le doctorat &#8211; Broch\u00e9, 248 x 163, 248p. Versailles, 1870. Edition originale. Int\u00e9rieur avec taches rousses \u00e9parses, mais int\u00e9gralement non coup\u00e9. Couvertures et dos insol\u00e9s et frott\u00e9s, avec rares rousseurs, taches, un coin de pied corn\u00e9, un manque en pied de dos. Bon exemplaire bien ferme.<\/p>\n","protected":false},"excerpt":{"rendered":"<p>L\u00e9on Japiot &#8211; Imprimerie Beau Th\u00e8se pour le doctorat &#8211; Broch\u00e9, 248 x 163, 248p. Versailles, 1870. Edition originale. Int\u00e9rieur avec taches rousses \u00e9parses, mais int\u00e9gralement non coup\u00e9. Couvertures et dos insol\u00e9s et frott\u00e9s, avec rares rousseurs, taches, un coin de pied corn\u00e9, un manque en pied de dos. Bon exemplaire bien ferme.<\/p>\n","protected":false},"featured_media":9773,"template":"","meta":{"_eb_attr":""},"product_brand":[],"product_cat":[15,36,77,73],"product_tag":[],"class_list":{"0":"post-9772","1":"product","2":"type-product","3":"status-publish","4":"has-post-thumbnail","6":"product_cat-catalogue","7":"product_cat-entre-le-xviiieme-et-le-xixeme-siecle","8":"product_cat-droit","9":"product_cat-histoires-et-recits-de-voyage","10":"sales-flash-overlay","11":"woocommerce-text-align-center","12":"woocommerce-image-align-center","13":"wc-has-gallery","15":"first","16":"instock","17":"taxable","18":"shipping-taxable","19":"purchasable","20":"product-type-simple"},"aioseo_notices":[],"_links":{"self":[{"href":"https:\/\/www.livresentre2actions.fr\/fr_fr\/wp-json\/wp\/v2\/product\/9772","targetHints":{"allow":["GET"]}}],"collection":[{"href":"https:\/\/www.livresentre2actions.fr\/fr_fr\/wp-json\/wp\/v2\/product"}],"about":[{"href":"https:\/\/www.livresentre2actions.fr\/fr_fr\/wp-json\/wp\/v2\/types\/product"}],"wp:featuredmedia":[{"embeddable":true,"href":"https:\/\/www.livresentre2actions.fr\/fr_fr\/wp-json\/wp\/v2\/media\/9773"}],"wp:attachment":[{"href":"https:\/\/www.livresentre2actions.fr\/fr_fr\/wp-json\/wp\/v2\/media?parent=9772"}],"wp:term":[{"taxonomy":"product_brand","embeddable":true,"href":"https:\/\/www.livresentre2actions.fr\/fr_fr\/wp-json\/wp\/v2\/product_brand?post=9772"},{"taxonomy":"product_cat","embeddable":true,"href":"https:\/\/www.livresentre2actions.fr\/fr_fr\/wp-json\/wp\/v2\/product_cat?post=9772"},{"taxonomy":"product_tag","embeddable":true,"href":"https:\/\/www.livresentre2actions.fr\/fr_fr\/wp-json\/wp\/v2\/product_tag?post=9772"}],"curies":[{"name":"wp","href":"https:\/\/api.w.org\/{rel}","templated":true}]}}