{"id":9609,"date":"2025-01-05T13:10:04","date_gmt":"2025-01-05T12:10:04","guid":{"rendered":"https:\/\/www.livresentre2actions.fr\/?post_type=product&#038;p=9609"},"modified":"2025-08-25T14:20:14","modified_gmt":"2025-08-25T12:20:14","slug":"rien-que-la-terre","status":"publish","type":"product","link":"https:\/\/www.livresentre2actions.fr\/fr_fr\/produit\/rien-que-la-terre\/","title":{"rendered":"Rien que la terre"},"content":{"rendered":"<p>Paul Morand \/ Pierre Falk\u00e9 (ill.)<\/p>\n<p>Editions du Nord &#8211; Demi-maroquin vert \u00e0 coins, dos \u00e0 faux-nerfs orn\u00e9 des titre, auteur \u00e9diteur et date, d\u00e9cor\u00e9 \u00e9galement aux caissons, plats orn\u00e9s de doubles liser\u00e9s, tranche de t\u00eate dor\u00e9e, couvertures et dos conserv\u00e9es, 211 x 158, 283p. Hors table. Num\u00e9rot\u00e9 1035, un des 1000 sur pur fil allura (sur 1124 tirage total). 1929 (au titre et \u00e0 la justification du tirage, 1928 en couverture). Int\u00e9rieur impeccable, propre et int\u00e8gre. Coins et champs frott\u00e9s avec \u00e9pidermures. Mors frott\u00e9s avec \u00e9pidermures. Plat sup\u00e9rieur avec une griffe en t\u00eate. Dos tr\u00e8s bon, avec quelques l\u00e9g\u00e8res \u00e9pidermures en coiffe, queue et nerfs. Bel exemplaire bien ferme.<\/p>\n","protected":false},"excerpt":{"rendered":"<p>Paul Morand \/ Pierre Falk\u00e9 (ill.) Editions du Nord &#8211; Demi-maroquin vert \u00e0 coins, dos \u00e0 faux-nerfs orn\u00e9 des titre, auteur \u00e9diteur et date, d\u00e9cor\u00e9 \u00e9galement aux caissons, plats orn\u00e9s de doubles liser\u00e9s, tranche de t\u00eate dor\u00e9e, couvertures et dos conserv\u00e9es, 211 x 158, 283p. Hors table. Num\u00e9rot\u00e9 1035, un des 1000 sur pur fil &#8230; <a title=\"Rien que la terre\" class=\"read-more\" href=\"https:\/\/www.livresentre2actions.fr\/fr_fr\/produit\/rien-que-la-terre\/\" aria-label=\"En savoir plus sur Rien que la terre\">Lire plus<\/a><\/p>\n","protected":false},"featured_media":9610,"template":"","meta":{"_eb_attr":""},"product_brand":[],"product_cat":[15,71,76],"product_tag":[],"class_list":{"0":"post-9609","1":"product","2":"type-product","3":"status-publish","4":"has-post-thumbnail","6":"product_cat-catalogue","7":"product_cat-illustres-modernes-editions-originales-signees-numerotees","8":"product_cat-poesie-theatre-prose","9":"sales-flash-overlay","10":"woocommerce-text-align-center","11":"woocommerce-image-align-center","12":"wc-has-gallery","14":"first","15":"outofstock","16":"taxable","17":"shipping-taxable","18":"purchasable","19":"product-type-simple"},"aioseo_notices":[],"_links":{"self":[{"href":"https:\/\/www.livresentre2actions.fr\/fr_fr\/wp-json\/wp\/v2\/product\/9609","targetHints":{"allow":["GET"]}}],"collection":[{"href":"https:\/\/www.livresentre2actions.fr\/fr_fr\/wp-json\/wp\/v2\/product"}],"about":[{"href":"https:\/\/www.livresentre2actions.fr\/fr_fr\/wp-json\/wp\/v2\/types\/product"}],"wp:featuredmedia":[{"embeddable":true,"href":"https:\/\/www.livresentre2actions.fr\/fr_fr\/wp-json\/wp\/v2\/media\/9610"}],"wp:attachment":[{"href":"https:\/\/www.livresentre2actions.fr\/fr_fr\/wp-json\/wp\/v2\/media?parent=9609"}],"wp:term":[{"taxonomy":"product_brand","embeddable":true,"href":"https:\/\/www.livresentre2actions.fr\/fr_fr\/wp-json\/wp\/v2\/product_brand?post=9609"},{"taxonomy":"product_cat","embeddable":true,"href":"https:\/\/www.livresentre2actions.fr\/fr_fr\/wp-json\/wp\/v2\/product_cat?post=9609"},{"taxonomy":"product_tag","embeddable":true,"href":"https:\/\/www.livresentre2actions.fr\/fr_fr\/wp-json\/wp\/v2\/product_tag?post=9609"}],"curies":[{"name":"wp","href":"https:\/\/api.w.org\/{rel}","templated":true}]}}