{"id":9576,"date":"2025-01-05T12:39:33","date_gmt":"2025-01-05T11:39:33","guid":{"rendered":"https:\/\/www.livresentre2actions.fr\/?post_type=product&#038;p=9576"},"modified":"2025-01-31T11:21:45","modified_gmt":"2025-01-31T10:21:45","slug":"histoire-naturelle-des-drogues-simples-ou-cours-dhistoire-naturelle","status":"publish","type":"product","link":"https:\/\/www.livresentre2actions.fr\/fr_fr\/produit\/histoire-naturelle-des-drogues-simples-ou-cours-dhistoire-naturelle\/","title":{"rendered":"Histoire naturelle des drogues simples ou cours d&rsquo;histoire naturelle"},"content":{"rendered":"<p>N. J.-B., G. GUIBOURT &#8211; Chez J.-B. Baill\u00e8re<\/p>\n<p>4 vol. complet. Demi-veau noir \u00e0 coins, dos long orn\u00e9 de liser\u00e9s, des titre, auteur et tomaison, et de motifs floraux estamp\u00e9s, 217 x 145. Quatri\u00e8me \u00e9dition corrig\u00e9e et consid\u00e9rablement augment\u00e9e accompagn\u00e9e de plus de 600 figures dans le texte. 1849. T1, 590p. T2, 556p. T3, 704p. T4, 402p. In fine du T4 : Catalogue des livres de m\u00e9decine de l\u2019\u00e9diteur (mai 1856), 48p. Pour les 4 vol. : int\u00e9rieur propre, avec rousseurs d\u2019intensit\u00e9 et d\u2019abondance variable, mais souvent en marge. Pour le T2 : bloc livre scind\u00e9 p.332-333, sans manque, et toujours bien solide sue la reliure. Reliure en bon \u00e9tat g\u00e9n\u00e9ral, frott\u00e9es aux coiffes, mors, queues, avec \u00e9pidermures. Bien fermes.<\/p>\n","protected":false},"excerpt":{"rendered":"<p>N. J.-B., G. GUIBOURT &#8211; Chez J.-B. Baill\u00e8re 4 vol. complet. Demi-veau noir \u00e0 coins, dos long orn\u00e9 de liser\u00e9s, des titre, auteur et tomaison, et de motifs floraux estamp\u00e9s, 217 x 145. Quatri\u00e8me \u00e9dition corrig\u00e9e et consid\u00e9rablement augment\u00e9e accompagn\u00e9e de plus de 600 figures dans le texte. 1849. T1, 590p. T2, 556p. T3, 704p. &#8230; <a title=\"Histoire naturelle des drogues simples ou cours d&rsquo;histoire naturelle\" class=\"read-more\" href=\"https:\/\/www.livresentre2actions.fr\/fr_fr\/produit\/histoire-naturelle-des-drogues-simples-ou-cours-dhistoire-naturelle\/\" aria-label=\"En savoir plus sur Histoire naturelle des drogues simples ou cours d&rsquo;histoire naturelle\">Lire plus<\/a><\/p>\n","protected":false},"featured_media":9579,"template":"","meta":{"_eb_attr":""},"product_brand":[],"product_cat":[36,70,69],"product_tag":[],"class_list":{"0":"post-9576","1":"product","2":"type-product","3":"status-publish","4":"has-post-thumbnail","6":"product_cat-entre-le-xviiieme-et-le-xixeme-siecle","7":"product_cat-medecine-et-nature","8":"product_cat-sciences-et-techniques","9":"sales-flash-overlay","10":"woocommerce-text-align-center","11":"woocommerce-image-align-center","12":"wc-has-gallery","14":"first","15":"instock","16":"taxable","17":"shipping-taxable","18":"purchasable","19":"product-type-simple"},"aioseo_notices":[],"_links":{"self":[{"href":"https:\/\/www.livresentre2actions.fr\/fr_fr\/wp-json\/wp\/v2\/product\/9576","targetHints":{"allow":["GET"]}}],"collection":[{"href":"https:\/\/www.livresentre2actions.fr\/fr_fr\/wp-json\/wp\/v2\/product"}],"about":[{"href":"https:\/\/www.livresentre2actions.fr\/fr_fr\/wp-json\/wp\/v2\/types\/product"}],"wp:featuredmedia":[{"embeddable":true,"href":"https:\/\/www.livresentre2actions.fr\/fr_fr\/wp-json\/wp\/v2\/media\/9579"}],"wp:attachment":[{"href":"https:\/\/www.livresentre2actions.fr\/fr_fr\/wp-json\/wp\/v2\/media?parent=9576"}],"wp:term":[{"taxonomy":"product_brand","embeddable":true,"href":"https:\/\/www.livresentre2actions.fr\/fr_fr\/wp-json\/wp\/v2\/product_brand?post=9576"},{"taxonomy":"product_cat","embeddable":true,"href":"https:\/\/www.livresentre2actions.fr\/fr_fr\/wp-json\/wp\/v2\/product_cat?post=9576"},{"taxonomy":"product_tag","embeddable":true,"href":"https:\/\/www.livresentre2actions.fr\/fr_fr\/wp-json\/wp\/v2\/product_tag?post=9576"}],"curies":[{"name":"wp","href":"https:\/\/api.w.org\/{rel}","templated":true}]}}