{"id":9542,"date":"2025-01-05T11:57:14","date_gmt":"2025-01-05T10:57:14","guid":{"rendered":"https:\/\/www.livresentre2actions.fr\/?post_type=product&#038;p=9542"},"modified":"2025-08-25T14:20:15","modified_gmt":"2025-08-25T12:20:15","slug":"lembarquement-pour-cythere-elegie-en-cinq-actes","status":"publish","type":"product","link":"https:\/\/www.livresentre2actions.fr\/fr_fr\/produit\/lembarquement-pour-cythere-elegie-en-cinq-actes\/","title":{"rendered":"L&rsquo;Embarquement pour Cyth\u00e8re : \u00e9l\u00e9gie en cinq actes."},"content":{"rendered":"<p>Henry Bourgerel \/ P. Laprade (ill.)- Jacques Beltrand &#8211;<\/p>\n<p>En feuilles sous \u00e9tui \u00e0 lacets, 320 x 240, 151p. 1929. Edition originale num\u00e9rot\u00e9e 27 sur 200 exemplaires. Illustrations de Laprade, grav\u00e9es par J. Beltrand. Ill.\u00a0: couverture, vignette au titre et vignettes dans le texte, culs-de-lampe, et 7 pleine page (dont la table). Couvertures et premi\u00e8res pages avec rousseurs, de m\u00eame que les tranches et les derni\u00e8res pages. Mais int\u00e8gre. Etui propre int\u00e9rieurement, rousseurs en ext\u00e9rieur. Les lacets sont d\u00e9color\u00e9s, mais les attaches sont int\u00e8gres.<\/p>\n","protected":false},"excerpt":{"rendered":"<p>Henry Bourgerel \/ P. Laprade (ill.)- Jacques Beltrand &#8211; En feuilles sous \u00e9tui \u00e0 lacets, 320 x 240, 151p. 1929. Edition originale num\u00e9rot\u00e9e 27 sur 200 exemplaires. Illustrations de Laprade, grav\u00e9es par J. Beltrand. Ill.\u00a0: couverture, vignette au titre et vignettes dans le texte, culs-de-lampe, et 7 pleine page (dont la table). Couvertures et premi\u00e8res &#8230; <a title=\"L&rsquo;Embarquement pour Cyth\u00e8re : \u00e9l\u00e9gie en cinq actes.\" class=\"read-more\" href=\"https:\/\/www.livresentre2actions.fr\/fr_fr\/produit\/lembarquement-pour-cythere-elegie-en-cinq-actes\/\" aria-label=\"En savoir plus sur L&rsquo;Embarquement pour Cyth\u00e8re : \u00e9l\u00e9gie en cinq actes.\">Lire plus<\/a><\/p>\n","protected":false},"featured_media":9543,"template":"","meta":{"_eb_attr":""},"product_brand":[],"product_cat":[37,71,76],"product_tag":[],"class_list":{"0":"post-9542","1":"product","2":"type-product","3":"status-publish","4":"has-post-thumbnail","6":"product_cat-a-partir-du-xxeme-siecle","7":"product_cat-illustres-modernes-editions-originales-signees-numerotees","8":"product_cat-poesie-theatre-prose","9":"sales-flash-overlay","10":"woocommerce-text-align-center","11":"woocommerce-image-align-center","12":"wc-has-gallery","14":"first","15":"instock","16":"taxable","17":"shipping-taxable","18":"purchasable","19":"product-type-simple"},"aioseo_notices":[],"_links":{"self":[{"href":"https:\/\/www.livresentre2actions.fr\/fr_fr\/wp-json\/wp\/v2\/product\/9542","targetHints":{"allow":["GET"]}}],"collection":[{"href":"https:\/\/www.livresentre2actions.fr\/fr_fr\/wp-json\/wp\/v2\/product"}],"about":[{"href":"https:\/\/www.livresentre2actions.fr\/fr_fr\/wp-json\/wp\/v2\/types\/product"}],"wp:featuredmedia":[{"embeddable":true,"href":"https:\/\/www.livresentre2actions.fr\/fr_fr\/wp-json\/wp\/v2\/media\/9543"}],"wp:attachment":[{"href":"https:\/\/www.livresentre2actions.fr\/fr_fr\/wp-json\/wp\/v2\/media?parent=9542"}],"wp:term":[{"taxonomy":"product_brand","embeddable":true,"href":"https:\/\/www.livresentre2actions.fr\/fr_fr\/wp-json\/wp\/v2\/product_brand?post=9542"},{"taxonomy":"product_cat","embeddable":true,"href":"https:\/\/www.livresentre2actions.fr\/fr_fr\/wp-json\/wp\/v2\/product_cat?post=9542"},{"taxonomy":"product_tag","embeddable":true,"href":"https:\/\/www.livresentre2actions.fr\/fr_fr\/wp-json\/wp\/v2\/product_tag?post=9542"}],"curies":[{"name":"wp","href":"https:\/\/api.w.org\/{rel}","templated":true}]}}