{"id":9522,"date":"2025-01-05T11:52:35","date_gmt":"2025-01-05T10:52:35","guid":{"rendered":"https:\/\/www.livresentre2actions.fr\/?post_type=product&#038;p=9522"},"modified":"2025-01-31T11:24:43","modified_gmt":"2025-01-31T10:24:43","slug":"abundantissimum-cornu-copiae-linguae-latinae","status":"publish","type":"product","link":"https:\/\/www.livresentre2actions.fr\/fr_fr\/produit\/abundantissimum-cornu-copiae-linguae-latinae\/","title":{"rendered":"Abundantissimum cornu copiae linguae Latinae"},"content":{"rendered":"<p>Abundantissimum\u00a0cornu copiae\u00a0linguae Latinae et Germanicae selectum in quo continentur. Editio novissima Adam Friedrich Kirsch &#8211; Emerici felicis baderi<\/p>\n<p>&nbsp;<\/p>\n<p>Reliure peau de truie estamp\u00e9e \u00e0 d\u00e9cor sur aies de bois \u00e0 fermoirs (non pr\u00e9sents), dos \u00e0 4 nerfs orn\u00e9 d\u2019une pi\u00e8ce de titre en v\u00e9lin cr\u00e8me, 258 x 150, 1268p. (Cornu copiae linguae selectum et auctum) Et 444p. (Cornu copiae linguae romanae germanico-latinum). Avec in fine\u00a0: Eduardo Bernardi:\u00a0Tabula\u00a0alphabetica literarum latinarum in antiquissimis Codicibus, numis et marmoribus occurentium. (d\u00e9chir\u00e9e en deux parties, la partie d\u00e9pliante s\u2019est d\u00e9tach\u00e9e sans manque de texte sinon tr\u00e8s marginal), 1754. Frontiuspice all\u00e9gorique (avec manque en bord ext\u00e9rieur, pliur, et se d\u00e9tachant en pied). Avant la lettre\u00a0: 16p. liminaires dont Praeloqium auctoris \/ Vorrede en allemand gothique, 8p. \/ Lexicographi, 2p. Puis le texte avec un joli bandeau grav\u00e9 (avec un manque), texte sur deux colonnes, en graphie gothique pour l\u2019allemand. A la suite\u00a0: Notarum romanorum ac litterarum etc. 21p. \/ Notae juris a magone collectae, 3p. \/ Specimen scripturae veteris, 2p. \/ De mensibus romanis et atticis itemque aegyptiis, 2p. \/ De diebus romanorum, 3p.\/ Pantaleontis bartelonaei raverini in prosodiae speciales regulas epitome, 39p.\/ Scriptores pofani &amp; ecclesiastici, tam graeci, quam latini (\u2026), 5p.\/ Appendix, et Tabula consanguinitatis et affinitatis, 10p. Texte sur deux colonnes. Int\u00e9rieur insol\u00e9, pages un peu roussies, une page avec un manque et perte de texte. Plats tr\u00e8s frott\u00e9s avec estompage prononc\u00e9 du d\u00e9cor, un petit manque en plat sup\u00e9rieur. Fermoirs manquants donc. Coins frott\u00e9s avec manque. Dos frott\u00e9 de m\u00eame, petits manques ne pi\u00e8ces de titre.<\/p>\n","protected":false},"excerpt":{"rendered":"<p>Abundantissimum\u00a0cornu copiae\u00a0linguae Latinae et Germanicae selectum in quo continentur. Editio novissima Adam Friedrich Kirsch &#8211; Emerici felicis baderi &nbsp; Reliure peau de truie estamp\u00e9e \u00e0 d\u00e9cor sur aies de bois \u00e0 fermoirs (non pr\u00e9sents), dos \u00e0 4 nerfs orn\u00e9 d\u2019une pi\u00e8ce de titre en v\u00e9lin cr\u00e8me, 258 x 150, 1268p. (Cornu copiae linguae selectum et &#8230; <a title=\"Abundantissimum cornu copiae linguae Latinae\" class=\"read-more\" href=\"https:\/\/www.livresentre2actions.fr\/fr_fr\/produit\/abundantissimum-cornu-copiae-linguae-latinae\/\" aria-label=\"En savoir plus sur Abundantissimum cornu copiae linguae Latinae\">Lire plus<\/a><\/p>\n","protected":false},"featured_media":9523,"template":"","meta":{"_eb_attr":""},"product_brand":[],"product_cat":[36,72,69],"product_tag":[],"class_list":{"0":"post-9522","1":"product","2":"type-product","3":"status-publish","4":"has-post-thumbnail","6":"product_cat-entre-le-xviiieme-et-le-xixeme-siecle","7":"product_cat-divers","8":"product_cat-sciences-et-techniques","9":"sales-flash-overlay","10":"woocommerce-text-align-center","11":"woocommerce-image-align-center","12":"wc-has-gallery","14":"first","15":"instock","16":"taxable","17":"shipping-taxable","18":"purchasable","19":"product-type-simple"},"aioseo_notices":[],"_links":{"self":[{"href":"https:\/\/www.livresentre2actions.fr\/fr_fr\/wp-json\/wp\/v2\/product\/9522","targetHints":{"allow":["GET"]}}],"collection":[{"href":"https:\/\/www.livresentre2actions.fr\/fr_fr\/wp-json\/wp\/v2\/product"}],"about":[{"href":"https:\/\/www.livresentre2actions.fr\/fr_fr\/wp-json\/wp\/v2\/types\/product"}],"wp:featuredmedia":[{"embeddable":true,"href":"https:\/\/www.livresentre2actions.fr\/fr_fr\/wp-json\/wp\/v2\/media\/9523"}],"wp:attachment":[{"href":"https:\/\/www.livresentre2actions.fr\/fr_fr\/wp-json\/wp\/v2\/media?parent=9522"}],"wp:term":[{"taxonomy":"product_brand","embeddable":true,"href":"https:\/\/www.livresentre2actions.fr\/fr_fr\/wp-json\/wp\/v2\/product_brand?post=9522"},{"taxonomy":"product_cat","embeddable":true,"href":"https:\/\/www.livresentre2actions.fr\/fr_fr\/wp-json\/wp\/v2\/product_cat?post=9522"},{"taxonomy":"product_tag","embeddable":true,"href":"https:\/\/www.livresentre2actions.fr\/fr_fr\/wp-json\/wp\/v2\/product_tag?post=9522"}],"curies":[{"name":"wp","href":"https:\/\/api.w.org\/{rel}","templated":true}]}}