{"id":9504,"date":"2025-01-05T11:45:19","date_gmt":"2025-01-05T10:45:19","guid":{"rendered":"https:\/\/www.livresentre2actions.fr\/?post_type=product&#038;p=9504"},"modified":"2025-04-24T12:50:06","modified_gmt":"2025-04-24T10:50:06","slug":"circulaires-rapports-notes-et-instructions-confidentielles-1851-1870","status":"publish","type":"product","link":"https:\/\/www.livresentre2actions.fr\/fr_fr\/produit\/circulaires-rapports-notes-et-instructions-confidentielles-1851-1870\/","title":{"rendered":"Circulaires, rapports, notes et instructions confidentielles. 1851-1870"},"content":{"rendered":"<p>E. Lachaud \u00e9diteur &#8211; Documents pour servir \u00e0 l\u2019histoire du Second Empire. Fine percaline sable \u00e0 dos long, orn\u00e9e d\u2019une pi\u00e8ce de titre lie de vin, couvertures conserv\u00e9es (mais restaur\u00e9es), 232 x 150, 314p. Hors table. 1872. Edition originale. Comprend\u00a0: 1ere partie notamment\u00a0: pi\u00e8ces ant\u00e9rieures au coup d\u2019\u00c9tat, pi\u00e8ces relatives au coup d\u2019\u00e9tat du 2 d\u00e9cembre 1851, pl\u00e9biscite des 20 et 21 d\u00e9cembre 1851. &#8211; 2eme partie, notamment : rapport \u00e0 l&rsquo;Empereur sur le r\u00e9gime de la presse, emploi, des fonds secrets, emprunt mexicain\u2026 Int\u00e9rieur globalement bon, rousseurs d\u2019intensit\u00e9 et de fr\u00e9quence variables. Plats et dos l\u00e9g\u00e8rement frott\u00e9s, un peu gris\u00e9s, mais int\u00e8gres. Coins et champs bons. Dos tr\u00e8s bon. Petit manque en bordure de pi\u00e8ce de titre. Bien ferme<\/p>\n","protected":false},"excerpt":{"rendered":"<p>E. Lachaud \u00e9diteur &#8211; Documents pour servir \u00e0 l\u2019histoire du Second Empire. Fine percaline sable \u00e0 dos long, orn\u00e9e d\u2019une pi\u00e8ce de titre lie de vin, couvertures conserv\u00e9es (mais restaur\u00e9es), 232 x 150, 314p. Hors table. 1872. Edition originale. Comprend\u00a0: 1ere partie notamment\u00a0: pi\u00e8ces ant\u00e9rieures au coup d\u2019\u00c9tat, pi\u00e8ces relatives au coup d\u2019\u00e9tat du 2 &#8230; <a title=\"Circulaires, rapports, notes et instructions confidentielles. 1851-1870\" class=\"read-more\" href=\"https:\/\/www.livresentre2actions.fr\/fr_fr\/produit\/circulaires-rapports-notes-et-instructions-confidentielles-1851-1870\/\" aria-label=\"En savoir plus sur Circulaires, rapports, notes et instructions confidentielles. 1851-1870\">Lire plus<\/a><\/p>\n","protected":false},"featured_media":9505,"template":"","meta":{"_eb_attr":""},"product_brand":[],"product_cat":[36,77,73],"product_tag":[],"class_list":{"0":"post-9504","1":"product","2":"type-product","3":"status-publish","4":"has-post-thumbnail","6":"product_cat-entre-le-xviiieme-et-le-xixeme-siecle","7":"product_cat-droit","8":"product_cat-histoires-et-recits-de-voyage","9":"sales-flash-overlay","10":"woocommerce-text-align-center","11":"woocommerce-image-align-center","12":"wc-has-gallery","14":"first","15":"instock","16":"taxable","17":"shipping-taxable","18":"purchasable","19":"product-type-simple"},"aioseo_notices":[],"_links":{"self":[{"href":"https:\/\/www.livresentre2actions.fr\/fr_fr\/wp-json\/wp\/v2\/product\/9504","targetHints":{"allow":["GET"]}}],"collection":[{"href":"https:\/\/www.livresentre2actions.fr\/fr_fr\/wp-json\/wp\/v2\/product"}],"about":[{"href":"https:\/\/www.livresentre2actions.fr\/fr_fr\/wp-json\/wp\/v2\/types\/product"}],"wp:featuredmedia":[{"embeddable":true,"href":"https:\/\/www.livresentre2actions.fr\/fr_fr\/wp-json\/wp\/v2\/media\/9505"}],"wp:attachment":[{"href":"https:\/\/www.livresentre2actions.fr\/fr_fr\/wp-json\/wp\/v2\/media?parent=9504"}],"wp:term":[{"taxonomy":"product_brand","embeddable":true,"href":"https:\/\/www.livresentre2actions.fr\/fr_fr\/wp-json\/wp\/v2\/product_brand?post=9504"},{"taxonomy":"product_cat","embeddable":true,"href":"https:\/\/www.livresentre2actions.fr\/fr_fr\/wp-json\/wp\/v2\/product_cat?post=9504"},{"taxonomy":"product_tag","embeddable":true,"href":"https:\/\/www.livresentre2actions.fr\/fr_fr\/wp-json\/wp\/v2\/product_tag?post=9504"}],"curies":[{"name":"wp","href":"https:\/\/api.w.org\/{rel}","templated":true}]}}