{"id":9402,"date":"2024-12-20T16:55:35","date_gmt":"2024-12-20T15:55:35","guid":{"rendered":"https:\/\/maquette.livresentre2actions.fr\/?post_type=product&#038;p=9402"},"modified":"2025-01-31T11:30:24","modified_gmt":"2025-01-31T10:30:24","slug":"guerre-et-societe-au-chili-essai-de-sociologie-coloniale","status":"publish","type":"product","link":"https:\/\/www.livresentre2actions.fr\/fr_fr\/produit\/guerre-et-societe-au-chili-essai-de-sociologie-coloniale\/","title":{"rendered":"Guerre et soci\u00e9t\u00e9 au Chili. Essai de sociologie coloniale."},"content":{"rendered":"<p>Guerre et soci\u00e9t\u00e9 au Chili. Essai de sociologie coloniale. La transformation de la guerre d&rsquo;Araucanie et l&rsquo;esclavage des indiens du d\u00e9but de la conqu\u00eate espagnole aux d\u00e9buts de l&rsquo;esclavage l\u00e9gal (1612)<\/p>\n<p>Alvero Jara &#8211; Institut des hautes \u00e9tudes de l\u2019Am\u00e9rique latin &#8211; Broch\u00e9, 280 x 190, 214p. Paris, 1961. Traduction et notes de Jacques Lafaye. Int\u00e9rieur tr\u00e8s bon, non coup\u00e9 \u00e0 partir de la p120 sur 218. Couvertures insol\u00e9es mais propres et int\u00e8gres. D\u00e9faut : dos en grande partie manquant, consolid\u00e9 proprement avec une bande adh\u00e9sive kraft. Exemplaire de belle provenance : 3 ex-libris diff\u00e9rents tamponn\u00e9s (faux-titre, titre, et derni\u00e8re page) de A. Leroi-Gourhan).<\/p>\n","protected":false},"excerpt":{"rendered":"<p>Guerre et soci\u00e9t\u00e9 au Chili. Essai de sociologie coloniale. La transformation de la guerre d&rsquo;Araucanie et l&rsquo;esclavage des indiens du d\u00e9but de la conqu\u00eate espagnole aux d\u00e9buts de l&rsquo;esclavage l\u00e9gal (1612) Alvero Jara &#8211; Institut des hautes \u00e9tudes de l\u2019Am\u00e9rique latin &#8211; Broch\u00e9, 280 x 190, 214p. Paris, 1961. Traduction et notes de Jacques Lafaye. &#8230; <a title=\"Guerre et soci\u00e9t\u00e9 au Chili. Essai de sociologie coloniale.\" class=\"read-more\" href=\"https:\/\/www.livresentre2actions.fr\/fr_fr\/produit\/guerre-et-societe-au-chili-essai-de-sociologie-coloniale\/\" aria-label=\"En savoir plus sur Guerre et soci\u00e9t\u00e9 au Chili. Essai de sociologie coloniale.\">Lire plus<\/a><\/p>\n","protected":false},"featured_media":9385,"template":"","meta":{"_eb_attr":""},"product_brand":[],"product_cat":[37,73],"product_tag":[],"class_list":{"0":"post-9402","1":"product","2":"type-product","3":"status-publish","4":"has-post-thumbnail","6":"product_cat-a-partir-du-xxeme-siecle","7":"product_cat-histoires-et-recits-de-voyage","8":"sales-flash-overlay","9":"woocommerce-text-align-center","10":"woocommerce-image-align-center","11":"wc-has-gallery","13":"first","14":"instock","15":"taxable","16":"shipping-taxable","17":"purchasable","18":"product-type-simple"},"aioseo_notices":[],"_links":{"self":[{"href":"https:\/\/www.livresentre2actions.fr\/fr_fr\/wp-json\/wp\/v2\/product\/9402","targetHints":{"allow":["GET"]}}],"collection":[{"href":"https:\/\/www.livresentre2actions.fr\/fr_fr\/wp-json\/wp\/v2\/product"}],"about":[{"href":"https:\/\/www.livresentre2actions.fr\/fr_fr\/wp-json\/wp\/v2\/types\/product"}],"wp:featuredmedia":[{"embeddable":true,"href":"https:\/\/www.livresentre2actions.fr\/fr_fr\/wp-json\/wp\/v2\/media\/9385"}],"wp:attachment":[{"href":"https:\/\/www.livresentre2actions.fr\/fr_fr\/wp-json\/wp\/v2\/media?parent=9402"}],"wp:term":[{"taxonomy":"product_brand","embeddable":true,"href":"https:\/\/www.livresentre2actions.fr\/fr_fr\/wp-json\/wp\/v2\/product_brand?post=9402"},{"taxonomy":"product_cat","embeddable":true,"href":"https:\/\/www.livresentre2actions.fr\/fr_fr\/wp-json\/wp\/v2\/product_cat?post=9402"},{"taxonomy":"product_tag","embeddable":true,"href":"https:\/\/www.livresentre2actions.fr\/fr_fr\/wp-json\/wp\/v2\/product_tag?post=9402"}],"curies":[{"name":"wp","href":"https:\/\/api.w.org\/{rel}","templated":true}]}}