{"id":9353,"date":"2024-12-20T16:02:28","date_gmt":"2024-12-20T15:02:28","guid":{"rendered":"https:\/\/maquette.livresentre2actions.fr\/?post_type=product&#038;p=9353"},"modified":"2025-08-25T14:20:15","modified_gmt":"2025-08-25T12:20:15","slug":"le-colonel-ramollot-charles-leroy-uzes-ill","status":"publish","type":"product","link":"https:\/\/www.livresentre2actions.fr\/fr_fr\/produit\/le-colonel-ramollot-charles-leroy-uzes-ill\/","title":{"rendered":"Le colonel Ramollot &#8211; Charles Leroy \u2013 Uz\u00e8s (ill.)"},"content":{"rendered":"<p>Marpon et Flammarion<\/p>\n<p>Demi-veau havane \u00e0 coins, \u00e0 dos long orn\u00e9 du titre, de l\u2019auteur, de frises et motifs, 243 x 170, 313p. Hors table. Sans date (ca 1890). Frontispice couleur. Nombreuses ill. Noir en vignettes, ent\u00eates, lettrines, culs-de-lampes, et 39 planches hors texte pleine page dont 3 aquarell\u00e9es couleur et 2 bandes dessin\u00e9es, Rousseurs d\u2019intensit\u00e9 et fr\u00e9quence variables, sinon propre. Frottements \u00e0 la reliure et griffes avec \u00e9pidermures. Mais bon exemplaire bien ferme.<\/p>\n","protected":false},"excerpt":{"rendered":"<p>Marpon et Flammarion Demi-veau havane \u00e0 coins, \u00e0 dos long orn\u00e9 du titre, de l\u2019auteur, de frises et motifs, 243 x 170, 313p. Hors table. Sans date (ca 1890). Frontispice couleur. Nombreuses ill. Noir en vignettes, ent\u00eates, lettrines, culs-de-lampes, et 39 planches hors texte pleine page dont 3 aquarell\u00e9es couleur et 2 bandes dessin\u00e9es, Rousseurs &#8230; <a title=\"Le colonel Ramollot &#8211; Charles Leroy \u2013 Uz\u00e8s (ill.)\" class=\"read-more\" href=\"https:\/\/www.livresentre2actions.fr\/fr_fr\/produit\/le-colonel-ramollot-charles-leroy-uzes-ill\/\" aria-label=\"En savoir plus sur Le colonel Ramollot &#8211; Charles Leroy \u2013 Uz\u00e8s (ill.)\">Lire plus<\/a><\/p>\n","protected":false},"featured_media":9354,"template":"","meta":{"_eb_attr":""},"product_brand":[],"product_cat":[36,84,72,71,76],"product_tag":[],"class_list":{"0":"post-9353","1":"product","2":"type-product","3":"status-publish","4":"has-post-thumbnail","6":"product_cat-entre-le-xviiieme-et-le-xixeme-siecle","7":"product_cat-curiosa","8":"product_cat-divers","9":"product_cat-illustres-modernes-editions-originales-signees-numerotees","10":"product_cat-poesie-theatre-prose","11":"sales-flash-overlay","12":"woocommerce-text-align-center","13":"woocommerce-image-align-center","14":"wc-has-gallery","16":"first","17":"instock","18":"taxable","19":"shipping-taxable","20":"purchasable","21":"product-type-simple"},"aioseo_notices":[],"_links":{"self":[{"href":"https:\/\/www.livresentre2actions.fr\/fr_fr\/wp-json\/wp\/v2\/product\/9353","targetHints":{"allow":["GET"]}}],"collection":[{"href":"https:\/\/www.livresentre2actions.fr\/fr_fr\/wp-json\/wp\/v2\/product"}],"about":[{"href":"https:\/\/www.livresentre2actions.fr\/fr_fr\/wp-json\/wp\/v2\/types\/product"}],"wp:featuredmedia":[{"embeddable":true,"href":"https:\/\/www.livresentre2actions.fr\/fr_fr\/wp-json\/wp\/v2\/media\/9354"}],"wp:attachment":[{"href":"https:\/\/www.livresentre2actions.fr\/fr_fr\/wp-json\/wp\/v2\/media?parent=9353"}],"wp:term":[{"taxonomy":"product_brand","embeddable":true,"href":"https:\/\/www.livresentre2actions.fr\/fr_fr\/wp-json\/wp\/v2\/product_brand?post=9353"},{"taxonomy":"product_cat","embeddable":true,"href":"https:\/\/www.livresentre2actions.fr\/fr_fr\/wp-json\/wp\/v2\/product_cat?post=9353"},{"taxonomy":"product_tag","embeddable":true,"href":"https:\/\/www.livresentre2actions.fr\/fr_fr\/wp-json\/wp\/v2\/product_tag?post=9353"}],"curies":[{"name":"wp","href":"https:\/\/api.w.org\/{rel}","templated":true}]}}