{"id":9341,"date":"2024-12-20T15:58:10","date_gmt":"2024-12-20T14:58:10","guid":{"rendered":"https:\/\/maquette.livresentre2actions.fr\/?post_type=product&#038;p=9341"},"modified":"2025-01-31T11:35:34","modified_gmt":"2025-01-31T10:35:34","slug":"histoire-des-origines-du-christianisme-index-general-renan","status":"publish","type":"product","link":"https:\/\/www.livresentre2actions.fr\/fr_fr\/produit\/histoire-des-origines-du-christianisme-index-general-renan\/","title":{"rendered":"Histoire des origines du Christianisme. Index g\u00e9n\u00e9ral &#8211; Renan"},"content":{"rendered":"<p>Calmann L\u00e9vy \u00e9diteur<\/p>\n<p>Demi-chagrin rouge, dos \u00e0 faux-nerfs orn\u00e9 du titre et d\u00e9cor\u00e9 aux caissons, 257 x 150, 297p. Hors table. 1897. Bien complet de sa carte couleur d\u00e9pliante en fin de volume sur l\u2019extension du christianisme vers l\u2019an 180. Texte sur deux colonnes. Int\u00e9rieur tr\u00e8s bon, propre, avec en marge de t\u00eate indications manuscrites de rep\u00e9rage alphab\u00e9tique de la progression dans l\u2019ouvrage. Reliure frott\u00e9 mais bonne\u00a0; \u00e9pidermures en mors et en queue\u00a0; un manque en coiffe. Bon exemplaire bien ferme.<\/p>\n","protected":false},"excerpt":{"rendered":"<p>Calmann L\u00e9vy \u00e9diteur Demi-chagrin rouge, dos \u00e0 faux-nerfs orn\u00e9 du titre et d\u00e9cor\u00e9 aux caissons, 257 x 150, 297p. Hors table. 1897. Bien complet de sa carte couleur d\u00e9pliante en fin de volume sur l\u2019extension du christianisme vers l\u2019an 180. Texte sur deux colonnes. Int\u00e9rieur tr\u00e8s bon, propre, avec en marge de t\u00eate indications manuscrites &#8230; <a title=\"Histoire des origines du Christianisme. Index g\u00e9n\u00e9ral &#8211; Renan\" class=\"read-more\" href=\"https:\/\/www.livresentre2actions.fr\/fr_fr\/produit\/histoire-des-origines-du-christianisme-index-general-renan\/\" aria-label=\"En savoir plus sur Histoire des origines du Christianisme. Index g\u00e9n\u00e9ral &#8211; Renan\">Lire plus<\/a><\/p>\n","protected":false},"featured_media":9342,"template":"","meta":{"_eb_attr":""},"product_brand":[],"product_cat":[36,73,68],"product_tag":[],"class_list":{"0":"post-9341","1":"product","2":"type-product","3":"status-publish","4":"has-post-thumbnail","6":"product_cat-entre-le-xviiieme-et-le-xixeme-siecle","7":"product_cat-histoires-et-recits-de-voyage","8":"product_cat-religion-spiritualite","9":"sales-flash-overlay","10":"woocommerce-text-align-center","11":"woocommerce-image-align-center","12":"wc-has-gallery","14":"first","15":"instock","16":"taxable","17":"shipping-taxable","18":"purchasable","19":"product-type-simple"},"aioseo_notices":[],"_links":{"self":[{"href":"https:\/\/www.livresentre2actions.fr\/fr_fr\/wp-json\/wp\/v2\/product\/9341","targetHints":{"allow":["GET"]}}],"collection":[{"href":"https:\/\/www.livresentre2actions.fr\/fr_fr\/wp-json\/wp\/v2\/product"}],"about":[{"href":"https:\/\/www.livresentre2actions.fr\/fr_fr\/wp-json\/wp\/v2\/types\/product"}],"wp:featuredmedia":[{"embeddable":true,"href":"https:\/\/www.livresentre2actions.fr\/fr_fr\/wp-json\/wp\/v2\/media\/9342"}],"wp:attachment":[{"href":"https:\/\/www.livresentre2actions.fr\/fr_fr\/wp-json\/wp\/v2\/media?parent=9341"}],"wp:term":[{"taxonomy":"product_brand","embeddable":true,"href":"https:\/\/www.livresentre2actions.fr\/fr_fr\/wp-json\/wp\/v2\/product_brand?post=9341"},{"taxonomy":"product_cat","embeddable":true,"href":"https:\/\/www.livresentre2actions.fr\/fr_fr\/wp-json\/wp\/v2\/product_cat?post=9341"},{"taxonomy":"product_tag","embeddable":true,"href":"https:\/\/www.livresentre2actions.fr\/fr_fr\/wp-json\/wp\/v2\/product_tag?post=9341"}],"curies":[{"name":"wp","href":"https:\/\/api.w.org\/{rel}","templated":true}]}}