{"id":9270,"date":"2024-12-20T14:36:35","date_gmt":"2024-12-20T13:36:35","guid":{"rendered":"https:\/\/maquette.livresentre2actions.fr\/?post_type=product&#038;p=9270"},"modified":"2025-08-08T11:29:02","modified_gmt":"2025-08-08T09:29:02","slug":"histoire-des-fetes-civiles-et-religieuses-madame-clement-nee-hemery","status":"publish","type":"product","link":"https:\/\/www.livresentre2actions.fr\/fr_fr\/produit\/histoire-des-fetes-civiles-et-religieuses-madame-clement-nee-hemery\/","title":{"rendered":"Histoire des f\u00eates civiles et religieuses. Madame Cl\u00e9ment, n\u00e9e H\u00e9mery"},"content":{"rendered":"<p>Histoire des f\u00eates civiles et religieuses. Usages anciens et modernes du d\u00e9partement du Nord. A la suite\u00a0: F\u00eates civiles et religieuses. Usages anciens et modernes de la Belgique m\u00e9ridionale, Les Flandres Le Hainaut Le Brabant et d\u2019un petit nombre de villes de France<\/p>\n<p>C. Viroux, imprimeur-\u00e9diteur<\/p>\n<p>Demi-veau brun \u00e0 dos long, orn\u00e9 des auteur, titres et possiblement d\u2019un super-libris \u00ab\u00a0A. Bonvarlet\u00a0\u00bb, 219 x 140, Avesnes, 1845, premi\u00e8re \u00e9dition, deuxi\u00e8me tirage. Frontispice (planche d\u00e9pliante avec rousseurs mais ingt\u00e8gre\u00a0: F\u00eate communale de Cambrai), 450p. Suivi de F\u00eates civiles et religieuses. Usages anciens et modernes de la Belgique m\u00e9ridionale et d\u2019un petit nombre de villes de France, Avesnes, 1846, Premi\u00e8re \u00e9dition. Frontispice (planche 7). Avant-propos, 5p. Et 499p. Avec 6 planches de blasons hors texte, et 1 de partition et paroles de la chason \u00ab\u00a0El\u2019Doudou\u00a0\u00bb. Int\u00e9rieur avec rousseurs, mais propre. Plats, coins et champs frott\u00e9s mais int\u00e8gres. Mors frott\u00e9s avec \u00e9pidermures. Coiffe et queue (plus fortement) avec \u00e9pidermures. Dos avec griffes. Bel exemplaire bien ferme. A noter en contreplat sup\u00e9rieur un superbe ex-libris \u00ab\u00a0Vernet Ruiz\u00a0\u00bb sous forme de carte de l\u2019oise (Senlis etc.<\/p>\n","protected":false},"excerpt":{"rendered":"<p>Histoire des f\u00eates civiles et religieuses. Usages anciens et modernes du d\u00e9partement du Nord. A la suite\u00a0: F\u00eates civiles et religieuses. Usages anciens et modernes de la Belgique m\u00e9ridionale, Les Flandres Le Hainaut Le Brabant et d\u2019un petit nombre de villes de France C. Viroux, imprimeur-\u00e9diteur Demi-veau brun \u00e0 dos long, orn\u00e9 des auteur, titres &#8230; <a title=\"Histoire des f\u00eates civiles et religieuses. Madame Cl\u00e9ment, n\u00e9e H\u00e9mery\" class=\"read-more\" href=\"https:\/\/www.livresentre2actions.fr\/fr_fr\/produit\/histoire-des-fetes-civiles-et-religieuses-madame-clement-nee-hemery\/\" aria-label=\"En savoir plus sur Histoire des f\u00eates civiles et religieuses. Madame Cl\u00e9ment, n\u00e9e H\u00e9mery\">Lire plus<\/a><\/p>\n","protected":false},"featured_media":9271,"template":"","meta":{"_eb_attr":""},"product_brand":[],"product_cat":[36,81,73,68],"product_tag":[],"class_list":{"0":"post-9270","1":"product","2":"type-product","3":"status-publish","4":"has-post-thumbnail","6":"product_cat-entre-le-xviiieme-et-le-xixeme-siecle","7":"product_cat-hauts-de-france","8":"product_cat-histoires-et-recits-de-voyage","9":"product_cat-religion-spiritualite","10":"sales-flash-overlay","11":"woocommerce-text-align-center","12":"woocommerce-image-align-center","13":"wc-has-gallery","15":"first","16":"instock","17":"taxable","18":"shipping-taxable","19":"purchasable","20":"product-type-simple"},"aioseo_notices":[],"_links":{"self":[{"href":"https:\/\/www.livresentre2actions.fr\/fr_fr\/wp-json\/wp\/v2\/product\/9270","targetHints":{"allow":["GET"]}}],"collection":[{"href":"https:\/\/www.livresentre2actions.fr\/fr_fr\/wp-json\/wp\/v2\/product"}],"about":[{"href":"https:\/\/www.livresentre2actions.fr\/fr_fr\/wp-json\/wp\/v2\/types\/product"}],"wp:featuredmedia":[{"embeddable":true,"href":"https:\/\/www.livresentre2actions.fr\/fr_fr\/wp-json\/wp\/v2\/media\/9271"}],"wp:attachment":[{"href":"https:\/\/www.livresentre2actions.fr\/fr_fr\/wp-json\/wp\/v2\/media?parent=9270"}],"wp:term":[{"taxonomy":"product_brand","embeddable":true,"href":"https:\/\/www.livresentre2actions.fr\/fr_fr\/wp-json\/wp\/v2\/product_brand?post=9270"},{"taxonomy":"product_cat","embeddable":true,"href":"https:\/\/www.livresentre2actions.fr\/fr_fr\/wp-json\/wp\/v2\/product_cat?post=9270"},{"taxonomy":"product_tag","embeddable":true,"href":"https:\/\/www.livresentre2actions.fr\/fr_fr\/wp-json\/wp\/v2\/product_tag?post=9270"}],"curies":[{"name":"wp","href":"https:\/\/api.w.org\/{rel}","templated":true}]}}