{"id":9251,"date":"2024-12-20T14:24:40","date_gmt":"2024-12-20T13:24:40","guid":{"rendered":"https:\/\/maquette.livresentre2actions.fr\/?post_type=product&#038;p=9251"},"modified":"2025-01-31T11:39:13","modified_gmt":"2025-01-31T10:39:13","slug":"le-bon-jardinier-almanach-pour-lannee-1811","status":"publish","type":"product","link":"https:\/\/www.livresentre2actions.fr\/fr_fr\/produit\/le-bon-jardinier-almanach-pour-lannee-1811\/","title":{"rendered":"Le bon jardinier. Almanach pour l\u2019ann\u00e9e 1811."},"content":{"rendered":"<p>Le bon jardinier. Almanach pour l\u2019ann\u00e9e 1811. Contenant des Pr\u00e9ceptes g\u00e9n\u00e9raux de Culture, l&rsquo;Indication, mois par mois, des travaux \u00e0 faire dans les Jardins ; la Description, l&rsquo;Histoire et la Culture particuli\u00e8re. D\u00e9di\u00e9 et pr\u00e9sent\u00e9 \u00e0 Sa Majest\u00e9 l&rsquo;Imp\u00e9ratrice-Reine Jos\u00e9phine par M. de Launay<\/p>\n<p>M. de Launay &#8211; Chez Audot et Chez Rusand<\/p>\n<p>Plein veau marbr\u00e9 \u00e0 dos long orn\u00e9 du titre et tr\u00e8s richement d\u00e9cor\u00e9, champs orn\u00e9s, tranches jasp\u00e9es rouges, 176 x 100, 856p. 1811. Avant la lettre\u00a0: informations diverses (sur \u00e9clipses, saisons, zodiaque etc. et calendrier), 10p.\u00a0; Adresse \u00e0 l\u2019Imp\u00e9ratrice-Reine Jos\u00e9phine, et avertissement, pagin\u00e9s xvj-xx\u00a0; Connoissances pr\u00e9liminaires du jardinage, pp. xxj-xlij. Int\u00e9rieur propre et int\u00e8gre. Coins et champs frott\u00e9s, deux coins l\u00e9g\u00e8rement cogn\u00e9s et \u00e9mouss\u00e9s. Plats frott\u00e9s avec \u00e9pidermures (plus importantes en plat inf\u00e9rieur), dos en bel \u00e9tat avec \u00e9pidermures en coiffe et queue. Bel exemplaire. C\u00e9l\u00e8bre almanach fond\u00e9 en 1755 par Pons-Augustin Alletz qui le publia jusqu&rsquo;en 1781. Thomas-Fran\u00e7ois de Grace (1713-1798) le continua jusqu&rsquo;en 1796 (source\u00a0: Grand-Carteret), puis Mordant de Launay, l&rsquo;un des biblioth\u00e9caires du Mus\u00e9um d&rsquo;Histoire Naturelle. Almanach au grand succ\u00e8s qui a paru au moins jusqu&rsquo;en 1890.<\/p>\n","protected":false},"excerpt":{"rendered":"<p>Le bon jardinier. Almanach pour l\u2019ann\u00e9e 1811. Contenant des Pr\u00e9ceptes g\u00e9n\u00e9raux de Culture, l&rsquo;Indication, mois par mois, des travaux \u00e0 faire dans les Jardins ; la Description, l&rsquo;Histoire et la Culture particuli\u00e8re. D\u00e9di\u00e9 et pr\u00e9sent\u00e9 \u00e0 Sa Majest\u00e9 l&rsquo;Imp\u00e9ratrice-Reine Jos\u00e9phine par M. de Launay M. de Launay &#8211; Chez Audot et Chez Rusand Plein veau &#8230; <a title=\"Le bon jardinier. Almanach pour l\u2019ann\u00e9e 1811.\" class=\"read-more\" href=\"https:\/\/www.livresentre2actions.fr\/fr_fr\/produit\/le-bon-jardinier-almanach-pour-lannee-1811\/\" aria-label=\"En savoir plus sur Le bon jardinier. Almanach pour l\u2019ann\u00e9e 1811.\">Lire plus<\/a><\/p>\n","protected":false},"featured_media":9252,"template":"","meta":{"_eb_attr":""},"product_brand":[],"product_cat":[36,69],"product_tag":[],"class_list":{"0":"post-9251","1":"product","2":"type-product","3":"status-publish","4":"has-post-thumbnail","6":"product_cat-entre-le-xviiieme-et-le-xixeme-siecle","7":"product_cat-sciences-et-techniques","8":"sales-flash-overlay","9":"woocommerce-text-align-center","10":"woocommerce-image-align-center","11":"wc-has-gallery","13":"first","14":"instock","15":"taxable","16":"shipping-taxable","17":"purchasable","18":"product-type-simple"},"aioseo_notices":[],"_links":{"self":[{"href":"https:\/\/www.livresentre2actions.fr\/fr_fr\/wp-json\/wp\/v2\/product\/9251","targetHints":{"allow":["GET"]}}],"collection":[{"href":"https:\/\/www.livresentre2actions.fr\/fr_fr\/wp-json\/wp\/v2\/product"}],"about":[{"href":"https:\/\/www.livresentre2actions.fr\/fr_fr\/wp-json\/wp\/v2\/types\/product"}],"wp:featuredmedia":[{"embeddable":true,"href":"https:\/\/www.livresentre2actions.fr\/fr_fr\/wp-json\/wp\/v2\/media\/9252"}],"wp:attachment":[{"href":"https:\/\/www.livresentre2actions.fr\/fr_fr\/wp-json\/wp\/v2\/media?parent=9251"}],"wp:term":[{"taxonomy":"product_brand","embeddable":true,"href":"https:\/\/www.livresentre2actions.fr\/fr_fr\/wp-json\/wp\/v2\/product_brand?post=9251"},{"taxonomy":"product_cat","embeddable":true,"href":"https:\/\/www.livresentre2actions.fr\/fr_fr\/wp-json\/wp\/v2\/product_cat?post=9251"},{"taxonomy":"product_tag","embeddable":true,"href":"https:\/\/www.livresentre2actions.fr\/fr_fr\/wp-json\/wp\/v2\/product_tag?post=9251"}],"curies":[{"name":"wp","href":"https:\/\/api.w.org\/{rel}","templated":true}]}}