{"id":9223,"date":"2024-12-20T14:03:34","date_gmt":"2024-12-20T13:03:34","guid":{"rendered":"https:\/\/maquette.livresentre2actions.fr\/?post_type=product&#038;p=9223"},"modified":"2025-01-31T11:41:42","modified_gmt":"2025-01-31T10:41:42","slug":"les-commentaires-de-cesar-dans-la-traduction-de-n-perrot-sieur-dablancourt","status":"publish","type":"product","link":"https:\/\/www.livresentre2actions.fr\/fr_fr\/produit\/les-commentaires-de-cesar-dans-la-traduction-de-n-perrot-sieur-dablancourt\/","title":{"rendered":"Les commentaires de C\u00e9sar dans la traduction de N. Perrot, Sieur d\u2019Ablancourt"},"content":{"rendered":"<p>Nicolas Perrot d&rsquo;Ablancourt<\/p>\n<p>Chez Abraham Wolfgang<\/p>\n<p>Plein veau \u00e0 5 nerfs richement orn\u00e9 aux caissons et d\u2019une pi\u00e8ce de titre en maroquin lie de vin, tranches jasp\u00e9es, champs orn\u00e9s, 159 x 100, 444p. Hors table (31p.). 1678. Edition nouvelle revue et corrig\u00e9e. Avant la lettre\u00a0: frontispice, Epistre, 10p. , Pr\u00e9face, 7p. Avis au lecteur, 15p. Remarques sur la carte de l\u2019ancienne Gaule, tir\u00e9es des Commentaires de C\u00e9sar, par le Sieur Samson D\u2019Abbeville, g\u00e9ographe du Roy, pp.II-LX, et la carte d\u00e9pliante (int\u00e8gre). Comprend \u00e9galement une planche d\u00e9pliante (int\u00e8gre). Int\u00e9rieur propre, rousseurs marginales. Bel \u00e9tat de la reliure\u00a0: frottements et \u00e9pidermures en coins, champs et plats. Dos en tr\u00e8s bel \u00e9tat, \u00e9pidermures en coiffe et queue.<\/p>\n","protected":false},"excerpt":{"rendered":"<p>Nicolas Perrot d&rsquo;Ablancourt Chez Abraham Wolfgang Plein veau \u00e0 5 nerfs richement orn\u00e9 aux caissons et d\u2019une pi\u00e8ce de titre en maroquin lie de vin, tranches jasp\u00e9es, champs orn\u00e9s, 159 x 100, 444p. Hors table (31p.). 1678. Edition nouvelle revue et corrig\u00e9e. Avant la lettre\u00a0: frontispice, Epistre, 10p. , Pr\u00e9face, 7p. Avis au lecteur, 15p. &#8230; <a title=\"Les commentaires de C\u00e9sar dans la traduction de N. Perrot, Sieur d\u2019Ablancourt\" class=\"read-more\" href=\"https:\/\/www.livresentre2actions.fr\/fr_fr\/produit\/les-commentaires-de-cesar-dans-la-traduction-de-n-perrot-sieur-dablancourt\/\" aria-label=\"En savoir plus sur Les commentaires de C\u00e9sar dans la traduction de N. Perrot, Sieur d\u2019Ablancourt\">Lire plus<\/a><\/p>\n","protected":false},"featured_media":9224,"template":"","meta":{"_eb_attr":""},"product_brand":[],"product_cat":[35,73],"product_tag":[],"class_list":{"0":"post-9223","1":"product","2":"type-product","3":"status-publish","4":"has-post-thumbnail","6":"product_cat-jusquau-xviiemesiecle","7":"product_cat-histoires-et-recits-de-voyage","8":"sales-flash-overlay","9":"woocommerce-text-align-center","10":"woocommerce-image-align-center","11":"wc-has-gallery","13":"first","14":"instock","15":"taxable","16":"shipping-taxable","17":"purchasable","18":"product-type-simple"},"aioseo_notices":[],"_links":{"self":[{"href":"https:\/\/www.livresentre2actions.fr\/fr_fr\/wp-json\/wp\/v2\/product\/9223","targetHints":{"allow":["GET"]}}],"collection":[{"href":"https:\/\/www.livresentre2actions.fr\/fr_fr\/wp-json\/wp\/v2\/product"}],"about":[{"href":"https:\/\/www.livresentre2actions.fr\/fr_fr\/wp-json\/wp\/v2\/types\/product"}],"wp:featuredmedia":[{"embeddable":true,"href":"https:\/\/www.livresentre2actions.fr\/fr_fr\/wp-json\/wp\/v2\/media\/9224"}],"wp:attachment":[{"href":"https:\/\/www.livresentre2actions.fr\/fr_fr\/wp-json\/wp\/v2\/media?parent=9223"}],"wp:term":[{"taxonomy":"product_brand","embeddable":true,"href":"https:\/\/www.livresentre2actions.fr\/fr_fr\/wp-json\/wp\/v2\/product_brand?post=9223"},{"taxonomy":"product_cat","embeddable":true,"href":"https:\/\/www.livresentre2actions.fr\/fr_fr\/wp-json\/wp\/v2\/product_cat?post=9223"},{"taxonomy":"product_tag","embeddable":true,"href":"https:\/\/www.livresentre2actions.fr\/fr_fr\/wp-json\/wp\/v2\/product_tag?post=9223"}],"curies":[{"name":"wp","href":"https:\/\/api.w.org\/{rel}","templated":true}]}}