{"id":9213,"date":"2024-12-18T21:17:03","date_gmt":"2024-12-18T20:17:03","guid":{"rendered":"https:\/\/maquette.livresentre2actions.fr\/?post_type=product&#038;p=9213"},"modified":"2025-05-29T13:49:51","modified_gmt":"2025-05-29T11:49:51","slug":"nouveau-theatre-francois-francois-ii-roi-de-france-en-cinq-actes","status":"publish","type":"product","link":"https:\/\/www.livresentre2actions.fr\/fr_fr\/produit\/nouveau-theatre-francois-francois-ii-roi-de-france-en-cinq-actes\/","title":{"rendered":"Nouveau th\u00e9\u00e2tre fran\u00e7ois. Fran\u00e7ois II roi de France. En cinq actes"},"content":{"rendered":"<p>Non renseign\u00e9 [Charles-Jean-Fran\u00e7ois H\u00e9nault]<\/p>\n<p>Non renseign\u00e9 [Paris, Prault]<\/p>\n<p>In-8\u00b0 . Pleine reliure de basane marbr\u00e9e. Dos \u00e0 nerfs, orn\u00e9 de fers floraux aux caissons et de filets dor\u00e9s. Plats aux armes de la famille bourguignonne et solognote de Thiard de Bissy (d\u2019or \u00e0 trois \u00e9crevisses de gueules). Tranches jasp\u00e9es rouges, 191 x 130, 151p. 1767. Bien complet des feuillets liminaires de pr\u00e9face (14p.) et argument (2). Joli bandeau d\u2019ent\u00eate de l\u2019acte premier grav\u00e9 par le Genevois Soubeyran. Edition originale de cette pi\u00e8ce qui constitue le premier essai en France du drame historique \u00e0 la mani\u00e8re de Shakespeare dont se revendique d&rsquo;ailleurs l&rsquo;auteur dans sa pr\u00e9face.<\/p>\n","protected":false},"excerpt":{"rendered":"<p>Non renseign\u00e9 [Charles-Jean-Fran\u00e7ois H\u00e9nault] Non renseign\u00e9 [Paris, Prault] In-8\u00b0 . Pleine reliure de basane marbr\u00e9e. Dos \u00e0 nerfs, orn\u00e9 de fers floraux aux caissons et de filets dor\u00e9s. Plats aux armes de la famille bourguignonne et solognote de Thiard de Bissy (d\u2019or \u00e0 trois \u00e9crevisses de gueules). Tranches jasp\u00e9es rouges, 191 x 130, 151p. 1767. &#8230; <a title=\"Nouveau th\u00e9\u00e2tre fran\u00e7ois. Fran\u00e7ois II roi de France. En cinq actes\" class=\"read-more\" href=\"https:\/\/www.livresentre2actions.fr\/fr_fr\/produit\/nouveau-theatre-francois-francois-ii-roi-de-france-en-cinq-actes\/\" aria-label=\"En savoir plus sur Nouveau th\u00e9\u00e2tre fran\u00e7ois. Fran\u00e7ois II roi de France. En cinq actes\">Lire plus<\/a><\/p>\n","protected":false},"featured_media":9214,"template":"","meta":{"_eb_attr":""},"product_brand":[],"product_cat":[15,72],"product_tag":[],"class_list":{"0":"post-9213","1":"product","2":"type-product","3":"status-publish","4":"has-post-thumbnail","6":"product_cat-catalogue","7":"product_cat-divers","8":"sales-flash-overlay","9":"woocommerce-text-align-center","10":"woocommerce-image-align-center","11":"wc-has-gallery","13":"first","14":"outofstock","15":"taxable","16":"shipping-taxable","17":"purchasable","18":"product-type-simple"},"aioseo_notices":[],"_links":{"self":[{"href":"https:\/\/www.livresentre2actions.fr\/fr_fr\/wp-json\/wp\/v2\/product\/9213","targetHints":{"allow":["GET"]}}],"collection":[{"href":"https:\/\/www.livresentre2actions.fr\/fr_fr\/wp-json\/wp\/v2\/product"}],"about":[{"href":"https:\/\/www.livresentre2actions.fr\/fr_fr\/wp-json\/wp\/v2\/types\/product"}],"wp:featuredmedia":[{"embeddable":true,"href":"https:\/\/www.livresentre2actions.fr\/fr_fr\/wp-json\/wp\/v2\/media\/9214"}],"wp:attachment":[{"href":"https:\/\/www.livresentre2actions.fr\/fr_fr\/wp-json\/wp\/v2\/media?parent=9213"}],"wp:term":[{"taxonomy":"product_brand","embeddable":true,"href":"https:\/\/www.livresentre2actions.fr\/fr_fr\/wp-json\/wp\/v2\/product_brand?post=9213"},{"taxonomy":"product_cat","embeddable":true,"href":"https:\/\/www.livresentre2actions.fr\/fr_fr\/wp-json\/wp\/v2\/product_cat?post=9213"},{"taxonomy":"product_tag","embeddable":true,"href":"https:\/\/www.livresentre2actions.fr\/fr_fr\/wp-json\/wp\/v2\/product_tag?post=9213"}],"curies":[{"name":"wp","href":"https:\/\/api.w.org\/{rel}","templated":true}]}}