{"id":8919,"date":"2024-12-06T10:10:18","date_gmt":"2024-12-06T09:10:18","guid":{"rendered":"http:\/\/localhost\/livresentre2actions\/?post_type=product&#038;p=8919"},"modified":"2025-08-08T11:29:21","modified_gmt":"2025-08-08T09:29:21","slug":"tablettes-dhistoires-locales-emile-coet-4-volumes","status":"publish","type":"product","link":"https:\/\/www.livresentre2actions.fr\/fr_fr\/produit\/tablettes-dhistoires-locales-emile-coet-4-volumes\/","title":{"rendered":"Tablettes d\u2019histoires locales &#8211; Emile Co\u00ebt &#8211; 4 volumes"},"content":{"rendered":"<p>Imprimerie A. Mennecier<\/p>\n<p>Nouvelle s\u00e9rie, tome Premier.\u00a0Demi-veau havane, \u00e0 dos long orn\u00e9 de liser\u00e9s, motifs fleur de lys, frise en pied et des titre, auteur, s\u00e9rie et tomaison, et en pied ex-libris filigran\u00e9 Cl\u00e9mant, 175 x 117, 300p. Hors table. Nouvelle s\u00e9rie, Premier volume, 1894. Bien complet de son grand plan d\u00e9pliant int\u00e8gre, avec couleur, \u00ab\u00a0Plan figure et description du fief du grand et petit hostelle situ\u00e9 au village de Rocquemont\u00a0\u00bb (figurent notamment les seigneuries de Nully et de Rocquem. Int\u00e9rieur propre et int\u00e8gre. Dos frott\u00e9 avec \u00e9pidermures, plats insol\u00e9s. Bel exemplaire, bien ferme.<\/p>\n<p>Nouvelle s\u00e9rie, tome 2 &#8211;\u00a0Demi-veau havane, \u00e0 dos long orn\u00e9 de liser\u00e9s, motifs \u00e0 fleur de lys, frise en pied et des titre, auteur, s\u00e9rie et tomaison, et en pied ex-libris filigran\u00e9 Cl\u00e9mant, 175 x 117, 320p. Hors pi\u00e8ce justificative, pagin\u00e9e II-VIII, et table, ij-iij. 1895. Comprend 45 articles. Sommaire sur demande. Int\u00e9rieur propre et int\u00e8gre. Reliure insol\u00e9e et frott\u00e9e, mais en bel \u00e9tat. Bien ferme.<\/p>\n<p>Sixi\u00e8me partie &#8211;\u00a0Demi-veau havane, \u00e0 dos long orn\u00e9 de liser\u00e9s, motifs \u00e0 fleur de lys, frise en pied et des titre, auteur et tomaison, 218 x 145, 335p. Avec table. 1892. Comprend 77 articles. Complet de son Brevet de premier Conseiller Basoche de Compi\u00e8gne (rousseurs mais int\u00e8gre). Sommaire sur demande. Int\u00e9rieur propre et int\u00e8gre. Reliure insol\u00e9e et frott\u00e9e, mais en bel \u00e9tat. Epidermures en coiffe et queue. Champs de plat inf\u00e9rieur avec petit manque. Bien ferme.<\/p>\n<p>Septi\u00e8me volume &#8211;\u00a0Demi-veau havane, \u00e0 dos long orn\u00e9 de liser\u00e9s, motifs \u00e0 fleur de lys, frise en pied et des titre, auteur et tomaison, 218 x 145, 351p. Avec table. 1894. Comprend 67 articles. 4 planches hors texte. Sommaire sur demande. Int\u00e9rieur propre et int\u00e8gre. Reliure insol\u00e9e et frott\u00e9e, mais en bel \u00e9tat. Bien ferme.<\/p>\n","protected":false},"excerpt":{"rendered":"<p>Imprimerie A. Mennecier Nouvelle s\u00e9rie, tome Premier.\u00a0Demi-veau havane, \u00e0 dos long orn\u00e9 de liser\u00e9s, motifs fleur de lys, frise en pied et des titre, auteur, s\u00e9rie et tomaison, et en pied ex-libris filigran\u00e9 Cl\u00e9mant, 175 x 117, 300p. Hors table. Nouvelle s\u00e9rie, Premier volume, 1894. Bien complet de son grand plan d\u00e9pliant int\u00e8gre, avec couleur, &#8230; <a title=\"Tablettes d\u2019histoires locales &#8211; Emile Co\u00ebt &#8211; 4 volumes\" class=\"read-more\" href=\"https:\/\/www.livresentre2actions.fr\/fr_fr\/produit\/tablettes-dhistoires-locales-emile-coet-4-volumes\/\" aria-label=\"En savoir plus sur Tablettes d\u2019histoires locales &#8211; Emile Co\u00ebt &#8211; 4 volumes\">Lire plus<\/a><\/p>\n","protected":false},"featured_media":9044,"template":"","meta":{"_eb_attr":""},"product_brand":[],"product_cat":[15,81,73],"product_tag":[],"class_list":{"0":"post-8919","1":"product","2":"type-product","3":"status-publish","4":"has-post-thumbnail","6":"product_cat-catalogue","7":"product_cat-hauts-de-france","8":"product_cat-histoires-et-recits-de-voyage","9":"sales-flash-overlay","10":"woocommerce-text-align-center","11":"woocommerce-image-align-center","12":"wc-has-gallery","14":"first","15":"instock","16":"taxable","17":"shipping-taxable","18":"purchasable","19":"product-type-simple"},"aioseo_notices":[],"_links":{"self":[{"href":"https:\/\/www.livresentre2actions.fr\/fr_fr\/wp-json\/wp\/v2\/product\/8919","targetHints":{"allow":["GET"]}}],"collection":[{"href":"https:\/\/www.livresentre2actions.fr\/fr_fr\/wp-json\/wp\/v2\/product"}],"about":[{"href":"https:\/\/www.livresentre2actions.fr\/fr_fr\/wp-json\/wp\/v2\/types\/product"}],"wp:featuredmedia":[{"embeddable":true,"href":"https:\/\/www.livresentre2actions.fr\/fr_fr\/wp-json\/wp\/v2\/media\/9044"}],"wp:attachment":[{"href":"https:\/\/www.livresentre2actions.fr\/fr_fr\/wp-json\/wp\/v2\/media?parent=8919"}],"wp:term":[{"taxonomy":"product_brand","embeddable":true,"href":"https:\/\/www.livresentre2actions.fr\/fr_fr\/wp-json\/wp\/v2\/product_brand?post=8919"},{"taxonomy":"product_cat","embeddable":true,"href":"https:\/\/www.livresentre2actions.fr\/fr_fr\/wp-json\/wp\/v2\/product_cat?post=8919"},{"taxonomy":"product_tag","embeddable":true,"href":"https:\/\/www.livresentre2actions.fr\/fr_fr\/wp-json\/wp\/v2\/product_tag?post=8919"}],"curies":[{"name":"wp","href":"https:\/\/api.w.org\/{rel}","templated":true}]}}