{"id":8918,"date":"2024-12-06T10:10:18","date_gmt":"2024-12-06T09:10:18","guid":{"rendered":"http:\/\/localhost\/livresentre2actions\/?post_type=product&#038;p=8918"},"modified":"2026-01-25T09:33:45","modified_gmt":"2026-01-25T08:33:45","slug":"le-pigeon-histoire-naturelle-eugene-gayot","status":"publish","type":"product","link":"https:\/\/www.livresentre2actions.fr\/fr_fr\/produit\/le-pigeon-histoire-naturelle-eugene-gayot\/","title":{"rendered":"Le pigeon. Histoire naturelle. Eug\u00e8ne Gayot"},"content":{"rendered":"<p>Race d\u2019utilit\u00e9 et d\u2019amateurs. Reproduction \u2013 \u00c9ducation \u2013 Hygi\u00e8ne \u2013 Maladies \u2013 \u00c9coles de tir<\/p>\n<p>E. Dentu \u00e9diteurs<\/p>\n<p>Broch\u00e9, 188 x 122, 340p. Avec table. 1876. Premi\u00e8re \u00e9dition. Non coup\u00e9 \u00e0 partir de la p325. In fine : un extrait du catalogue de l\u2019\u00e9diteur. Int\u00e9rieur avec rousseurs. Une trace de restauration en page de garde. Couvertures et dos l\u00e9g\u00e8rement insol\u00e9s ; trace de restauration en couverture ; une petite d\u00e9chirure sans manque en pied de dos, et un tr\u00e8s petit manque en pied de dos. Rousseurs.<\/p>\n","protected":false},"excerpt":{"rendered":"<p>Race d\u2019utilit\u00e9 et d\u2019amateurs. Reproduction \u2013 \u00c9ducation \u2013 Hygi\u00e8ne \u2013 Maladies \u2013 \u00c9coles de tir E. Dentu \u00e9diteurs Broch\u00e9, 188 x 122, 340p. Avec table. 1876. Premi\u00e8re \u00e9dition. Non coup\u00e9 \u00e0 partir de la p325. In fine : un extrait du catalogue de l\u2019\u00e9diteur. Int\u00e9rieur avec rousseurs. Une trace de restauration en page de garde. &#8230; <a title=\"Le pigeon. Histoire naturelle. Eug\u00e8ne Gayot\" class=\"read-more\" href=\"https:\/\/www.livresentre2actions.fr\/fr_fr\/produit\/le-pigeon-histoire-naturelle-eugene-gayot\/\" aria-label=\"En savoir plus sur Le pigeon. Histoire naturelle. Eug\u00e8ne Gayot\">Lire plus<\/a><\/p>\n","protected":false},"featured_media":0,"template":"","meta":{"_eb_attr":""},"product_brand":[],"product_cat":[36,70],"product_tag":[],"class_list":{"0":"post-8918","1":"product","2":"type-product","3":"status-publish","5":"product_cat-entre-le-xviiieme-et-le-xixeme-siecle","6":"product_cat-medecine-et-nature","7":"sales-flash-overlay","8":"woocommerce-text-align-center","9":"woocommerce-image-align-center","11":"first","12":"outofstock","13":"taxable","14":"shipping-taxable","15":"purchasable","16":"product-type-simple"},"aioseo_notices":[],"_links":{"self":[{"href":"https:\/\/www.livresentre2actions.fr\/fr_fr\/wp-json\/wp\/v2\/product\/8918","targetHints":{"allow":["GET"]}}],"collection":[{"href":"https:\/\/www.livresentre2actions.fr\/fr_fr\/wp-json\/wp\/v2\/product"}],"about":[{"href":"https:\/\/www.livresentre2actions.fr\/fr_fr\/wp-json\/wp\/v2\/types\/product"}],"wp:attachment":[{"href":"https:\/\/www.livresentre2actions.fr\/fr_fr\/wp-json\/wp\/v2\/media?parent=8918"}],"wp:term":[{"taxonomy":"product_brand","embeddable":true,"href":"https:\/\/www.livresentre2actions.fr\/fr_fr\/wp-json\/wp\/v2\/product_brand?post=8918"},{"taxonomy":"product_cat","embeddable":true,"href":"https:\/\/www.livresentre2actions.fr\/fr_fr\/wp-json\/wp\/v2\/product_cat?post=8918"},{"taxonomy":"product_tag","embeddable":true,"href":"https:\/\/www.livresentre2actions.fr\/fr_fr\/wp-json\/wp\/v2\/product_tag?post=8918"}],"curies":[{"name":"wp","href":"https:\/\/api.w.org\/{rel}","templated":true}]}}