{"id":8890,"date":"2024-12-06T10:09:49","date_gmt":"2024-12-06T09:09:49","guid":{"rendered":"http:\/\/localhost\/livresentre2actions\/?post_type=product&#038;p=8890"},"modified":"2025-01-31T11:46:31","modified_gmt":"2025-01-31T10:46:31","slug":"opera-in-tres-tomos-distributa-r-p-pauli-layman","status":"publish","type":"product","link":"https:\/\/www.livresentre2actions.fr\/fr_fr\/produit\/opera-in-tres-tomos-distributa-r-p-pauli-layman\/","title":{"rendered":"Opera in tr\u00e8s tomos distributa. R.P. Pauli Layman"},"content":{"rendered":"<p>3 tomes en un volume<\/p>\n<p>Hieronymi de la Garde<\/p>\n<p>In-folio pleine, dos \u00e0 nerfs, orn\u00e9 du titre et aux caissons, 380 x 250, TI et TII, Theologiam moralem complestuntur. TIII, Quaestiones canonicas continet. Theologia Moralis, tomus primus, 1664. 528p. Tomus secundus, 1664. Edition novissima, prioribus emendatior. Vignette au titre all\u00e9gorique et blasonn\u00e9e,et identique aux deux pages de titre. Titre rouge et noir pour le TI. TI, avec Adresse \u00e0 D. Antonio de Neufville, Table des chapitres des cinq livres, Approbation, 7p. Puis le texte. Tomus secundus, pagin\u00e9 531-1016. Suivi de la table alphab\u00e9tique des mati\u00e8res, non pagin\u00e9, 93p. Enfin, Tomus tertius, Quaestiones canonicae 96p. 1664. Index rerum et verborum, 15p. 5 ent\u00eates, 2 lettrines, 2 cul-de-lampe. Texte sur deux colonnes. Int\u00e9rieur avec rousseurs variables\u00a0; une tache d\u2019encre dans le texte\u00a0; des mouillures et pliures marginales\u00a0; quelques trous de vers en marge sup\u00e9rieur. Reliure tr\u00e8s abim\u00e9e\u00a0: coins et champs \u00e9mouss\u00e9s avec manques\u00a0; plats frott\u00e9s avec griffes et manques\u00a0; dos frott\u00e9 et sec, cassant, avec d\u00e9chirures et manques, semblant de restauration, coiffe et queue manquantes.<\/p>\n","protected":false},"excerpt":{"rendered":"<p>3 tomes en un volume Hieronymi de la Garde In-folio pleine, dos \u00e0 nerfs, orn\u00e9 du titre et aux caissons, 380 x 250, TI et TII, Theologiam moralem complestuntur. TIII, Quaestiones canonicas continet. Theologia Moralis, tomus primus, 1664. 528p. Tomus secundus, 1664. Edition novissima, prioribus emendatior. Vignette au titre all\u00e9gorique et blasonn\u00e9e,et identique aux deux &#8230; <a title=\"Opera in tr\u00e8s tomos distributa. R.P. Pauli Layman\" class=\"read-more\" href=\"https:\/\/www.livresentre2actions.fr\/fr_fr\/produit\/opera-in-tres-tomos-distributa-r-p-pauli-layman\/\" aria-label=\"En savoir plus sur Opera in tr\u00e8s tomos distributa. R.P. Pauli Layman\">Lire plus<\/a><\/p>\n","protected":false},"featured_media":8970,"template":"","meta":{"_eb_attr":""},"product_brand":[],"product_cat":[35,68],"product_tag":[],"class_list":{"0":"post-8890","1":"product","2":"type-product","3":"status-publish","4":"has-post-thumbnail","6":"product_cat-jusquau-xviiemesiecle","7":"product_cat-religion-spiritualite","8":"sales-flash-overlay","9":"woocommerce-text-align-center","10":"woocommerce-image-align-center","11":"wc-has-gallery","13":"first","14":"instock","15":"taxable","16":"shipping-taxable","17":"purchasable","18":"product-type-simple"},"aioseo_notices":[],"_links":{"self":[{"href":"https:\/\/www.livresentre2actions.fr\/fr_fr\/wp-json\/wp\/v2\/product\/8890","targetHints":{"allow":["GET"]}}],"collection":[{"href":"https:\/\/www.livresentre2actions.fr\/fr_fr\/wp-json\/wp\/v2\/product"}],"about":[{"href":"https:\/\/www.livresentre2actions.fr\/fr_fr\/wp-json\/wp\/v2\/types\/product"}],"wp:featuredmedia":[{"embeddable":true,"href":"https:\/\/www.livresentre2actions.fr\/fr_fr\/wp-json\/wp\/v2\/media\/8970"}],"wp:attachment":[{"href":"https:\/\/www.livresentre2actions.fr\/fr_fr\/wp-json\/wp\/v2\/media?parent=8890"}],"wp:term":[{"taxonomy":"product_brand","embeddable":true,"href":"https:\/\/www.livresentre2actions.fr\/fr_fr\/wp-json\/wp\/v2\/product_brand?post=8890"},{"taxonomy":"product_cat","embeddable":true,"href":"https:\/\/www.livresentre2actions.fr\/fr_fr\/wp-json\/wp\/v2\/product_cat?post=8890"},{"taxonomy":"product_tag","embeddable":true,"href":"https:\/\/www.livresentre2actions.fr\/fr_fr\/wp-json\/wp\/v2\/product_tag?post=8890"}],"curies":[{"name":"wp","href":"https:\/\/api.w.org\/{rel}","templated":true}]}}