{"id":8871,"date":"2024-12-06T10:09:29","date_gmt":"2024-12-06T09:09:29","guid":{"rendered":"http:\/\/localhost\/livresentre2actions\/?post_type=product&#038;p=8871"},"modified":"2025-08-27T12:27:44","modified_gmt":"2025-08-27T10:27:44","slug":"les-lettres-de-monsieur-de-grandcru-signe","status":"publish","type":"product","link":"https:\/\/www.livresentre2actions.fr\/fr_fr\/produit\/les-lettres-de-monsieur-de-grandcru-signe\/","title":{"rendered":"Les lettres de monsieur de Grandcru &#8211; Sign\u00e9"},"content":{"rendered":"<p>Cl\u00e9ment Morraye, Nojorkam (ill)<\/p>\n<p>Louis Desmet-Verteneuil \u00e9diteur<\/p>\n<p>Les lettres de monsieur de Grandcru ou la science exacte et souriante des grands vins. Broch\u00e9 \u00e0 rabats, 271 x 211, 332p. Avec table. Illustr\u00e9 par Nojorkam ( pseudonyme de Schepens Norbert Joris Kamiel.). 1946. Exemplaire num\u00e9rot\u00e9 2150 (sur 2300), un des 2250 sur v\u00e9lin pur fil. Exemplaire enrichi en page de faux-titre d\u2019un bel envoi de l\u2019auteur sign\u00e9 et dat\u00e9 \u00e0 l\u2019ambassadeur de France Jean Rivi\u00e8re [1897-1962, Diplomate. Chef du service des \u0153uvres en 1941. Mis en disponibilit\u00e9 par le gouvernement de Vichy en septembre 1943, il repr\u00e9sentait la France \u00e0 Dublin, La Haye, Prague (1949-1952), Bruxelles (1952-1956), puis Lisbonne avec le titre d&rsquo;ambassadeur extraordinaire et pl\u00e9nipotentiaire.]. Non coup\u00e9 \u00e0 partir de la page 65. Avec 21 pleines pages couleurs outre la page de titre, dont 4 cartes dessin\u00e9es couleur. Int\u00e9rieur tr\u00e8s bon, avec tr\u00e8s rares points de rousseurs en d\u00e9but de volume. Rousseurs sur la tranche de t\u00eate. Couvertures et dos tr\u00e8s bons, quelques rares points roux. Bel exemplaire, bien ferme.<\/p>\n","protected":false},"excerpt":{"rendered":"<p>Cl\u00e9ment Morraye, Nojorkam (ill) Louis Desmet-Verteneuil \u00e9diteur Les lettres de monsieur de Grandcru ou la science exacte et souriante des grands vins. Broch\u00e9 \u00e0 rabats, 271 x 211, 332p. Avec table. Illustr\u00e9 par Nojorkam ( pseudonyme de Schepens Norbert Joris Kamiel.). 1946. Exemplaire num\u00e9rot\u00e9 2150 (sur 2300), un des 2250 sur v\u00e9lin pur fil. Exemplaire &#8230; <a title=\"Les lettres de monsieur de Grandcru &#8211; Sign\u00e9\" class=\"read-more\" href=\"https:\/\/www.livresentre2actions.fr\/fr_fr\/produit\/les-lettres-de-monsieur-de-grandcru-signe\/\" aria-label=\"En savoir plus sur Les lettres de monsieur de Grandcru &#8211; Sign\u00e9\">Lire plus<\/a><\/p>\n","protected":false},"featured_media":14731,"template":"","meta":{"_eb_attr":""},"product_brand":[],"product_cat":[37,83,72,71],"product_tag":[87],"class_list":{"0":"post-8871","1":"product","2":"type-product","3":"status-publish","4":"has-post-thumbnail","6":"product_cat-a-partir-du-xxeme-siecle","7":"product_cat-culinaria-cuisine-divers","8":"product_cat-divers","9":"product_cat-illustres-modernes-editions-originales-signees-numerotees","10":"product_tag-signe","11":"sales-flash-overlay","12":"woocommerce-text-align-center","13":"woocommerce-image-align-center","14":"wc-has-gallery","16":"first","17":"instock","18":"taxable","19":"shipping-taxable","20":"purchasable","21":"product-type-simple"},"aioseo_notices":[],"_links":{"self":[{"href":"https:\/\/www.livresentre2actions.fr\/fr_fr\/wp-json\/wp\/v2\/product\/8871","targetHints":{"allow":["GET"]}}],"collection":[{"href":"https:\/\/www.livresentre2actions.fr\/fr_fr\/wp-json\/wp\/v2\/product"}],"about":[{"href":"https:\/\/www.livresentre2actions.fr\/fr_fr\/wp-json\/wp\/v2\/types\/product"}],"wp:featuredmedia":[{"embeddable":true,"href":"https:\/\/www.livresentre2actions.fr\/fr_fr\/wp-json\/wp\/v2\/media\/14731"}],"wp:attachment":[{"href":"https:\/\/www.livresentre2actions.fr\/fr_fr\/wp-json\/wp\/v2\/media?parent=8871"}],"wp:term":[{"taxonomy":"product_brand","embeddable":true,"href":"https:\/\/www.livresentre2actions.fr\/fr_fr\/wp-json\/wp\/v2\/product_brand?post=8871"},{"taxonomy":"product_cat","embeddable":true,"href":"https:\/\/www.livresentre2actions.fr\/fr_fr\/wp-json\/wp\/v2\/product_cat?post=8871"},{"taxonomy":"product_tag","embeddable":true,"href":"https:\/\/www.livresentre2actions.fr\/fr_fr\/wp-json\/wp\/v2\/product_tag?post=8871"}],"curies":[{"name":"wp","href":"https:\/\/api.w.org\/{rel}","templated":true}]}}