{"id":8429,"date":"2024-12-06T09:47:53","date_gmt":"2024-12-06T08:47:53","guid":{"rendered":"http:\/\/localhost\/livresentre2actions\/?post_type=product&#038;p=8429"},"modified":"2025-08-01T20:00:08","modified_gmt":"2025-08-01T18:00:08","slug":"genealogie-viginti-illustrium-in-italia-familiarum-in-tres-classes","status":"publish","type":"product","link":"https:\/\/www.livresentre2actions.fr\/fr_fr\/produit\/genealogie-viginti-illustrium-in-italia-familiarum-in-tres-classes\/","title":{"rendered":"Genealogie viginti illustrium in Italia familiarum in tres classes"},"content":{"rendered":"<p>Genealogie viginti illustrium in Italia familiarum in tres classes. Secundum totidem Italiae Regiones Superiorem, Mediam &amp; Inferiorem divisae &amp; Exegesi Historica Petua. Illustratae Insigniumque Iconibus exornatatae Studio ac Opera<\/p>\n<p>J. W. Imhoff &#8211; Forni editore<\/p>\n<p>Cartonnage \u00e9diteur simili percaline orange \u00e0 dos long orn\u00e9 des titre, auteur, \u00e9diteur, 322 x 230, 342p. Suivi de Index alphabeticus. Suivi de Viri illustris Danielis de Mediolano vicecomitis, \u2026, epistolae duae ad autorem operis superioris scriptae tabulisque genealogicis\u2026, pagin\u00e9 1 \u00e0 14. Bologne, 1973. Reprint de l\u2019\u00e9dition \u00a0Ex officina Chatelain. De 1710. Avec vignette au titre, grand portrait grav\u00e9 de l\u2019auteur en frontispice (grav. par Thomas de Leu\u00a0ou\u00a0Leeuw), lettrines, tableaux g\u00e9n\u00e9alogiques, blasons. Ex-libris Olivier Le Bas. aux armes et devise en contreplat, num\u00e9rot\u00e9. Int\u00e9rieur tr\u00e8s bon, propre et int\u00e8gre. Except\u00e9 les deux coins de t\u00eate l\u00e9g\u00e8rement cogn\u00e9s, la reliure est propre et int\u00e8gre. Bel exemplaire.<\/p>\n","protected":false},"excerpt":{"rendered":"<p>Genealogie viginti illustrium in Italia familiarum in tres classes. Secundum totidem Italiae Regiones Superiorem, Mediam &amp; Inferiorem divisae &amp; Exegesi Historica Petua. Illustratae Insigniumque Iconibus exornatatae Studio ac Opera J. W. Imhoff &#8211; Forni editore Cartonnage \u00e9diteur simili percaline orange \u00e0 dos long orn\u00e9 des titre, auteur, \u00e9diteur, 322 x 230, 342p. Suivi de Index &#8230; <a title=\"Genealogie viginti illustrium in Italia familiarum in tres classes\" class=\"read-more\" href=\"https:\/\/www.livresentre2actions.fr\/fr_fr\/produit\/genealogie-viginti-illustrium-in-italia-familiarum-in-tres-classes\/\" aria-label=\"En savoir plus sur Genealogie viginti illustrium in Italia familiarum in tres classes\">Lire plus<\/a><\/p>\n","protected":false},"featured_media":8844,"template":"","meta":{"_eb_attr":""},"product_brand":[],"product_cat":[37,72,85,73],"product_tag":[],"class_list":{"0":"post-8429","1":"product","2":"type-product","3":"status-publish","4":"has-post-thumbnail","6":"product_cat-a-partir-du-xxeme-siecle","7":"product_cat-divers","8":"product_cat-heraldisme-numismatique","9":"product_cat-histoires-et-recits-de-voyage","10":"sales-flash-overlay","11":"woocommerce-text-align-center","12":"woocommerce-image-align-center","13":"wc-has-gallery","15":"first","16":"instock","17":"taxable","18":"shipping-taxable","19":"purchasable","20":"product-type-simple"},"aioseo_notices":[],"_links":{"self":[{"href":"https:\/\/www.livresentre2actions.fr\/fr_fr\/wp-json\/wp\/v2\/product\/8429","targetHints":{"allow":["GET"]}}],"collection":[{"href":"https:\/\/www.livresentre2actions.fr\/fr_fr\/wp-json\/wp\/v2\/product"}],"about":[{"href":"https:\/\/www.livresentre2actions.fr\/fr_fr\/wp-json\/wp\/v2\/types\/product"}],"wp:featuredmedia":[{"embeddable":true,"href":"https:\/\/www.livresentre2actions.fr\/fr_fr\/wp-json\/wp\/v2\/media\/8844"}],"wp:attachment":[{"href":"https:\/\/www.livresentre2actions.fr\/fr_fr\/wp-json\/wp\/v2\/media?parent=8429"}],"wp:term":[{"taxonomy":"product_brand","embeddable":true,"href":"https:\/\/www.livresentre2actions.fr\/fr_fr\/wp-json\/wp\/v2\/product_brand?post=8429"},{"taxonomy":"product_cat","embeddable":true,"href":"https:\/\/www.livresentre2actions.fr\/fr_fr\/wp-json\/wp\/v2\/product_cat?post=8429"},{"taxonomy":"product_tag","embeddable":true,"href":"https:\/\/www.livresentre2actions.fr\/fr_fr\/wp-json\/wp\/v2\/product_tag?post=8429"}],"curies":[{"name":"wp","href":"https:\/\/api.w.org\/{rel}","templated":true}]}}