{"id":8291,"date":"2024-12-06T09:45:27","date_gmt":"2024-12-06T08:45:27","guid":{"rendered":"http:\/\/localhost\/livresentre2actions\/?post_type=product&#038;p=8291"},"modified":"2025-08-28T18:50:14","modified_gmt":"2025-08-28T16:50:14","slug":"die-pest-in-bergamo-jens-peter-jacobsen-alois-kolb-ill","status":"publish","type":"product","link":"https:\/\/www.livresentre2actions.fr\/fr_fr\/produit\/die-pest-in-bergamo-jens-peter-jacobsen-alois-kolb-ill\/","title":{"rendered":"Die Pest in Bergamo &#8211; Jens Peter Jacobsen \/ Alois Kolb, ill."},"content":{"rendered":"<p>Avalun-Verlag<\/p>\n<p>Petit in-folio (30,5 x 23,5 cm) sous embo\u00eetage \u00e0 rayures bleues et cuivre un peu moir\u00e9es, pleine peau retourn\u00e9e blonde \u00e0 bords recouvrant, dos long orn\u00e9 du titre et deux frises dans un style art d\u00e9co, tranche de t\u00eate dor\u00e9e, plats orn\u00e9es d\u2019un filer dor\u00e9e ondul\u00e9 (efface en plat inf\u00e9rieur), joli papier en garde et contreplats dans un style art d\u00e9co, signet de soie mauve, non pagin\u00e9, 1922. 2 feuillets blancs, feuillet \u00e9diteur et achever d\u2019imprimer, faux-titre, titre grav\u00e9, suivi des 14 feuillets de l\u2019oeuvre. Puis justification du tirage, et 2 feuillets blanc. Edition originale num\u00e9rot\u00e9e 69 sur quatre cents exemplaires dans la traduction de Leo Johannes Feddersen. Ce tirage est justifi\u00e9 pleine peau aux gravures pleine page sign\u00e9es par l\u2019artiste \u00e0 la main. Titre grav\u00e9 et onze gravures originales, imprim\u00e9es sous la direction de l&rsquo;artiste sur la presse \u00e0 main de l&rsquo;Acad\u00e9mie d&rsquo;\u00c9tat des arts graphiques et du commerce du livre \u00e0 Leipzig. R\u00e9parties comme suit\u00a0: 5 gravures pleine page sign\u00e9es, et 1 ent\u00eate, 1 petite vignette et une lettrine, et trois grandes vignettes dans le texte. La composition et l&rsquo;impression du texte ont \u00e9t\u00e9 r\u00e9alis\u00e9es au Walbaum-Antiqua sur du papier fait main sous la direction du professeur Georg A. Mather dans les ateliers de l&rsquo;Acad\u00e9mie d&rsquo;Etat. Toutes les reliures sont faites \u00e0 la main dans l&rsquo;atelier de H. Sperling \u00e0 Leipzig. Int\u00e9rieur impeccable, propre et int\u00e8gre. Peau en bel \u00e9tat, frott\u00e9 avec l\u00e9g\u00e8res \u00e9pidermures et rares taches. Dos l\u00e9g\u00e8rement frott\u00e9 mais en bel \u00e9tat. Embo\u00eetage l\u00e9g\u00e8rement insol\u00e9 et frott\u00e9 avec petites d\u00e9chirures aux angles, et un petit enfoncement au dos.<\/p>\n","protected":false},"excerpt":{"rendered":"<p>Avalun-Verlag Petit in-folio (30,5 x 23,5 cm) sous embo\u00eetage \u00e0 rayures bleues et cuivre un peu moir\u00e9es, pleine peau retourn\u00e9e blonde \u00e0 bords recouvrant, dos long orn\u00e9 du titre et deux frises dans un style art d\u00e9co, tranche de t\u00eate dor\u00e9e, plats orn\u00e9es d\u2019un filer dor\u00e9e ondul\u00e9 (efface en plat inf\u00e9rieur), joli papier en garde &#8230; <a title=\"Die Pest in Bergamo &#8211; Jens Peter Jacobsen \/ Alois Kolb, ill.\" class=\"read-more\" href=\"https:\/\/www.livresentre2actions.fr\/fr_fr\/produit\/die-pest-in-bergamo-jens-peter-jacobsen-alois-kolb-ill\/\" aria-label=\"En savoir plus sur Die Pest in Bergamo &#8211; Jens Peter Jacobsen \/ Alois Kolb, ill.\">Lire plus<\/a><\/p>\n","protected":false},"featured_media":8745,"template":"","meta":{"_eb_attr":""},"product_brand":[],"product_cat":[15,37,71,76],"product_tag":[86,87,95],"class_list":{"0":"post-8291","1":"product","2":"type-product","3":"status-publish","4":"has-post-thumbnail","6":"product_cat-catalogue","7":"product_cat-a-partir-du-xxeme-siecle","8":"product_cat-illustres-modernes-editions-originales-signees-numerotees","9":"product_cat-poesie-theatre-prose","10":"product_tag-illustre","11":"product_tag-signe","12":"product_tag-reliure","13":"sales-flash-overlay","14":"woocommerce-text-align-center","15":"woocommerce-image-align-center","16":"wc-has-gallery","18":"first","19":"instock","20":"taxable","21":"shipping-taxable","22":"purchasable","23":"product-type-simple"},"aioseo_notices":[],"_links":{"self":[{"href":"https:\/\/www.livresentre2actions.fr\/fr_fr\/wp-json\/wp\/v2\/product\/8291","targetHints":{"allow":["GET"]}}],"collection":[{"href":"https:\/\/www.livresentre2actions.fr\/fr_fr\/wp-json\/wp\/v2\/product"}],"about":[{"href":"https:\/\/www.livresentre2actions.fr\/fr_fr\/wp-json\/wp\/v2\/types\/product"}],"wp:featuredmedia":[{"embeddable":true,"href":"https:\/\/www.livresentre2actions.fr\/fr_fr\/wp-json\/wp\/v2\/media\/8745"}],"wp:attachment":[{"href":"https:\/\/www.livresentre2actions.fr\/fr_fr\/wp-json\/wp\/v2\/media?parent=8291"}],"wp:term":[{"taxonomy":"product_brand","embeddable":true,"href":"https:\/\/www.livresentre2actions.fr\/fr_fr\/wp-json\/wp\/v2\/product_brand?post=8291"},{"taxonomy":"product_cat","embeddable":true,"href":"https:\/\/www.livresentre2actions.fr\/fr_fr\/wp-json\/wp\/v2\/product_cat?post=8291"},{"taxonomy":"product_tag","embeddable":true,"href":"https:\/\/www.livresentre2actions.fr\/fr_fr\/wp-json\/wp\/v2\/product_tag?post=8291"}],"curies":[{"name":"wp","href":"https:\/\/api.w.org\/{rel}","templated":true}]}}