{"id":8114,"date":"2024-12-06T09:42:35","date_gmt":"2024-12-06T08:42:35","guid":{"rendered":"http:\/\/localhost\/livresentre2actions\/?post_type=product&#038;p=8114"},"modified":"2025-08-25T14:20:23","modified_gmt":"2025-08-25T12:20:23","slug":"les-trois-couleurs-georges-montorgueil-job-ill","status":"publish","type":"product","link":"https:\/\/www.livresentre2actions.fr\/fr_fr\/produit\/les-trois-couleurs-georges-montorgueil-job-ill\/","title":{"rendered":"Les trois couleurs &#8211; Georges Montorgueil \/ Job (ill.)"},"content":{"rendered":"<p>Librairie F\u00e9lix Juven<\/p>\n<p>Pleine percaline illustr\u00e9e couleur sign\u00e9e Paul Souze, \u00e0 dos long orn\u00e9 du titre, toutes tranches rouges, 360 x 290, sans date. Non pagin\u00e9. (74p.) Int\u00e9rieur tr\u00e8s bon, propre\u00a0: en p.5-6 \u00e9pidermure du papier dans l\u2019illustration \u00e0 la charni\u00e8re\u00a0; un bloc de 16p. en milieu de volume dont la brochure s\u2019est rel\u00e2ch\u00e9e et ces pages ne sont plus align\u00e9es avec le reste. Plats et dos un peu frott\u00e9s, avec quelques piq\u00fbres noires en plat sup\u00e9rieur\u00a0; coins, t\u00eate et pied de dos un peu frott\u00e9. Bon exemplaire bien ferme. Egalement en stock du m\u00eame duo et dans le m\u00eame format\u00a0: La Cantini\u00e8re ; Bonaparte\u00a0; France son histoire\u00a0; Louis XI.<\/p>\n","protected":false},"excerpt":{"rendered":"<p>Librairie F\u00e9lix Juven Pleine percaline illustr\u00e9e couleur sign\u00e9e Paul Souze, \u00e0 dos long orn\u00e9 du titre, toutes tranches rouges, 360 x 290, sans date. Non pagin\u00e9. (74p.) Int\u00e9rieur tr\u00e8s bon, propre\u00a0: en p.5-6 \u00e9pidermure du papier dans l\u2019illustration \u00e0 la charni\u00e8re\u00a0; un bloc de 16p. en milieu de volume dont la brochure s\u2019est rel\u00e2ch\u00e9e et &#8230; <a title=\"Les trois couleurs &#8211; Georges Montorgueil \/ Job (ill.)\" class=\"read-more\" href=\"https:\/\/www.livresentre2actions.fr\/fr_fr\/produit\/les-trois-couleurs-georges-montorgueil-job-ill\/\" aria-label=\"En savoir plus sur Les trois couleurs &#8211; Georges Montorgueil \/ Job (ill.)\">Lire plus<\/a><\/p>\n","protected":false},"featured_media":8635,"template":"","meta":{"_eb_attr":""},"product_brand":[],"product_cat":[15,37,71,73],"product_tag":[],"class_list":{"0":"post-8114","1":"product","2":"type-product","3":"status-publish","4":"has-post-thumbnail","6":"product_cat-catalogue","7":"product_cat-a-partir-du-xxeme-siecle","8":"product_cat-illustres-modernes-editions-originales-signees-numerotees","9":"product_cat-histoires-et-recits-de-voyage","10":"sales-flash-overlay","11":"woocommerce-text-align-center","12":"woocommerce-image-align-center","13":"wc-has-gallery","15":"first","16":"outofstock","17":"taxable","18":"shipping-taxable","19":"purchasable","20":"product-type-simple"},"aioseo_notices":[],"_links":{"self":[{"href":"https:\/\/www.livresentre2actions.fr\/fr_fr\/wp-json\/wp\/v2\/product\/8114","targetHints":{"allow":["GET"]}}],"collection":[{"href":"https:\/\/www.livresentre2actions.fr\/fr_fr\/wp-json\/wp\/v2\/product"}],"about":[{"href":"https:\/\/www.livresentre2actions.fr\/fr_fr\/wp-json\/wp\/v2\/types\/product"}],"wp:featuredmedia":[{"embeddable":true,"href":"https:\/\/www.livresentre2actions.fr\/fr_fr\/wp-json\/wp\/v2\/media\/8635"}],"wp:attachment":[{"href":"https:\/\/www.livresentre2actions.fr\/fr_fr\/wp-json\/wp\/v2\/media?parent=8114"}],"wp:term":[{"taxonomy":"product_brand","embeddable":true,"href":"https:\/\/www.livresentre2actions.fr\/fr_fr\/wp-json\/wp\/v2\/product_brand?post=8114"},{"taxonomy":"product_cat","embeddable":true,"href":"https:\/\/www.livresentre2actions.fr\/fr_fr\/wp-json\/wp\/v2\/product_cat?post=8114"},{"taxonomy":"product_tag","embeddable":true,"href":"https:\/\/www.livresentre2actions.fr\/fr_fr\/wp-json\/wp\/v2\/product_tag?post=8114"}],"curies":[{"name":"wp","href":"https:\/\/api.w.org\/{rel}","templated":true}]}}