{"id":8107,"date":"2024-12-06T09:42:34","date_gmt":"2024-12-06T08:42:34","guid":{"rendered":"http:\/\/localhost\/livresentre2actions\/?post_type=product&#038;p=8107"},"modified":"2025-08-08T11:49:52","modified_gmt":"2025-08-08T09:49:52","slug":"eclaircissement-sur-les-moeurs-francois-vincent-toussaint","status":"publish","type":"product","link":"https:\/\/www.livresentre2actions.fr\/fr_fr\/produit\/eclaircissement-sur-les-moeurs-francois-vincent-toussaint\/","title":{"rendered":"\u00c9claircissement sur Les m\u0153urs &#8211; Fran\u00e7ois-Vincent Toussaint"},"content":{"rendered":"<p>Chez Marc-Michel Rey<\/p>\n<p>Plein veau cir\u00e9 havane l\u00e9g\u00e8rement marbr\u00e9, \u00e0 dos long richement orn\u00e9, pi\u00e8ce de titre en maroquin rouge, plats orn\u00e9 d\u2019un encadrement \u00e0 triple liser\u00e9 et motif moral aux angles, toutes tranches dor\u00e9es, 162 x 100. 1752. Premi\u00e8re \u00e9dition. Vignette au titre. 412p. Apr\u00e8s une longue pr\u00e9face pagin\u00e9e iv-lx, et 6p. de table des chapitres et errata. Int\u00e9rieur tr\u00e8s bon, propre et int\u00e8gre. Plats, champs et coins frott\u00e9s, avec frottement marqu\u00e9 sur le plat sup\u00e9rieur. Dos l\u00e9g\u00e8rement frott\u00e9 avec coiffe avec une d\u00e9chirure sans manque. Bel exemplaire, bien ferme. Egalement en stock dans la m\u00eame reliure la cinqui\u00e8me \u00e9dition des Moeurs, le livre ayant conduit l\u2019auteur \u00e0 \u00e9crire cette d\u00e9fense. Fran\u00e7ois-Vincent Toussaint est connu pour cet ouvrage qui fit scandale et fut frapp\u00e9 d\u2019interdiction d\u00e8s sa parution en 1748. le livre connut n\u00e9anmoins un grand succ\u00e8s, et certains articles furent repris par l\u2019Encyclop\u00e9die. \u00a0Cet ouvrage se fonde sur une morale et une justice naturelle, et r\u00e9cuse la n\u00e9cessit\u00e9 de la religion r\u00e9v\u00e9l\u00e9e, la morale naturelle \u00e9tant ind\u00e9pendante des lois sociales amen\u00e9es par la religion. En 1752, il publia \u00c9claircissements sur les m\u0153urs, pour prendre la d\u00e9fense du premier ouvrage.<\/p>\n","protected":false},"excerpt":{"rendered":"<p>Chez Marc-Michel Rey Plein veau cir\u00e9 havane l\u00e9g\u00e8rement marbr\u00e9, \u00e0 dos long richement orn\u00e9, pi\u00e8ce de titre en maroquin rouge, plats orn\u00e9 d\u2019un encadrement \u00e0 triple liser\u00e9 et motif moral aux angles, toutes tranches dor\u00e9es, 162 x 100. 1752. Premi\u00e8re \u00e9dition. Vignette au titre. 412p. Apr\u00e8s une longue pr\u00e9face pagin\u00e9e iv-lx, et 6p. de table &#8230; <a title=\"\u00c9claircissement sur Les m\u0153urs &#8211; Fran\u00e7ois-Vincent Toussaint\" class=\"read-more\" href=\"https:\/\/www.livresentre2actions.fr\/fr_fr\/produit\/eclaircissement-sur-les-moeurs-francois-vincent-toussaint\/\" aria-label=\"En savoir plus sur \u00c9claircissement sur Les m\u0153urs &#8211; Fran\u00e7ois-Vincent Toussaint\">Lire plus<\/a><\/p>\n","protected":false},"featured_media":8540,"template":"","meta":{"_eb_attr":""},"product_brand":[],"product_cat":[15,36,72,68],"product_tag":[],"class_list":{"0":"post-8107","1":"product","2":"type-product","3":"status-publish","4":"has-post-thumbnail","6":"product_cat-catalogue","7":"product_cat-entre-le-xviiieme-et-le-xixeme-siecle","8":"product_cat-divers","9":"product_cat-religion-spiritualite","10":"sales-flash-overlay","11":"woocommerce-text-align-center","12":"woocommerce-image-align-center","13":"wc-has-gallery","15":"first","16":"instock","17":"taxable","18":"shipping-taxable","19":"purchasable","20":"product-type-simple"},"aioseo_notices":[],"_links":{"self":[{"href":"https:\/\/www.livresentre2actions.fr\/fr_fr\/wp-json\/wp\/v2\/product\/8107","targetHints":{"allow":["GET"]}}],"collection":[{"href":"https:\/\/www.livresentre2actions.fr\/fr_fr\/wp-json\/wp\/v2\/product"}],"about":[{"href":"https:\/\/www.livresentre2actions.fr\/fr_fr\/wp-json\/wp\/v2\/types\/product"}],"wp:featuredmedia":[{"embeddable":true,"href":"https:\/\/www.livresentre2actions.fr\/fr_fr\/wp-json\/wp\/v2\/media\/8540"}],"wp:attachment":[{"href":"https:\/\/www.livresentre2actions.fr\/fr_fr\/wp-json\/wp\/v2\/media?parent=8107"}],"wp:term":[{"taxonomy":"product_brand","embeddable":true,"href":"https:\/\/www.livresentre2actions.fr\/fr_fr\/wp-json\/wp\/v2\/product_brand?post=8107"},{"taxonomy":"product_cat","embeddable":true,"href":"https:\/\/www.livresentre2actions.fr\/fr_fr\/wp-json\/wp\/v2\/product_cat?post=8107"},{"taxonomy":"product_tag","embeddable":true,"href":"https:\/\/www.livresentre2actions.fr\/fr_fr\/wp-json\/wp\/v2\/product_tag?post=8107"}],"curies":[{"name":"wp","href":"https:\/\/api.w.org\/{rel}","templated":true}]}}