{"id":8098,"date":"2024-12-06T09:42:34","date_gmt":"2024-12-06T08:42:34","guid":{"rendered":"http:\/\/localhost\/livresentre2actions\/?post_type=product&#038;p=8098"},"modified":"2026-01-25T09:27:40","modified_gmt":"2026-01-25T08:27:40","slug":"de-instructione-sacerdotum-peccatis-mortalibus-libri-octo","status":"publish","type":"product","link":"https:\/\/www.livresentre2actions.fr\/fr_fr\/produit\/de-instructione-sacerdotum-peccatis-mortalibus-libri-octo\/","title":{"rendered":"De instructione sacerdotum &amp; peccatis mortalibus libri octo"},"content":{"rendered":"<p>De instructione<br \/>\nsacerdotum &amp; peccatis mortalibus libri octo qui in prioribus editionibus ex autographo antea correcti et aucti nunc etiam correctiores et auctiores redditi sunt. Additae sunt ad marginem velin context tu citationes scripturae et utriusque iuris, &amp; doctorum aliquorum, summaria etram singulis paragraphis &amp; numeri adiuncti<\/p>\n<p>Francisci Toleti &#8211; Ioannis Berthelin \/Stephani Verevi<\/p>\n<p>Fort in-12 plein veau d\u2019\u00e9poque, dos \u00e0 trois nerfs orn\u00e9 d\u2019un pi\u00e8ce de titre lie de vin \u00e0 encadrement, tranches jasp\u00e9es rouge, 170 x 115, 923p. 1609. Rothomagi. Suivi de l\u2019Index Locupletissimus, 63p. (ent\u00eate et lettrine). Superbe titre all\u00e9gorique grav\u00e9 par \u00ab\u00a0Caron Mepplius\u00a0fecit\u00bb avec en marge de pied ex-libris \u00ab\u00a0Seguier cur\u00e9.\u00a0\u00bb Vignette au second titre. Comprend\u00a0: Virtute doctrina, 4p. (ent\u00eate, lettrine)\u00a0; Bibliopola lectori, Approbationes, 6p. (ent\u00eate, lettrine)\u00a0; Index capitalorum, 11p. (ent\u00eate, lettrine). Puis le texte et ses huit livres. Chaque livre avec ent\u00eate et lettrine. Le livre 8 \u00e9tant \u00ab\u00a0Tractatus de septem peccatis mortalibus\u00a0\u00bb. Int\u00e9rieur propre, avec rousseurs tr\u00e8s marginales\u00a0; mouillure br\u00e8ve en d\u00e9but de volume sur quelques pages en t\u00eate. Les pages 490 \u00e0 558 sont d\u00e9cal\u00e9es du bloc et d\u00e9passent un peu, la 557-558 se d\u00e9tache en pied\u00a0; reliure ouverte \u00e0 ces deux endroits. Coins, champs et plats frott\u00e9s avec \u00e9pidermures, mais globalement bons. Mors frott\u00e9s avec \u00e9pidermures mais int\u00e8gres, avec un trou de vers en pied de chaque mors. Dos frott\u00e9 avec \u00e9pidemures mais bon, avec deux trous de vers en pied et un en t\u00eate. Un manque dans la pi\u00e8ce de titre. Bel exemplaire. Francisco de Toledo ut l&rsquo;un des premiers grands philosophes et th\u00e9ologiens de la Compagnie de J\u00e9sus, dont il devint \u00e9galement, en 1593, le premier cardinal.<\/p>\n","protected":false},"excerpt":{"rendered":"<p>De instructione sacerdotum &amp; peccatis mortalibus libri octo qui in prioribus editionibus ex autographo antea correcti et aucti nunc etiam correctiores et auctiores redditi sunt. Additae sunt ad marginem velin context tu citationes scripturae et utriusque iuris, &amp; doctorum aliquorum, summaria etram singulis paragraphis &amp; numeri adiuncti Francisci Toleti &#8211; Ioannis Berthelin \/Stephani Verevi Fort &#8230; <a title=\"De instructione sacerdotum &amp; peccatis mortalibus libri octo\" class=\"read-more\" href=\"https:\/\/www.livresentre2actions.fr\/fr_fr\/produit\/de-instructione-sacerdotum-peccatis-mortalibus-libri-octo\/\" aria-label=\"En savoir plus sur De instructione sacerdotum &amp; peccatis mortalibus libri octo\">Lire plus<\/a><\/p>\n","protected":false},"featured_media":8357,"template":"","meta":{"_eb_attr":""},"product_brand":[],"product_cat":[15,68],"product_tag":[],"class_list":{"0":"post-8098","1":"product","2":"type-product","3":"status-publish","4":"has-post-thumbnail","6":"product_cat-catalogue","7":"product_cat-religion-spiritualite","8":"sales-flash-overlay","9":"woocommerce-text-align-center","10":"woocommerce-image-align-center","11":"wc-has-gallery","13":"first","14":"instock","15":"taxable","16":"shipping-taxable","17":"purchasable","18":"product-type-simple"},"aioseo_notices":[],"_links":{"self":[{"href":"https:\/\/www.livresentre2actions.fr\/fr_fr\/wp-json\/wp\/v2\/product\/8098","targetHints":{"allow":["GET"]}}],"collection":[{"href":"https:\/\/www.livresentre2actions.fr\/fr_fr\/wp-json\/wp\/v2\/product"}],"about":[{"href":"https:\/\/www.livresentre2actions.fr\/fr_fr\/wp-json\/wp\/v2\/types\/product"}],"wp:featuredmedia":[{"embeddable":true,"href":"https:\/\/www.livresentre2actions.fr\/fr_fr\/wp-json\/wp\/v2\/media\/8357"}],"wp:attachment":[{"href":"https:\/\/www.livresentre2actions.fr\/fr_fr\/wp-json\/wp\/v2\/media?parent=8098"}],"wp:term":[{"taxonomy":"product_brand","embeddable":true,"href":"https:\/\/www.livresentre2actions.fr\/fr_fr\/wp-json\/wp\/v2\/product_brand?post=8098"},{"taxonomy":"product_cat","embeddable":true,"href":"https:\/\/www.livresentre2actions.fr\/fr_fr\/wp-json\/wp\/v2\/product_cat?post=8098"},{"taxonomy":"product_tag","embeddable":true,"href":"https:\/\/www.livresentre2actions.fr\/fr_fr\/wp-json\/wp\/v2\/product_tag?post=8098"}],"curies":[{"name":"wp","href":"https:\/\/api.w.org\/{rel}","templated":true}]}}