{"id":8097,"date":"2024-12-06T09:42:34","date_gmt":"2024-12-06T08:42:34","guid":{"rendered":"http:\/\/localhost\/livresentre2actions\/?post_type=product&#038;p=8097"},"modified":"2025-02-03T13:28:44","modified_gmt":"2025-02-03T12:28:44","slug":"codex-medicamentarius-seu-pharmacopoea-parisiensis","status":"publish","type":"product","link":"https:\/\/www.livresentre2actions.fr\/fr_fr\/produit\/codex-medicamentarius-seu-pharmacopoea-parisiensis\/","title":{"rendered":"Codex medicamentarius seu pharmacopoea parisiensis"},"content":{"rendered":"<p>Codex medicamentarius seu pharmacopoea parisiensis ex mandato facultatis medicinae parisiensis in lucem edita. Editio auctior et emendatior.<\/p>\n<p>Joanne-Baptista-Thomas Martinenq &#8211; Guillelmum Cavelier<\/p>\n<p>Plein veau marbr\u00e9e, dos \u00e0 5 nerfs orn\u00e9 aux caisson et d\u2019un pi\u00e8ce de titre en maroquin lie de vin, toutes tranches rouges, 255 x 202, 268p. 1748. Nouvelle \u00e9dition augment\u00e9e et am\u00e9lior\u00e9e. [La premi\u00e8re \u00e9dition avait paru en 1638]. Suivi de Index rerum alphabeticum, pagin\u00e9 ij-xxxiv. In fine\u00a0: Ordo pharmacopoeorum parisiensium anno 1748, 3p. Errata et Privil\u00e8ge du Roy. Pr\u00e9c\u00e9d\u00e9 de\u00a0: Arrest de la cour de parlement qui enjoint aux apoticaires etc.\u00a02p.\u00a0; Praefatio, 4p.\u00a0; Pondera, 1p.\u00a0; Catalogus doctorum regentium saluberrimae facultatis medecinae parisiensis anno 1748, 6p.\u00a0; Index medicamentorum simplicium, pagin\u00e9 j-cxxviij\u00a0; Index capitum, pagin\u00e9 cxxix-cxxxij. Puis le texte. Bel ent\u00eate au titre du texte, et quelques jolis culs-de-lampe. Ex-libris quasi biff\u00e9 au titre g\u00e9n\u00e9ral. Extra\u00a0: recette manuscrite du \u00ab\u00a0Syrop de Glaubert\u00a0\u00bb sur l\u2019avant-derni\u00e8re page vierge. [ou sel de Glauber\u00a0: Ce sel est connu sous diff\u00e9rentes d\u00e9nominations\u00a0: sulfate de soude, \u00ab\u00a0sel admirable\u00a0\u00bb, \u00ab\u00a0sel cathartique de Glauber\u00a0\u00bb, soude sulfat\u00e9e ou vitriol\u00e9e. Il a \u00e9t\u00e9 d\u00e9couvert par Glauber en 1658, en examinant la d\u00e9composition du sel marin par l\u2019acide sulfurique. En France, il provenait principalement de Lorraine, o\u00f9 \u00e9taient exploit\u00e9es des sources sal\u00e9es. Par la suite, il a \u00e9t\u00e9 extrait du chlorure de sodium. Il est incolore, tr\u00e8s efflorescent, d\u2019une saveur fra\u00eeche, moins am\u00e8re que celle du sulfate de magn\u00e9sie. C\u2019\u00e9tait un purgatif efficace et tr\u00e8s employ\u00e9. (Dorvault, 1886, p. 962\u00a0; cit\u00e9 par wikip.)] Int\u00e9rieur insol\u00e9 avec rousseurs \u00e9parses, mais globalement propre, int\u00e8gre. Coins et champs frott\u00e9s, coins l\u00e9g\u00e8rement \u00e9mouss\u00e9, un coin aras\u00e9. Plats frott\u00e9s avec \u00e9pidermures, taches, des manques en plat sup\u00e9rieur. Mors bri\u00e8vement fendus en t\u00eate et pied des mors, petit manque en t\u00eate des deux mors\u00a0; quelques trous de vers en mors sup\u00e9rieur. Dos frott\u00e9 avec \u00e9pidermures aux nerfs\u00a0; coiffe et queue manquantes\u00a0; des petits manques en t\u00eate et queue de dos. Exemplaire bien ferme.<\/p>\n<p>&nbsp;<\/p>\n","protected":false},"excerpt":{"rendered":"<p>Codex medicamentarius seu pharmacopoea parisiensis ex mandato facultatis medicinae parisiensis in lucem edita. Editio auctior et emendatior. Joanne-Baptista-Thomas Martinenq &#8211; Guillelmum Cavelier Plein veau marbr\u00e9e, dos \u00e0 5 nerfs orn\u00e9 aux caisson et d\u2019un pi\u00e8ce de titre en maroquin lie de vin, toutes tranches rouges, 255 x 202, 268p. 1748. Nouvelle \u00e9dition augment\u00e9e et am\u00e9lior\u00e9e. &#8230; <a title=\"Codex medicamentarius seu pharmacopoea parisiensis\" class=\"read-more\" href=\"https:\/\/www.livresentre2actions.fr\/fr_fr\/produit\/codex-medicamentarius-seu-pharmacopoea-parisiensis\/\" aria-label=\"En savoir plus sur Codex medicamentarius seu pharmacopoea parisiensis\">Lire plus<\/a><\/p>\n","protected":false},"featured_media":8331,"template":"","meta":{"_eb_attr":""},"product_brand":[],"product_cat":[15,70],"product_tag":[],"class_list":{"0":"post-8097","1":"product","2":"type-product","3":"status-publish","4":"has-post-thumbnail","6":"product_cat-catalogue","7":"product_cat-medecine-et-nature","8":"sales-flash-overlay","9":"woocommerce-text-align-center","10":"woocommerce-image-align-center","11":"wc-has-gallery","13":"first","14":"outofstock","15":"taxable","16":"shipping-taxable","17":"purchasable","18":"product-type-simple"},"aioseo_notices":[],"_links":{"self":[{"href":"https:\/\/www.livresentre2actions.fr\/fr_fr\/wp-json\/wp\/v2\/product\/8097","targetHints":{"allow":["GET"]}}],"collection":[{"href":"https:\/\/www.livresentre2actions.fr\/fr_fr\/wp-json\/wp\/v2\/product"}],"about":[{"href":"https:\/\/www.livresentre2actions.fr\/fr_fr\/wp-json\/wp\/v2\/types\/product"}],"wp:featuredmedia":[{"embeddable":true,"href":"https:\/\/www.livresentre2actions.fr\/fr_fr\/wp-json\/wp\/v2\/media\/8331"}],"wp:attachment":[{"href":"https:\/\/www.livresentre2actions.fr\/fr_fr\/wp-json\/wp\/v2\/media?parent=8097"}],"wp:term":[{"taxonomy":"product_brand","embeddable":true,"href":"https:\/\/www.livresentre2actions.fr\/fr_fr\/wp-json\/wp\/v2\/product_brand?post=8097"},{"taxonomy":"product_cat","embeddable":true,"href":"https:\/\/www.livresentre2actions.fr\/fr_fr\/wp-json\/wp\/v2\/product_cat?post=8097"},{"taxonomy":"product_tag","embeddable":true,"href":"https:\/\/www.livresentre2actions.fr\/fr_fr\/wp-json\/wp\/v2\/product_tag?post=8097"}],"curies":[{"name":"wp","href":"https:\/\/api.w.org\/{rel}","templated":true}]}}