{"id":8096,"date":"2024-12-06T09:42:34","date_gmt":"2024-12-06T08:42:34","guid":{"rendered":"http:\/\/localhost\/livresentre2actions\/?post_type=product&#038;p=8096"},"modified":"2025-10-08T14:47:59","modified_gmt":"2025-10-08T12:47:59","slug":"le-roy-darmes-ou-lart-de-bien-former-charger-briser-timbrer-parer-expliquer-et-blasonner-les-armoiries","status":"publish","type":"product","link":"https:\/\/www.livresentre2actions.fr\/fr_fr\/produit\/le-roy-darmes-ou-lart-de-bien-former-charger-briser-timbrer-parer-expliquer-et-blasonner-les-armoiries\/","title":{"rendered":"Le Roy d\u2019armes. Ou L\u2019art de bien former, charger, briser, timbrer, parer, expliquer et blasonner les armoiries"},"content":{"rendered":"<p>Le Roy d\u2019armes. Ou L\u2019art de bien former, charger, briser, timbrer, parer, expliquer et blasonner les armoiries. Le tout enrichy de discours d\u2019antiquitez, d\u2019Histoires, d\u2019Eloges, et d\u2019une grande quantit\u00e9 de blason des armes de la pluspart des illustres maisons de l\u2019Europe, &amp; specialement de beaucoup de personnes de condition qui sont en France<\/p>\n<p>Marc Gilbert de Varennes &#8211; Chez Jean Billaine<\/p>\n<p>In-folio plein veau marbr\u00e9 et cir\u00e9, dos \u00e0 six nerfs orn\u00e9 d\u2019une pi\u00e8ce de titre en maroquin lie de vin, caissons \u00e0 encadrement et motif floral, frise en coiffe et queue, orn\u00e9 aux champs, plats \u00e0 encadrement triple avec joli fer floral aux angles, tranches jasp\u00e9es, 367 x 240, 1640. Seconde \u00e9dition reve\u00fce &amp; augment\u00e9e de plusieurs pi\u00e8ces par le mesme auteur. Tr\u00e8s belle vignette grav\u00e9e de Saint-Augustin au titre. Un ex-libris manuscrit en t\u00eate de titre\u00a0; et un tamponn\u00e9 en marge \u00ab\u00a0Ch. Collemant, Granvilliers (Oise)\u00a0\u00bb. Un autre enfin aux armes \u00ab\u00a0Collemant Delamarre\u00a0\u00bb avec la devise \u00ab\u00a0Fortiter ades\u00a0\u00bb Comprend\u00a0: Adresse \u00e0 C\u00e9sar du Cambout, colonnel g\u00e9n\u00e9ral des Suisses et mar\u00e9chal du camp es arm\u00e9es du Roy, (ent\u00eate, lettrine), 2p. \/ Permission des religieux de la Compagnie de J\u00e9sus (lettrine), 1p. \/ Privil\u00e8ge (lettrine), 1p. \/ L\u2019Estat des traittez particuliers de cet ouvrage en la premi\u00e8re partie (lettrine), 2p. \/ Puis Addition au Roy d\u2019Armes (lettrine), 12p. Dont table des Noms &amp; Familles en cette addition. Puis le texte en quatre parties, 619p. (tr\u00e8s nombreuses lettrines de taille variable, cul-de-lampe en fin de partie et frises en ent\u00eate). Avec \u00e0 la suite une planche pleine page de 146 blasons l\u00e9gend\u00e9s en vis \u00e0 vis [le 146 est ins\u00e9r\u00e9 au-dessus du 141]. Suivi de 3 pages blanches,\u00a0; puis des Familles dont les armes sont blazonn\u00e9es en cet \u0153uvre (lettrine, frise), 50p. Puis 1 feuillet blanc. Int\u00e9rieur en bon \u00e9tat\u00a0; les trois derniers feuillets sont fragilis\u00e9s, dont un avec un manque en marge. Rares mouillures en marge de t\u00eate. Mouillure et manque en t\u00eate de garde\u00a0; mouillure en t\u00eate de titre, et une petite d\u00e9chirure en pied de titre, avec un micro manque en bordure\u00a0; mouillure pr\u00e9sente et disparaissant jusqu\u2019en p.4 de l\u2019Addition. Coins et champs frott\u00e9s, deux coins l\u00e9g\u00e8rement \u00e9mouss\u00e9s. Plats frott\u00e9s avec \u00e9pidermures, notamment en pied, plats rid\u00e9s. Mors frott\u00e9s avec \u00e9pidermures, mors sup\u00e9rieur int\u00e8gre\u00a0; mors inf\u00e9rieur ouvert en t\u00eate. Dos frott\u00e9 avec \u00e9pidermures en coiffe et queue l\u00e9g\u00e8rement \u00e9cras\u00e9e\u00a0; dos en bel \u00e9tat. Bel exemplaire. Au sujet de la provenance famille Collemant Delamare\u00a0: le tampon est sans doute celui de Charles Ernest Delamare, \u00e9poux de la petite fille d\u2019Antoine Delamarre (1756 \u2013 1824 \u00e0 Grandvilliers), homme politique fran\u00e7ais, conventionnel, et qui fut le seul avec le marquis de la Villette \u00e0 voter contre la mort de Louis XVI. (geneanet.org)<\/p>\n","protected":false},"excerpt":{"rendered":"<p>Le Roy d\u2019armes. Ou L\u2019art de bien former, charger, briser, timbrer, parer, expliquer et blasonner les armoiries. Le tout enrichy de discours d\u2019antiquitez, d\u2019Histoires, d\u2019Eloges, et d\u2019une grande quantit\u00e9 de blason des armes de la pluspart des illustres maisons de l\u2019Europe, &amp; specialement de beaucoup de personnes de condition qui sont en France Marc Gilbert &#8230; <a title=\"Le Roy d\u2019armes. Ou L\u2019art de bien former, charger, briser, timbrer, parer, expliquer et blasonner les armoiries\" class=\"read-more\" href=\"https:\/\/www.livresentre2actions.fr\/fr_fr\/produit\/le-roy-darmes-ou-lart-de-bien-former-charger-briser-timbrer-parer-expliquer-et-blasonner-les-armoiries\/\" aria-label=\"En savoir plus sur Le Roy d\u2019armes. Ou L\u2019art de bien former, charger, briser, timbrer, parer, expliquer et blasonner les armoiries\">Lire plus<\/a><\/p>\n","protected":false},"featured_media":8330,"template":"","meta":{"_eb_attr":""},"product_brand":[],"product_cat":[15,35,72,71,85,73],"product_tag":[86,94],"class_list":{"0":"post-8096","1":"product","2":"type-product","3":"status-publish","4":"has-post-thumbnail","6":"product_cat-catalogue","7":"product_cat-jusquau-xviiemesiecle","8":"product_cat-divers","9":"product_cat-illustres-modernes-editions-originales-signees-numerotees","10":"product_cat-heraldisme-numismatique","11":"product_cat-histoires-et-recits-de-voyage","12":"product_tag-illustre","13":"product_tag-provenance","14":"sales-flash-overlay","15":"woocommerce-text-align-center","16":"woocommerce-image-align-center","18":"first","19":"instock","20":"taxable","21":"shipping-taxable","22":"purchasable","23":"product-type-simple"},"aioseo_notices":[],"_links":{"self":[{"href":"https:\/\/www.livresentre2actions.fr\/fr_fr\/wp-json\/wp\/v2\/product\/8096","targetHints":{"allow":["GET"]}}],"collection":[{"href":"https:\/\/www.livresentre2actions.fr\/fr_fr\/wp-json\/wp\/v2\/product"}],"about":[{"href":"https:\/\/www.livresentre2actions.fr\/fr_fr\/wp-json\/wp\/v2\/types\/product"}],"wp:featuredmedia":[{"embeddable":true,"href":"https:\/\/www.livresentre2actions.fr\/fr_fr\/wp-json\/wp\/v2\/media\/8330"}],"wp:attachment":[{"href":"https:\/\/www.livresentre2actions.fr\/fr_fr\/wp-json\/wp\/v2\/media?parent=8096"}],"wp:term":[{"taxonomy":"product_brand","embeddable":true,"href":"https:\/\/www.livresentre2actions.fr\/fr_fr\/wp-json\/wp\/v2\/product_brand?post=8096"},{"taxonomy":"product_cat","embeddable":true,"href":"https:\/\/www.livresentre2actions.fr\/fr_fr\/wp-json\/wp\/v2\/product_cat?post=8096"},{"taxonomy":"product_tag","embeddable":true,"href":"https:\/\/www.livresentre2actions.fr\/fr_fr\/wp-json\/wp\/v2\/product_tag?post=8096"}],"curies":[{"name":"wp","href":"https:\/\/api.w.org\/{rel}","templated":true}]}}