{"id":8088,"date":"2024-12-06T09:42:33","date_gmt":"2024-12-06T08:42:33","guid":{"rendered":"http:\/\/localhost\/livresentre2actions\/?post_type=product&#038;p=8088"},"modified":"2026-01-25T09:26:06","modified_gmt":"2026-01-25T08:26:06","slug":"etudes-des-forces-hydrauliques-du-bas-congo-1910-1911","status":"publish","type":"product","link":"https:\/\/www.livresentre2actions.fr\/fr_fr\/produit\/etudes-des-forces-hydrauliques-du-bas-congo-1910-1911\/","title":{"rendered":"Etudes des forces hydrauliques du Bas-Congo 1910-1911"},"content":{"rendered":"<p>Etudes des forces hydrauliques du Bas-Congo 1910-1911 &#8211; Robert Thys<\/p>\n<p>Compagnie des chemins de fer du Congo<\/p>\n<p>In-folio pleine toile simili percaline verte \u00e0 dos long orn\u00e9 des auteur, titre \u00e9diteur, et d\u2019un motif\u00a0: limnim\u00e8tre, 395 x 260, 47p. Suivi de 71 planches. Sans date. Edition originale. Num\u00e9rot\u00e9e 312. Pr\u00e9c\u00e9d\u00e9 d\u2019un hommage de le Cie du Chemin de fer du Congo \u00e0 Mr. Le Chevalier de Ghellinck d\u2019Elseghem, sign\u00e9 par le Pr\u00e9sident-administrateur-directeur-g\u00e9n\u00e9ral. Vignette photographique au titre. Bien complet de sa grande carte couleur sous pochette \u00ab\u00a0Carte du Bas Congo. Carte du pays situ\u00e9 entre l\u2019Inkisi, le Congo et le chemin de fer\u00a0\u00bb \u00e0 l\u2019\u00e9chelle 1\/100000 (excellent \u00e9tat, petites d\u00e9chirures aux plis principaux). Texte sur deux colonnes r\u00e9gl\u00e9 en rouge. Avec de nombreux tableaux dans le texte et donc 71planches dont 8 cartes (6 couleurs), 57 reproductions photographiques, 43 croquis\/plans\/graphiques\/tableaux. Tous int\u00e8gres en excellent \u00e9tat. Int\u00e9rieur propre, int\u00e8gre, tr\u00e8s rares rousseurs marginales. Reliure en bon \u00e9tat\u00a0: plats, coisn et champs frott\u00e9s avec \u00e9pidermures. Mors sup\u00e9rieur bri\u00e8vement fendu en t\u00eate et pied. Dos frott\u00e9 avec \u00e9pidermures en coiffe et queue, une fine d\u00e9chirure sans manque en t\u00eate de dos.<\/p>\n<p>Robert Thys est le fils d\u2019Albert Thys, proche collaborateur du roi L\u00e9opold II de Belgique\u00a0lors de la cr\u00e9ation de l\u2019\u00c9tat ind\u00e9pendant du Congo et le fondateur de la principale ligne de chemin de fer du pays. Pour ce projet, de 1887 \u00e0 1899, Thys fait neuf voyages au Congo. Le Compagnie des chemin de fer du Congo est cr\u00e9\u00e9e en 1889 pour construire et exploiter une ligne de chemin de fer entre Matadi et L\u00e9opoldville, mise en service progressivement de 1892 \u00e0 1898, au prix d\u2019un co\u00fbt humain tr\u00e8s \u00e9lev\u00e9.<\/p>\n","protected":false},"excerpt":{"rendered":"<p>Etudes des forces hydrauliques du Bas-Congo 1910-1911 &#8211; Robert Thys Compagnie des chemins de fer du Congo In-folio pleine toile simili percaline verte \u00e0 dos long orn\u00e9 des auteur, titre \u00e9diteur, et d\u2019un motif\u00a0: limnim\u00e8tre, 395 x 260, 47p. Suivi de 71 planches. Sans date. Edition originale. Num\u00e9rot\u00e9e 312. Pr\u00e9c\u00e9d\u00e9 d\u2019un hommage de le Cie &#8230; <a title=\"Etudes des forces hydrauliques du Bas-Congo 1910-1911\" class=\"read-more\" href=\"https:\/\/www.livresentre2actions.fr\/fr_fr\/produit\/etudes-des-forces-hydrauliques-du-bas-congo-1910-1911\/\" aria-label=\"En savoir plus sur Etudes des forces hydrauliques du Bas-Congo 1910-1911\">Lire plus<\/a><\/p>\n","protected":false},"featured_media":8165,"template":"","meta":{"_eb_attr":""},"product_brand":[],"product_cat":[15,37,81,69],"product_tag":[86,87],"class_list":{"0":"post-8088","1":"product","2":"type-product","3":"status-publish","4":"has-post-thumbnail","6":"product_cat-catalogue","7":"product_cat-a-partir-du-xxeme-siecle","8":"product_cat-hauts-de-france","9":"product_cat-sciences-et-techniques","10":"product_tag-illustre","11":"product_tag-signe","12":"sales-flash-overlay","13":"woocommerce-text-align-center","14":"woocommerce-image-align-center","15":"wc-has-gallery","17":"first","18":"instock","19":"sold-individually","20":"taxable","21":"shipping-taxable","22":"purchasable","23":"product-type-simple"},"aioseo_notices":[],"_links":{"self":[{"href":"https:\/\/www.livresentre2actions.fr\/fr_fr\/wp-json\/wp\/v2\/product\/8088","targetHints":{"allow":["GET"]}}],"collection":[{"href":"https:\/\/www.livresentre2actions.fr\/fr_fr\/wp-json\/wp\/v2\/product"}],"about":[{"href":"https:\/\/www.livresentre2actions.fr\/fr_fr\/wp-json\/wp\/v2\/types\/product"}],"wp:featuredmedia":[{"embeddable":true,"href":"https:\/\/www.livresentre2actions.fr\/fr_fr\/wp-json\/wp\/v2\/media\/8165"}],"wp:attachment":[{"href":"https:\/\/www.livresentre2actions.fr\/fr_fr\/wp-json\/wp\/v2\/media?parent=8088"}],"wp:term":[{"taxonomy":"product_brand","embeddable":true,"href":"https:\/\/www.livresentre2actions.fr\/fr_fr\/wp-json\/wp\/v2\/product_brand?post=8088"},{"taxonomy":"product_cat","embeddable":true,"href":"https:\/\/www.livresentre2actions.fr\/fr_fr\/wp-json\/wp\/v2\/product_cat?post=8088"},{"taxonomy":"product_tag","embeddable":true,"href":"https:\/\/www.livresentre2actions.fr\/fr_fr\/wp-json\/wp\/v2\/product_tag?post=8088"}],"curies":[{"name":"wp","href":"https:\/\/api.w.org\/{rel}","templated":true}]}}