{"id":8087,"date":"2024-12-06T09:42:33","date_gmt":"2024-12-06T08:42:33","guid":{"rendered":"http:\/\/localhost\/livresentre2actions\/?post_type=product&#038;p=8087"},"modified":"2026-01-25T09:25:53","modified_gmt":"2026-01-25T08:25:53","slug":"collections-du-chevalier-mayer-van-den-bergh","status":"publish","type":"product","link":"https:\/\/www.livresentre2actions.fr\/fr_fr\/produit\/collections-du-chevalier-mayer-van-den-bergh\/","title":{"rendered":"Collections du Chevalier Mayer Van Den Bergh"},"content":{"rendered":"<p>Collections du Chevalier Mayer van den Bergh. Catalogue des tableaux expos\u00e9s dans les galeries de la Maison des Rois Mages<\/p>\n<p>Bellemans Fr\u00e8res<\/p>\n<p>Fort petit in-folio plein maroquin mauve, dos \u00e0 faux-nerfs, orn\u00e9 du titre\u00a0, couvertures et dos conserv\u00e9es, 382 x 300, 1904, Anvers. 341p. Avec table des Noms des artistes cit\u00e9s dans le catalogue. Exemplaire num\u00e9rot\u00e9 208, un des 324 sur papier \u00e0 la cuve, apr\u00e8s les 50 sur Japon et avant les 125 sue v\u00e9lin teint\u00e9 (soit 500 exemplaires au total). Frontispice\u00a0: portrait au m\u00e9daillon du Chevalier Fritz Meyer. Une notice de 4 pages, pagin\u00e9e 7-10, sign\u00e9e \u00ab\u00a0D\u00a0\u00bb sur le Chevalier pr\u00e9c\u00e8de les descriptions de tableaux (avec les signatures et provenance parfois) et pour certains d\u2019entre reproduits sous serpente (grav\u00e9es en h\u00e9liogravure par Meisenbach Riffart &amp; Co \u00e0 Berlin)\u00a0: 53 gravures pour 93 artistes mentionn\u00e9s. Int\u00e9rieur propre, rousseurs plut\u00f4t marginales. Plats propres et int\u00e8gres, traces claires de frottement en plat sup\u00e9rieur. Coins et champs int\u00e8gres. Dos insol\u00e9, avec \u00e9pidermures au dernier nerfs, en coiffe et queue. Bel exemplaire.<\/p>\n","protected":false},"excerpt":{"rendered":"<p>Collections du Chevalier Mayer van den Bergh. Catalogue des tableaux expos\u00e9s dans les galeries de la Maison des Rois Mages Bellemans Fr\u00e8res Fort petit in-folio plein maroquin mauve, dos \u00e0 faux-nerfs, orn\u00e9 du titre\u00a0, couvertures et dos conserv\u00e9es, 382 x 300, 1904, Anvers. 341p. Avec table des Noms des artistes cit\u00e9s dans le catalogue. Exemplaire &#8230; <a title=\"Collections du Chevalier Mayer Van Den Bergh\" class=\"read-more\" href=\"https:\/\/www.livresentre2actions.fr\/fr_fr\/produit\/collections-du-chevalier-mayer-van-den-bergh\/\" aria-label=\"En savoir plus sur Collections du Chevalier Mayer Van Den Bergh\">Lire plus<\/a><\/p>\n","protected":false},"featured_media":8143,"template":"","meta":{"_eb_attr":""},"product_brand":[],"product_cat":[15,37,75,71],"product_tag":[86],"class_list":{"0":"post-8087","1":"product","2":"type-product","3":"status-publish","4":"has-post-thumbnail","6":"product_cat-catalogue","7":"product_cat-a-partir-du-xxeme-siecle","8":"product_cat-art","9":"product_cat-illustres-modernes-editions-originales-signees-numerotees","10":"product_tag-illustre","11":"sales-flash-overlay","12":"woocommerce-text-align-center","13":"woocommerce-image-align-center","14":"wc-has-gallery","16":"first","17":"instock","18":"sold-individually","19":"taxable","20":"shipping-taxable","21":"purchasable","22":"product-type-simple"},"aioseo_notices":[],"_links":{"self":[{"href":"https:\/\/www.livresentre2actions.fr\/fr_fr\/wp-json\/wp\/v2\/product\/8087","targetHints":{"allow":["GET"]}}],"collection":[{"href":"https:\/\/www.livresentre2actions.fr\/fr_fr\/wp-json\/wp\/v2\/product"}],"about":[{"href":"https:\/\/www.livresentre2actions.fr\/fr_fr\/wp-json\/wp\/v2\/types\/product"}],"wp:featuredmedia":[{"embeddable":true,"href":"https:\/\/www.livresentre2actions.fr\/fr_fr\/wp-json\/wp\/v2\/media\/8143"}],"wp:attachment":[{"href":"https:\/\/www.livresentre2actions.fr\/fr_fr\/wp-json\/wp\/v2\/media?parent=8087"}],"wp:term":[{"taxonomy":"product_brand","embeddable":true,"href":"https:\/\/www.livresentre2actions.fr\/fr_fr\/wp-json\/wp\/v2\/product_brand?post=8087"},{"taxonomy":"product_cat","embeddable":true,"href":"https:\/\/www.livresentre2actions.fr\/fr_fr\/wp-json\/wp\/v2\/product_cat?post=8087"},{"taxonomy":"product_tag","embeddable":true,"href":"https:\/\/www.livresentre2actions.fr\/fr_fr\/wp-json\/wp\/v2\/product_tag?post=8087"}],"curies":[{"name":"wp","href":"https:\/\/api.w.org\/{rel}","templated":true}]}}