{"id":8085,"date":"2024-12-06T09:42:33","date_gmt":"2024-12-06T08:42:33","guid":{"rendered":"http:\/\/localhost\/livresentre2actions\/?post_type=product&#038;p=8085"},"modified":"2026-01-25T09:24:39","modified_gmt":"2026-01-25T08:24:39","slug":"guidonis-papae-i-utriusque-consultissimi","status":"publish","type":"product","link":"https:\/\/www.livresentre2actions.fr\/fr_fr\/produit\/guidonis-papae-i-utriusque-consultissimi\/","title":{"rendered":"Guidonis papae i. utriusque consultissimi"},"content":{"rendered":"<p>A. Rambaudi, F. Pisardi, Steph. Ranchini, L. Rabotii, P. Matthaei, Ferrerii, N. Bonetonii<\/p>\n<p>Guidonis papae i. utriusque consultissimi et in augustissimo senatu grationopolitano regis consiliarij decisiones. Necnon Reverendi D. Ioannis A Cruce olim in eadem cuiria praesidis : nunc vero Episcopi Grationopolitani annotationibus illustratae, &amp; auctae et a plurimis erroribus expurgata qui antea irrepserant semsumque plurimis in locis euerterant. Quibus Colophonis instar accesserunt haec novissima editione acutissimae observationes, &amp; doctissimae lucubrationes Gasparis Baronis I.V.D. (\u2026) accessit novus index et auctus ex multis compilatus quod legentibus et requirentibus materias magnam facilitatem prastabit. Plein v\u00e9lin sans doute recouvert post\u00e9rieurement d\u2019un papier color\u00e9 grand caillouit\u00e9, \u00e0 dos long, 340 x 225. 1630. Excudebat Stephanus Camonetus &#8211; Nouvelle \u00e9dition. Pagin\u00e9, complet. 595 p. Suivi de Decisiones guidonis papae iggrationopolitani commentaria instatutum delphinale si qui per litteras, pagin\u00e9 3 \u00e0 74. Int\u00e9rieur avec mouillures, rousseurs d\u2019intensit\u00e9 variable. Et travail de vers en marge p415 \u00e0 440, sans atteinte au texte, et 470 \u00e0 500, sans atteinte except\u00e9 une note de marge. Nous joignons un billet manuscrit de 1709. Plats et dos insol\u00e9s te frott\u00e9s, avec manque de papier couleur en plein plat sup\u00e9rieur, et un petit morceau en plat inf\u00e9rieur et manque en dos. Quelques trous de vers en plat sup\u00e9rieur ; coins et champs frott\u00e9s, coins l\u00e9g\u00e8rement \u00e9mouss\u00e9s ; trace de mouillure en plat sup\u00e9rieur. Exemplaire bien ferme.<\/p>\n","protected":false},"excerpt":{"rendered":"<p>Guidonis papae i. utriusque consultissimi et in augustissimo senatu grationopolitano regis consiliarij decisiones &#8211; Excudebat Stephanus Camonetus, Excudebat Stephanus Camonetus, 1630. Nouvelle \u00e9dition. Pagin\u00e9, complet. 595 p. Suivi de Decisiones guidonis papae iggrationopolitani commentaria instatutum delphinale si qui per litteras,<\/p>\n","protected":false},"featured_media":8115,"template":"","meta":{"_eb_attr":""},"product_brand":[],"product_cat":[15,35,68],"product_tag":[30],"class_list":{"0":"post-8085","1":"product","2":"type-product","3":"status-publish","4":"has-post-thumbnail","6":"product_cat-catalogue","7":"product_cat-jusquau-xviiemesiecle","8":"product_cat-religion-spiritualite","9":"product_tag-nouveaute","10":"sales-flash-overlay","11":"woocommerce-text-align-center","12":"woocommerce-image-align-center","13":"wc-has-gallery","15":"first","16":"instock","17":"sold-individually","18":"taxable","19":"shipping-taxable","20":"purchasable","21":"product-type-simple"},"aioseo_notices":[],"_links":{"self":[{"href":"https:\/\/www.livresentre2actions.fr\/fr_fr\/wp-json\/wp\/v2\/product\/8085","targetHints":{"allow":["GET"]}}],"collection":[{"href":"https:\/\/www.livresentre2actions.fr\/fr_fr\/wp-json\/wp\/v2\/product"}],"about":[{"href":"https:\/\/www.livresentre2actions.fr\/fr_fr\/wp-json\/wp\/v2\/types\/product"}],"wp:featuredmedia":[{"embeddable":true,"href":"https:\/\/www.livresentre2actions.fr\/fr_fr\/wp-json\/wp\/v2\/media\/8115"}],"wp:attachment":[{"href":"https:\/\/www.livresentre2actions.fr\/fr_fr\/wp-json\/wp\/v2\/media?parent=8085"}],"wp:term":[{"taxonomy":"product_brand","embeddable":true,"href":"https:\/\/www.livresentre2actions.fr\/fr_fr\/wp-json\/wp\/v2\/product_brand?post=8085"},{"taxonomy":"product_cat","embeddable":true,"href":"https:\/\/www.livresentre2actions.fr\/fr_fr\/wp-json\/wp\/v2\/product_cat?post=8085"},{"taxonomy":"product_tag","embeddable":true,"href":"https:\/\/www.livresentre2actions.fr\/fr_fr\/wp-json\/wp\/v2\/product_tag?post=8085"}],"curies":[{"name":"wp","href":"https:\/\/api.w.org\/{rel}","templated":true}]}}