{"id":20570,"date":"2026-02-04T16:11:59","date_gmt":"2026-02-04T15:11:59","guid":{"rendered":"https:\/\/www.livresentre2actions.fr\/?post_type=product&#038;p=20570"},"modified":"2026-05-04T16:12:33","modified_gmt":"2026-05-04T14:12:33","slug":"considerations-sur-les-causes-de-la-grandeur-des-romains-montesquieu","status":"publish","type":"product","link":"https:\/\/www.livresentre2actions.fr\/fr_fr\/produit\/considerations-sur-les-causes-de-la-grandeur-des-romains-montesquieu\/","title":{"rendered":"Consid\u00e9rations sur les causes de la grandeur des Romains, Montesquieu"},"content":{"rendered":"<p>L. de Bure, Libraire<\/p>\n<p>Superbe pleine basane havane, dos \u00e0 faux-nerfs orn\u00e9 d\u00bfune pi\u00e8ce de titre brune \u00e0 liser\u00e9s, frises aux nerfs, entrenerfs estamp\u00e9s et color\u00e9s noirs d\u00bfun motif floral, frise spectaculaire en queue, et en entrenerfs m\u00e9dian, frise en coiffe ; plats \u00e0 liser\u00e9s encadrant un estampage spectaculaire avec un losange centrale entour\u00e9 de cercles \u00e0 motif floral de diff\u00e9rentes tailles ; champs orn\u00e9s d\u00bfun frise aux coins ; contreplat orn\u00e9s d\u00bfune frise, joli papier petit caillout\u00e9 en gardes , toutes tranches dor\u00e9es, 118 x 80, 341p. Avec table. 1825. Int\u00e9rieur propre et int\u00e8gre. Quelques \u00e9pidemrures aux plats, coins et champs frott\u00e9s mais bons ; mors frott\u00e9s avec tr\u00e8s br\u00e8ve fente en t\u00eate et queue ; \u00e9pidermures en queue<\/p>\n","protected":false},"excerpt":{"rendered":"<p>L. de Bure, Libraire Superbe pleine basane havane, dos \u00e0 faux-nerfs orn\u00e9 d\u00bfune pi\u00e8ce de titre brune \u00e0 liser\u00e9s, frises aux nerfs, entrenerfs estamp\u00e9s et color\u00e9s noirs d\u00bfun motif floral, frise spectaculaire en queue, et en entrenerfs m\u00e9dian, frise en coiffe ; plats \u00e0 liser\u00e9s encadrant un estampage spectaculaire avec un losange centrale entour\u00e9 de &#8230; <a title=\"Consid\u00e9rations sur les causes de la grandeur des Romains, Montesquieu\" class=\"read-more\" href=\"https:\/\/www.livresentre2actions.fr\/fr_fr\/produit\/considerations-sur-les-causes-de-la-grandeur-des-romains-montesquieu\/\" aria-label=\"En savoir plus sur Consid\u00e9rations sur les causes de la grandeur des Romains, Montesquieu\">Lire plus<\/a><\/p>\n","protected":false},"featured_media":20572,"template":"","meta":{"_eb_attr":""},"product_brand":[],"product_cat":[36,73,82],"product_tag":[95],"class_list":{"0":"post-20570","1":"product","2":"type-product","3":"status-publish","4":"has-post-thumbnail","6":"product_cat-entre-le-xviiieme-et-le-xixeme-siecle","7":"product_cat-histoires-et-recits-de-voyage","8":"product_cat-philosophie","9":"product_tag-reliure","10":"sales-flash-overlay","11":"woocommerce-text-align-center","12":"woocommerce-image-align-center","13":"wc-has-gallery","15":"first","16":"instock","17":"taxable","18":"shipping-taxable","19":"purchasable","20":"product-type-simple"},"aioseo_notices":[],"_links":{"self":[{"href":"https:\/\/www.livresentre2actions.fr\/fr_fr\/wp-json\/wp\/v2\/product\/20570","targetHints":{"allow":["GET"]}}],"collection":[{"href":"https:\/\/www.livresentre2actions.fr\/fr_fr\/wp-json\/wp\/v2\/product"}],"about":[{"href":"https:\/\/www.livresentre2actions.fr\/fr_fr\/wp-json\/wp\/v2\/types\/product"}],"wp:featuredmedia":[{"embeddable":true,"href":"https:\/\/www.livresentre2actions.fr\/fr_fr\/wp-json\/wp\/v2\/media\/20572"}],"wp:attachment":[{"href":"https:\/\/www.livresentre2actions.fr\/fr_fr\/wp-json\/wp\/v2\/media?parent=20570"}],"wp:term":[{"taxonomy":"product_brand","embeddable":true,"href":"https:\/\/www.livresentre2actions.fr\/fr_fr\/wp-json\/wp\/v2\/product_brand?post=20570"},{"taxonomy":"product_cat","embeddable":true,"href":"https:\/\/www.livresentre2actions.fr\/fr_fr\/wp-json\/wp\/v2\/product_cat?post=20570"},{"taxonomy":"product_tag","embeddable":true,"href":"https:\/\/www.livresentre2actions.fr\/fr_fr\/wp-json\/wp\/v2\/product_tag?post=20570"}],"curies":[{"name":"wp","href":"https:\/\/api.w.org\/{rel}","templated":true}]}}