{"id":20559,"date":"2026-02-04T16:00:31","date_gmt":"2026-02-04T15:00:31","guid":{"rendered":"https:\/\/www.livresentre2actions.fr\/?post_type=product&#038;p=20559"},"modified":"2026-05-04T16:13:05","modified_gmt":"2026-05-04T14:13:05","slug":"le-compere-mathieu-ou-les-bigarrures-de-lesprit-humain-4-tomes-en-deux-volumes","status":"publish","type":"product","link":"https:\/\/www.livresentre2actions.fr\/fr_fr\/produit\/le-compere-mathieu-ou-les-bigarrures-de-lesprit-humain-4-tomes-en-deux-volumes\/","title":{"rendered":"\u200eLe comp\u00e8re Mathieu, ou les bigarrures de l&rsquo;esprit humain, 4 tomes en deux volumes"},"content":{"rendered":"<p>Sans nom d\u2019auteur [Abb\u00e9 Du Laurens, Henri-Joseph] &#8211; Chez Corbet a\u00een\u00e9, libraire<\/p>\n<p>Cartonnage marron marbr\u00e9 \u00e0 dos long orn\u00e9 d\u2019une pi\u00e8ce de titre rouge avec tomaison, 171 x 110, 1832. Volume I\u00a0: Tome I, 176p. Avec tble. Et tome II, 155p. Avec tble. Frontispice \u00e0 chaque tome. Volume II\u00a0: Tome III, 168p. Avec tble. Tome IV, 168p. Avec tble. Frontispice \u00e0 chaque tome. Pour les deux volumes, rousseurs abondantes et continues. Des frottement aux cartonnages, avec des manques aux mors.<\/p>\n<p>&nbsp;<\/p>\n","protected":false},"excerpt":{"rendered":"<p>Sans nom d\u2019auteur [Abb\u00e9 Du Laurens, Henri-Joseph] &#8211; Chez Corbet a\u00een\u00e9, libraire Cartonnage marron marbr\u00e9 \u00e0 dos long orn\u00e9 d\u2019une pi\u00e8ce de titre rouge avec tomaison, 171 x 110, 1832. Volume I\u00a0: Tome I, 176p. Avec tble. Et tome II, 155p. Avec tble. Frontispice \u00e0 chaque tome. Volume II\u00a0: Tome III, 168p. Avec tble. Tome &#8230; <a title=\"\u200eLe comp\u00e8re Mathieu, ou les bigarrures de l&rsquo;esprit humain, 4 tomes en deux volumes\" class=\"read-more\" href=\"https:\/\/www.livresentre2actions.fr\/fr_fr\/produit\/le-compere-mathieu-ou-les-bigarrures-de-lesprit-humain-4-tomes-en-deux-volumes\/\" aria-label=\"En savoir plus sur \u200eLe comp\u00e8re Mathieu, ou les bigarrures de l&rsquo;esprit humain, 4 tomes en deux volumes\">Lire plus<\/a><\/p>\n","protected":false},"featured_media":20560,"template":"","meta":{"_eb_attr":""},"product_brand":[],"product_cat":[36,82,68],"product_tag":[86],"class_list":{"0":"post-20559","1":"product","2":"type-product","3":"status-publish","4":"has-post-thumbnail","6":"product_cat-entre-le-xviiieme-et-le-xixeme-siecle","7":"product_cat-philosophie","8":"product_cat-religion-spiritualite","9":"product_tag-illustre","10":"sales-flash-overlay","11":"woocommerce-text-align-center","12":"woocommerce-image-align-center","13":"wc-has-gallery","15":"first","16":"instock","17":"taxable","18":"shipping-taxable","19":"purchasable","20":"product-type-simple"},"aioseo_notices":[],"_links":{"self":[{"href":"https:\/\/www.livresentre2actions.fr\/fr_fr\/wp-json\/wp\/v2\/product\/20559","targetHints":{"allow":["GET"]}}],"collection":[{"href":"https:\/\/www.livresentre2actions.fr\/fr_fr\/wp-json\/wp\/v2\/product"}],"about":[{"href":"https:\/\/www.livresentre2actions.fr\/fr_fr\/wp-json\/wp\/v2\/types\/product"}],"wp:featuredmedia":[{"embeddable":true,"href":"https:\/\/www.livresentre2actions.fr\/fr_fr\/wp-json\/wp\/v2\/media\/20560"}],"wp:attachment":[{"href":"https:\/\/www.livresentre2actions.fr\/fr_fr\/wp-json\/wp\/v2\/media?parent=20559"}],"wp:term":[{"taxonomy":"product_brand","embeddable":true,"href":"https:\/\/www.livresentre2actions.fr\/fr_fr\/wp-json\/wp\/v2\/product_brand?post=20559"},{"taxonomy":"product_cat","embeddable":true,"href":"https:\/\/www.livresentre2actions.fr\/fr_fr\/wp-json\/wp\/v2\/product_cat?post=20559"},{"taxonomy":"product_tag","embeddable":true,"href":"https:\/\/www.livresentre2actions.fr\/fr_fr\/wp-json\/wp\/v2\/product_tag?post=20559"}],"curies":[{"name":"wp","href":"https:\/\/api.w.org\/{rel}","templated":true}]}}