{"id":20543,"date":"2026-02-04T15:23:22","date_gmt":"2026-02-04T14:23:22","guid":{"rendered":"https:\/\/www.livresentre2actions.fr\/?post_type=product&#038;p=20543"},"modified":"2026-05-04T16:13:21","modified_gmt":"2026-05-04T14:13:21","slug":"graduel-romain-a-lusage-du-diocese-de-grenoble","status":"publish","type":"product","link":"https:\/\/www.livresentre2actions.fr\/fr_fr\/produit\/graduel-romain-a-lusage-du-diocese-de-grenoble\/","title":{"rendered":"Graduel romain \u00e0 l\u2019usage du dioc\u00e8se de Grenoble"},"content":{"rendered":"<p>Collectif (Marie-Achille, imprimatur) &#8211; Au Grand S\u00e9minaire dioc\u00e9sain<\/p>\n<p>Pleine basane marbr\u00e9e \u00e0 recouvrement, \u00e0 dos long, orn\u00e9 d\u2019une pi\u00e8ce de titre en maroquin noir, et de guirlandes \u00e0 liser\u00e9s, 196 x 132, 813p. 1868. Un ex-libris manuscrit en garde. Int\u00e9rieur insol\u00e9 mais propre et int\u00e8gre. Tranches grises, avec quelques rousseurs et traces de mouillures en pied de tranche de goutti\u00e8re. Coins et champs frott\u00e9s. Plats, dos et mors frott\u00e9s, avec \u00e9pidermures et griffes, quelques petits manques en pi\u00e8ces de titres. Bien ferme.<\/p>\n","protected":false},"excerpt":{"rendered":"<p>Collectif (Marie-Achille, imprimatur) &#8211; Au Grand S\u00e9minaire dioc\u00e9sain Pleine basane marbr\u00e9e \u00e0 recouvrement, \u00e0 dos long, orn\u00e9 d\u2019une pi\u00e8ce de titre en maroquin noir, et de guirlandes \u00e0 liser\u00e9s, 196 x 132, 813p. 1868. Un ex-libris manuscrit en garde. Int\u00e9rieur insol\u00e9 mais propre et int\u00e8gre. Tranches grises, avec quelques rousseurs et traces de mouillures en &#8230; <a title=\"Graduel romain \u00e0 l\u2019usage du dioc\u00e8se de Grenoble\" class=\"read-more\" href=\"https:\/\/www.livresentre2actions.fr\/fr_fr\/produit\/graduel-romain-a-lusage-du-diocese-de-grenoble\/\" aria-label=\"En savoir plus sur Graduel romain \u00e0 l\u2019usage du dioc\u00e8se de Grenoble\">Lire plus<\/a><\/p>\n","protected":false},"featured_media":20544,"template":"","meta":{"_eb_attr":""},"product_brand":[],"product_cat":[36,97,68],"product_tag":[],"class_list":{"0":"post-20543","1":"product","2":"type-product","3":"status-publish","4":"has-post-thumbnail","6":"product_cat-entre-le-xviiieme-et-le-xixeme-siecle","7":"product_cat-regionalia-divers","8":"product_cat-religion-spiritualite","9":"sales-flash-overlay","10":"woocommerce-text-align-center","11":"woocommerce-image-align-center","12":"wc-has-gallery","14":"first","15":"instock","16":"taxable","17":"shipping-taxable","18":"purchasable","19":"product-type-simple"},"aioseo_notices":[],"_links":{"self":[{"href":"https:\/\/www.livresentre2actions.fr\/fr_fr\/wp-json\/wp\/v2\/product\/20543","targetHints":{"allow":["GET"]}}],"collection":[{"href":"https:\/\/www.livresentre2actions.fr\/fr_fr\/wp-json\/wp\/v2\/product"}],"about":[{"href":"https:\/\/www.livresentre2actions.fr\/fr_fr\/wp-json\/wp\/v2\/types\/product"}],"wp:featuredmedia":[{"embeddable":true,"href":"https:\/\/www.livresentre2actions.fr\/fr_fr\/wp-json\/wp\/v2\/media\/20544"}],"wp:attachment":[{"href":"https:\/\/www.livresentre2actions.fr\/fr_fr\/wp-json\/wp\/v2\/media?parent=20543"}],"wp:term":[{"taxonomy":"product_brand","embeddable":true,"href":"https:\/\/www.livresentre2actions.fr\/fr_fr\/wp-json\/wp\/v2\/product_brand?post=20543"},{"taxonomy":"product_cat","embeddable":true,"href":"https:\/\/www.livresentre2actions.fr\/fr_fr\/wp-json\/wp\/v2\/product_cat?post=20543"},{"taxonomy":"product_tag","embeddable":true,"href":"https:\/\/www.livresentre2actions.fr\/fr_fr\/wp-json\/wp\/v2\/product_tag?post=20543"}],"curies":[{"name":"wp","href":"https:\/\/api.w.org\/{rel}","templated":true}]}}