{"id":20502,"date":"2026-02-22T18:19:00","date_gmt":"2026-02-22T17:19:00","guid":{"rendered":"https:\/\/www.livresentre2actions.fr\/?post_type=product&#038;p=20502"},"modified":"2026-04-22T18:20:26","modified_gmt":"2026-04-22T16:20:26","slug":"souvenirs-numismatiques-de-la-revolution-de-1848","status":"publish","type":"product","link":"https:\/\/www.livresentre2actions.fr\/fr_fr\/produit\/souvenirs-numismatiques-de-la-revolution-de-1848\/","title":{"rendered":"Souvenirs numismatiques de la R\u00e9volution de 1848"},"content":{"rendered":"<p>Recueil complet des m\u00e9dailles, monnaies et jetons qui ont paru en France depuis le 22 f\u00e9vrier jusqu\u2019au 20 d\u00e9cembre 1848. &#8211; Plein chagrin noir, dos \u00e0 faux-nerfs orn\u00e9 du titre et de liser\u00e9s estamp\u00e9s, tranches marbr\u00e9es, 277 x 222, 111p. Sans date. Bien complet des 60 planches. Int\u00e9rieur l\u00e9g\u00e8rement insol\u00e9, rares rousseurs (sauf en garde et derni\u00e8res pages). Plats frott\u00e9s avec \u00e9pidermures et griffes. Coins et champs frott\u00e9s, . Bon exemplaire bien ferme.<\/p>\n","protected":false},"excerpt":{"rendered":"<p>Recueil complet des m\u00e9dailles, monnaies et jetons qui ont paru en France depuis le 22 f\u00e9vrier jusqu\u2019au 20 d\u00e9cembre 1848. &#8211; Plein chagrin noir, dos \u00e0 faux-nerfs orn\u00e9 du titre et de liser\u00e9s estamp\u00e9s, tranches marbr\u00e9es, 277 x 222, 111p. Sans date. Bien complet des 60 planches. Int\u00e9rieur l\u00e9g\u00e8rement insol\u00e9, rares rousseurs (sauf en garde &#8230; <a title=\"Souvenirs numismatiques de la R\u00e9volution de 1848\" class=\"read-more\" href=\"https:\/\/www.livresentre2actions.fr\/fr_fr\/produit\/souvenirs-numismatiques-de-la-revolution-de-1848\/\" aria-label=\"En savoir plus sur Souvenirs numismatiques de la R\u00e9volution de 1848\">Lire plus<\/a><\/p>\n","protected":false},"featured_media":20503,"template":"","meta":{"_eb_attr":""},"product_brand":[],"product_cat":[36,71,85],"product_tag":[86],"class_list":{"0":"post-20502","1":"product","2":"type-product","3":"status-publish","4":"has-post-thumbnail","6":"product_cat-entre-le-xviiieme-et-le-xixeme-siecle","7":"product_cat-illustres-modernes-editions-originales-signees-numerotees","8":"product_cat-heraldisme-numismatique","9":"product_tag-illustre","10":"sales-flash-overlay","11":"woocommerce-text-align-center","12":"woocommerce-image-align-center","13":"wc-has-gallery","15":"first","16":"instock","17":"taxable","18":"shipping-taxable","19":"purchasable","20":"product-type-simple"},"aioseo_notices":[],"_links":{"self":[{"href":"https:\/\/www.livresentre2actions.fr\/fr_fr\/wp-json\/wp\/v2\/product\/20502","targetHints":{"allow":["GET"]}}],"collection":[{"href":"https:\/\/www.livresentre2actions.fr\/fr_fr\/wp-json\/wp\/v2\/product"}],"about":[{"href":"https:\/\/www.livresentre2actions.fr\/fr_fr\/wp-json\/wp\/v2\/types\/product"}],"wp:featuredmedia":[{"embeddable":true,"href":"https:\/\/www.livresentre2actions.fr\/fr_fr\/wp-json\/wp\/v2\/media\/20503"}],"wp:attachment":[{"href":"https:\/\/www.livresentre2actions.fr\/fr_fr\/wp-json\/wp\/v2\/media?parent=20502"}],"wp:term":[{"taxonomy":"product_brand","embeddable":true,"href":"https:\/\/www.livresentre2actions.fr\/fr_fr\/wp-json\/wp\/v2\/product_brand?post=20502"},{"taxonomy":"product_cat","embeddable":true,"href":"https:\/\/www.livresentre2actions.fr\/fr_fr\/wp-json\/wp\/v2\/product_cat?post=20502"},{"taxonomy":"product_tag","embeddable":true,"href":"https:\/\/www.livresentre2actions.fr\/fr_fr\/wp-json\/wp\/v2\/product_tag?post=20502"}],"curies":[{"name":"wp","href":"https:\/\/api.w.org\/{rel}","templated":true}]}}