{"id":20442,"date":"2026-02-14T16:38:05","date_gmt":"2026-02-14T15:38:05","guid":{"rendered":"https:\/\/www.livresentre2actions.fr\/?post_type=product&#038;p=20442"},"modified":"2026-04-14T16:39:47","modified_gmt":"2026-04-14T14:39:47","slug":"blanche-de-quelen-ou-lheroine-chretienne-episode-des-croisades","status":"publish","type":"product","link":"https:\/\/www.livresentre2actions.fr\/fr_fr\/produit\/blanche-de-quelen-ou-lheroine-chretienne-episode-des-croisades\/","title":{"rendered":"Blanche de Quelen ou l\u2019H\u00e9ro\u00efne chr\u00e9tienne. \u00c9pisode des croisades"},"content":{"rendered":"<p>Abb\u00e9 L.-.A. de Montigny &#8211; P.-C. Lehuby<\/p>\n<p>Pleine toile \u00e9diteur \u00e0 dos long orn\u00e9 du titre et de l\u2019\u00e9diteur, plats estamp\u00e9s et orn\u00e9s, toutes tranches dor\u00e9es, 215 x 140, 408p. 1845. 1\u00e8re \u00e9d. Frontispice et 3 dessins de Lemercier, imprim\u00e9s en deux couleurs. Int\u00e9rieur propre, rousseurs marginales. Coins l\u00e9g\u00e8rement \u00e9mouss\u00e9s, plats tr\u00e8s frott\u00e9s. Dos avec petits manques en t\u00eate et queue des morts. Bien ferme.<\/p>\n","protected":false},"excerpt":{"rendered":"<p>Abb\u00e9 L.-.A. de Montigny &#8211; P.-C. Lehuby Pleine toile \u00e9diteur \u00e0 dos long orn\u00e9 du titre et de l\u2019\u00e9diteur, plats estamp\u00e9s et orn\u00e9s, toutes tranches dor\u00e9es, 215 x 140, 408p. 1845. 1\u00e8re \u00e9d. Frontispice et 3 dessins de Lemercier, imprim\u00e9s en deux couleurs. Int\u00e9rieur propre, rousseurs marginales. Coins l\u00e9g\u00e8rement \u00e9mouss\u00e9s, plats tr\u00e8s frott\u00e9s. Dos avec &#8230; <a title=\"Blanche de Quelen ou l\u2019H\u00e9ro\u00efne chr\u00e9tienne. \u00c9pisode des croisades\" class=\"read-more\" href=\"https:\/\/www.livresentre2actions.fr\/fr_fr\/produit\/blanche-de-quelen-ou-lheroine-chretienne-episode-des-croisades\/\" aria-label=\"En savoir plus sur Blanche de Quelen ou l\u2019H\u00e9ro\u00efne chr\u00e9tienne. \u00c9pisode des croisades\">Lire plus<\/a><\/p>\n","protected":false},"featured_media":20443,"template":"","meta":{"_eb_attr":""},"product_brand":[],"product_cat":[36,74,73,68],"product_tag":[86],"class_list":{"0":"post-20442","1":"product","2":"type-product","3":"status-publish","4":"has-post-thumbnail","6":"product_cat-entre-le-xviiieme-et-le-xixeme-siecle","7":"product_cat-collections","8":"product_cat-histoires-et-recits-de-voyage","9":"product_cat-religion-spiritualite","10":"product_tag-illustre","11":"sales-flash-overlay","12":"woocommerce-text-align-center","13":"woocommerce-image-align-center","14":"wc-has-gallery","16":"first","17":"instock","18":"taxable","19":"shipping-taxable","20":"purchasable","21":"product-type-simple"},"aioseo_notices":[],"_links":{"self":[{"href":"https:\/\/www.livresentre2actions.fr\/fr_fr\/wp-json\/wp\/v2\/product\/20442","targetHints":{"allow":["GET"]}}],"collection":[{"href":"https:\/\/www.livresentre2actions.fr\/fr_fr\/wp-json\/wp\/v2\/product"}],"about":[{"href":"https:\/\/www.livresentre2actions.fr\/fr_fr\/wp-json\/wp\/v2\/types\/product"}],"wp:featuredmedia":[{"embeddable":true,"href":"https:\/\/www.livresentre2actions.fr\/fr_fr\/wp-json\/wp\/v2\/media\/20443"}],"wp:attachment":[{"href":"https:\/\/www.livresentre2actions.fr\/fr_fr\/wp-json\/wp\/v2\/media?parent=20442"}],"wp:term":[{"taxonomy":"product_brand","embeddable":true,"href":"https:\/\/www.livresentre2actions.fr\/fr_fr\/wp-json\/wp\/v2\/product_brand?post=20442"},{"taxonomy":"product_cat","embeddable":true,"href":"https:\/\/www.livresentre2actions.fr\/fr_fr\/wp-json\/wp\/v2\/product_cat?post=20442"},{"taxonomy":"product_tag","embeddable":true,"href":"https:\/\/www.livresentre2actions.fr\/fr_fr\/wp-json\/wp\/v2\/product_tag?post=20442"}],"curies":[{"name":"wp","href":"https:\/\/api.w.org\/{rel}","templated":true}]}}