{"id":20436,"date":"2026-02-14T15:30:30","date_gmt":"2026-02-14T14:30:30","guid":{"rendered":"https:\/\/www.livresentre2actions.fr\/?post_type=product&#038;p=20436"},"modified":"2026-04-14T15:30:59","modified_gmt":"2026-04-14T13:30:59","slug":"journal-etats-unis-1946-andre-maurois","status":"publish","type":"product","link":"https:\/\/www.livresentre2actions.fr\/fr_fr\/produit\/journal-etats-unis-1946-andre-maurois\/","title":{"rendered":"Journal (Etats-Unis 1946), Andr\u00e9 Maurois"},"content":{"rendered":"<p>Pleine toile rouge \u00e0 dos long orn\u00e9 d&rsquo;une pi\u00e8ce de titre en maroquin rouge, 192 x 123. 290p. 1946. Premi\u00e8re \u00e9dition. Avec un bel ex-libris Gustave Estaquier coll\u00e9 en contreplat sup\u00e9rieur. Bel exemplaire. Propre et int\u00e8gre, bien ferme.<\/p>\n","protected":false},"excerpt":{"rendered":"<p>Pleine toile rouge \u00e0 dos long orn\u00e9 d&rsquo;une pi\u00e8ce de titre en maroquin rouge, 192 x 123. 290p. 1946. Premi\u00e8re \u00e9dition. Avec un bel ex-libris Gustave Estaquier coll\u00e9 en contreplat sup\u00e9rieur. Bel exemplaire. Propre et int\u00e8gre, bien ferme.<\/p>\n","protected":false},"featured_media":20437,"template":"","meta":{"_eb_attr":""},"product_brand":[],"product_cat":[37,73],"product_tag":[94],"class_list":{"0":"post-20436","1":"product","2":"type-product","3":"status-publish","4":"has-post-thumbnail","6":"product_cat-a-partir-du-xxeme-siecle","7":"product_cat-histoires-et-recits-de-voyage","8":"product_tag-provenance","9":"sales-flash-overlay","10":"woocommerce-text-align-center","11":"woocommerce-image-align-center","12":"wc-has-gallery","14":"first","15":"instock","16":"taxable","17":"shipping-taxable","18":"purchasable","19":"product-type-simple"},"aioseo_notices":[],"_links":{"self":[{"href":"https:\/\/www.livresentre2actions.fr\/fr_fr\/wp-json\/wp\/v2\/product\/20436","targetHints":{"allow":["GET"]}}],"collection":[{"href":"https:\/\/www.livresentre2actions.fr\/fr_fr\/wp-json\/wp\/v2\/product"}],"about":[{"href":"https:\/\/www.livresentre2actions.fr\/fr_fr\/wp-json\/wp\/v2\/types\/product"}],"wp:featuredmedia":[{"embeddable":true,"href":"https:\/\/www.livresentre2actions.fr\/fr_fr\/wp-json\/wp\/v2\/media\/20437"}],"wp:attachment":[{"href":"https:\/\/www.livresentre2actions.fr\/fr_fr\/wp-json\/wp\/v2\/media?parent=20436"}],"wp:term":[{"taxonomy":"product_brand","embeddable":true,"href":"https:\/\/www.livresentre2actions.fr\/fr_fr\/wp-json\/wp\/v2\/product_brand?post=20436"},{"taxonomy":"product_cat","embeddable":true,"href":"https:\/\/www.livresentre2actions.fr\/fr_fr\/wp-json\/wp\/v2\/product_cat?post=20436"},{"taxonomy":"product_tag","embeddable":true,"href":"https:\/\/www.livresentre2actions.fr\/fr_fr\/wp-json\/wp\/v2\/product_tag?post=20436"}],"curies":[{"name":"wp","href":"https:\/\/api.w.org\/{rel}","templated":true}]}}