{"id":20395,"date":"2026-02-11T15:55:19","date_gmt":"2026-02-11T14:55:19","guid":{"rendered":"https:\/\/www.livresentre2actions.fr\/?post_type=product&#038;p=20395"},"modified":"2026-04-11T16:25:01","modified_gmt":"2026-04-11T14:25:01","slug":"la-purete-jean-guibert","status":"publish","type":"product","link":"https:\/\/www.livresentre2actions.fr\/fr_fr\/produit\/la-purete-jean-guibert\/","title":{"rendered":"La bont\u00e9 &#8211; Jean Guibert"},"content":{"rendered":"<p>J. de Gigord \u00e9diteur &#8211; Pleine percaline noir, dos long orn\u00e9 des titre et auteur, 116 x 76, 194p. Avec tble. 1904 (Imprimatur). Vingt-neuvi\u00e8me mille. Texte encadr\u00e9. Quelques l\u00e9gers frottements \u00e0 la reliure, sinon tr\u00e8s bel exemplaire, propre, int\u00e8gre, bien ferme. \u00c9galement en stock\u00a0dans un format et une reliure identique\u00a0: La puret\u00e9 \/ Le caract\u00e8re.<\/p>\n","protected":false},"excerpt":{"rendered":"<p>J. de Gigord \u00e9diteur &#8211; Pleine percaline noir, dos long orn\u00e9 des titre et auteur, 116 x 76, 194p. Avec tble. 1904 (Imprimatur). Vingt-neuvi\u00e8me mille. Texte encadr\u00e9. Quelques l\u00e9gers frottements \u00e0 la reliure, sinon tr\u00e8s bel exemplaire, propre, int\u00e8gre, bien ferme. \u00c9galement en stock\u00a0dans un format et une reliure identique\u00a0: La puret\u00e9 \/ Le caract\u00e8re.<\/p>\n","protected":false},"featured_media":20396,"template":"","meta":{"_eb_attr":""},"product_brand":[],"product_cat":[37,68],"product_tag":[],"class_list":{"0":"post-20395","1":"product","2":"type-product","3":"status-publish","4":"has-post-thumbnail","6":"product_cat-a-partir-du-xxeme-siecle","7":"product_cat-religion-spiritualite","8":"sales-flash-overlay","9":"woocommerce-text-align-center","10":"woocommerce-image-align-center","11":"wc-has-gallery","13":"first","14":"instock","15":"taxable","16":"shipping-taxable","17":"purchasable","18":"product-type-simple"},"aioseo_notices":[],"_links":{"self":[{"href":"https:\/\/www.livresentre2actions.fr\/fr_fr\/wp-json\/wp\/v2\/product\/20395","targetHints":{"allow":["GET"]}}],"collection":[{"href":"https:\/\/www.livresentre2actions.fr\/fr_fr\/wp-json\/wp\/v2\/product"}],"about":[{"href":"https:\/\/www.livresentre2actions.fr\/fr_fr\/wp-json\/wp\/v2\/types\/product"}],"wp:featuredmedia":[{"embeddable":true,"href":"https:\/\/www.livresentre2actions.fr\/fr_fr\/wp-json\/wp\/v2\/media\/20396"}],"wp:attachment":[{"href":"https:\/\/www.livresentre2actions.fr\/fr_fr\/wp-json\/wp\/v2\/media?parent=20395"}],"wp:term":[{"taxonomy":"product_brand","embeddable":true,"href":"https:\/\/www.livresentre2actions.fr\/fr_fr\/wp-json\/wp\/v2\/product_brand?post=20395"},{"taxonomy":"product_cat","embeddable":true,"href":"https:\/\/www.livresentre2actions.fr\/fr_fr\/wp-json\/wp\/v2\/product_cat?post=20395"},{"taxonomy":"product_tag","embeddable":true,"href":"https:\/\/www.livresentre2actions.fr\/fr_fr\/wp-json\/wp\/v2\/product_tag?post=20395"}],"curies":[{"name":"wp","href":"https:\/\/api.w.org\/{rel}","templated":true}]}}