{"id":20382,"date":"2026-02-11T15:23:37","date_gmt":"2026-02-11T14:23:37","guid":{"rendered":"https:\/\/www.livresentre2actions.fr\/?post_type=product&#038;p=20382"},"modified":"2026-04-11T16:25:07","modified_gmt":"2026-04-11T14:25:07","slug":"histoire-des-guerres-et-des-negociations-qui-precederent-le-traite-de-vestphalie","status":"publish","type":"product","link":"https:\/\/www.livresentre2actions.fr\/fr_fr\/produit\/histoire-des-guerres-et-des-negociations-qui-precederent-le-traite-de-vestphalie\/","title":{"rendered":"Histoire des guerres  et des n\u00e9gociations  qui pr\u00e9c\u00e9d\u00e8rent le Trait\u00e9 de Vestphalie"},"content":{"rendered":"<p>Histoire des guerres et des n\u00e9gociations qui pr\u00e9c\u00e9d\u00e8rent le Trait\u00e9 de Vestphalie. sous le r\u00e8gne de Louis XIII et le Minist\u00e8re du Cardinal de Richelieu et du Cardinal Mazarin.<br \/>\nTome I<\/p>\n<p>P\u00e8re Bougeant [ Guillaume Hyacinthe Bougeant (1690-1743),] &#8211; Paris, chez Didot,\u00a0Nyon, Damonneville, Savoye<\/p>\n<p>Plein veau marbr\u00e9, dos \u00e0 cinq nerfs richement d\u00e9cor\u00e9 aux caissons, pi\u00e8ce de titre lie de vin, tomaison brune, tranches rouges, signet, champs d\u00e9cor\u00e9s, 173 x 105, 494p. 1751. Tome I seul. Garde, feuillet blanc, faux-titre, titre, adresse (2p.), Pr\u00e9face (10p.), Sommaire et texte. Avec une provenance\u00a0: ex-libris aux armes coll\u00e9 en contreplat sup\u00e9rieur\u00a0: Joly de la Vieville. Int\u00e9rieur tr\u00e8s bon, propre et int\u00e8gre. Epidermures aux champs, coins et plats, avec un manque en pied de plat sup\u00e9rieur pr\u00e8s du mors, et un petit en pied de plat inf\u00e9rieur. \u00c9pidermures aux mors, coiffe, queue, nerfs\u00a0; \u00e9pidermures et un manque au caisson de pied, et un manque en pi\u00e8ce de tomaison. Exemplaire bien ferme.<\/p>\n","protected":false},"excerpt":{"rendered":"<p>Histoire des guerres et des n\u00e9gociations qui pr\u00e9c\u00e9d\u00e8rent le Trait\u00e9 de Vestphalie. sous le r\u00e8gne de Louis XIII et le Minist\u00e8re du Cardinal de Richelieu et du Cardinal Mazarin. Tome I P\u00e8re Bougeant [ Guillaume Hyacinthe Bougeant (1690-1743),] &#8211; Paris, chez Didot,\u00a0Nyon, Damonneville, Savoye Plein veau marbr\u00e9, dos \u00e0 cinq nerfs richement d\u00e9cor\u00e9 aux caissons, &#8230; <a title=\"Histoire des guerres  et des n\u00e9gociations  qui pr\u00e9c\u00e9d\u00e8rent le Trait\u00e9 de Vestphalie\" class=\"read-more\" href=\"https:\/\/www.livresentre2actions.fr\/fr_fr\/produit\/histoire-des-guerres-et-des-negociations-qui-precederent-le-traite-de-vestphalie\/\" aria-label=\"En savoir plus sur Histoire des guerres  et des n\u00e9gociations  qui pr\u00e9c\u00e9d\u00e8rent le Trait\u00e9 de Vestphalie\">Lire plus<\/a><\/p>\n","protected":false},"featured_media":0,"template":"","meta":{"_eb_attr":""},"product_brand":[],"product_cat":[36,73,68],"product_tag":[],"class_list":{"0":"post-20382","1":"product","2":"type-product","3":"status-publish","5":"product_cat-entre-le-xviiieme-et-le-xixeme-siecle","6":"product_cat-histoires-et-recits-de-voyage","7":"product_cat-religion-spiritualite","8":"sales-flash-overlay","9":"woocommerce-text-align-center","10":"woocommerce-image-align-center","12":"first","13":"instock","14":"taxable","15":"shipping-taxable","16":"purchasable","17":"product-type-simple"},"aioseo_notices":[],"_links":{"self":[{"href":"https:\/\/www.livresentre2actions.fr\/fr_fr\/wp-json\/wp\/v2\/product\/20382","targetHints":{"allow":["GET"]}}],"collection":[{"href":"https:\/\/www.livresentre2actions.fr\/fr_fr\/wp-json\/wp\/v2\/product"}],"about":[{"href":"https:\/\/www.livresentre2actions.fr\/fr_fr\/wp-json\/wp\/v2\/types\/product"}],"wp:attachment":[{"href":"https:\/\/www.livresentre2actions.fr\/fr_fr\/wp-json\/wp\/v2\/media?parent=20382"}],"wp:term":[{"taxonomy":"product_brand","embeddable":true,"href":"https:\/\/www.livresentre2actions.fr\/fr_fr\/wp-json\/wp\/v2\/product_brand?post=20382"},{"taxonomy":"product_cat","embeddable":true,"href":"https:\/\/www.livresentre2actions.fr\/fr_fr\/wp-json\/wp\/v2\/product_cat?post=20382"},{"taxonomy":"product_tag","embeddable":true,"href":"https:\/\/www.livresentre2actions.fr\/fr_fr\/wp-json\/wp\/v2\/product_tag?post=20382"}],"curies":[{"name":"wp","href":"https:\/\/api.w.org\/{rel}","templated":true}]}}