{"id":20367,"date":"2026-04-11T14:22:54","date_gmt":"2026-04-11T12:22:54","guid":{"rendered":"https:\/\/www.livresentre2actions.fr\/?post_type=product&#038;p=20367"},"modified":"2026-04-11T14:22:58","modified_gmt":"2026-04-11T12:22:58","slug":"l-et-m-annaei-senecae-tragoediae-cum-notis-th-farnabii","status":"publish","type":"product","link":"https:\/\/www.livresentre2actions.fr\/fr_fr\/produit\/l-et-m-annaei-senecae-tragoediae-cum-notis-th-farnabii\/","title":{"rendered":"\u200eL. et M. Annaei Senecae Tragoediae cum notis Th. Farnabii"},"content":{"rendered":"<p>Lucius Annaeus Seneca &#8211; Amstelodami, Apud Danielem Elsevirium<\/p>\n<p>Els\u00e9vier plein veau d\u2019\u00e9poque, dos \u00e0 quatre nerfs, orn\u00e9 d\u2019une pi\u00e8ce de titre lie de vin, d\u00e9cor\u00e9 aux caissons, 122 x 70, 428p. 1678. Un feuillet de garde, titre grav\u00e9 (sans manque mais tach\u00e9 en pied), puis le texte pagin\u00e9 d\u00e8s les textes liminaires. Comptend\u00a0: M\u00e9d\u00e9a\u00a0; Hyppolitus\u00a0; Oedipus\u00a0; Troas\u00a0; Agamemnon\u00a0; Hercules furens\u00a0; Thyestes\u00a0; Thebais\u00a0; Hercules Oetaeus\u00a0; Octavia. Les dix pi\u00e8ces du corpus s\u00e9n\u00e9quien. Lettrines. Commentaires de Thomas Farnaby en pied de de page sur deux colonnes. Un ex-libris manuscrit en contreplat sup\u00e9rieur et un autre manuscrit en garde \u00ab\u00a0C. Corbin de l\u2019Oratoire\u00a0\u00bb.<\/p>\n<p>Int\u00e9rieur propre, frais, un petit manque en marge sans atteinte au texte \u00e0 l\u2019adresse au lecteur. Et donc petites taches en pied du titre. Un cahier sort l\u00e9g\u00e8rement. Coins et champs frott\u00e9s, coins \u00e9mouss\u00e9s. Mors sup\u00e9rieur fendu tout du long. Mors inf\u00e9rieur fendu en t\u00eate. \u00c9pidermures aux nerfs, coiffe et queue aras\u00e9es, des manques au premiers caisson. Elzevier compacte et soign\u00e9e des trag\u00e9dies compl\u00e8tes de S\u00e9n\u00e8que, publi\u00e9e \u00e0 Amsterdam en 1678 par Daniel Elzevir. Ce volume appartient au corpus des textes classiques elz\u00e9viriens, pris\u00e9s pour leur clart\u00e9, leur typographie soign\u00e9e, et leur format maniable\u00a0; l&rsquo;une des derni\u00e8res \u00e9ditions Elzevir (Daniel Elzevir meurt en 1680) ; cela lui conf\u00e8re un int\u00e9r\u00eat bibliophilique particulier<\/p>\n","protected":false},"excerpt":{"rendered":"<p>Lucius Annaeus Seneca &#8211; Amstelodami, Apud Danielem Elsevirium Els\u00e9vier plein veau d\u2019\u00e9poque, dos \u00e0 quatre nerfs, orn\u00e9 d\u2019une pi\u00e8ce de titre lie de vin, d\u00e9cor\u00e9 aux caissons, 122 x 70, 428p. 1678. Un feuillet de garde, titre grav\u00e9 (sans manque mais tach\u00e9 en pied), puis le texte pagin\u00e9 d\u00e8s les textes liminaires. Comptend\u00a0: M\u00e9d\u00e9a\u00a0; Hyppolitus\u00a0; &#8230; <a title=\"\u200eL. et M. Annaei Senecae Tragoediae cum notis Th. Farnabii\" class=\"read-more\" href=\"https:\/\/www.livresentre2actions.fr\/fr_fr\/produit\/l-et-m-annaei-senecae-tragoediae-cum-notis-th-farnabii\/\" aria-label=\"En savoir plus sur \u200eL. et M. Annaei Senecae Tragoediae cum notis Th. Farnabii\">Lire plus<\/a><\/p>\n","protected":false},"featured_media":20368,"template":"","meta":{"_eb_attr":""},"product_brand":[],"product_cat":[35,73],"product_tag":[],"class_list":{"0":"post-20367","1":"product","2":"type-product","3":"status-publish","4":"has-post-thumbnail","6":"product_cat-jusquau-xviiemesiecle","7":"product_cat-histoires-et-recits-de-voyage","8":"sales-flash-overlay","9":"woocommerce-text-align-center","10":"woocommerce-image-align-center","11":"wc-has-gallery","13":"first","14":"instock","15":"taxable","16":"shipping-taxable","17":"purchasable","18":"product-type-simple"},"aioseo_notices":[],"_links":{"self":[{"href":"https:\/\/www.livresentre2actions.fr\/fr_fr\/wp-json\/wp\/v2\/product\/20367","targetHints":{"allow":["GET"]}}],"collection":[{"href":"https:\/\/www.livresentre2actions.fr\/fr_fr\/wp-json\/wp\/v2\/product"}],"about":[{"href":"https:\/\/www.livresentre2actions.fr\/fr_fr\/wp-json\/wp\/v2\/types\/product"}],"wp:featuredmedia":[{"embeddable":true,"href":"https:\/\/www.livresentre2actions.fr\/fr_fr\/wp-json\/wp\/v2\/media\/20368"}],"wp:attachment":[{"href":"https:\/\/www.livresentre2actions.fr\/fr_fr\/wp-json\/wp\/v2\/media?parent=20367"}],"wp:term":[{"taxonomy":"product_brand","embeddable":true,"href":"https:\/\/www.livresentre2actions.fr\/fr_fr\/wp-json\/wp\/v2\/product_brand?post=20367"},{"taxonomy":"product_cat","embeddable":true,"href":"https:\/\/www.livresentre2actions.fr\/fr_fr\/wp-json\/wp\/v2\/product_cat?post=20367"},{"taxonomy":"product_tag","embeddable":true,"href":"https:\/\/www.livresentre2actions.fr\/fr_fr\/wp-json\/wp\/v2\/product_tag?post=20367"}],"curies":[{"name":"wp","href":"https:\/\/api.w.org\/{rel}","templated":true}]}}