{"id":20353,"date":"2026-02-11T13:56:45","date_gmt":"2026-02-11T12:56:45","guid":{"rendered":"https:\/\/www.livresentre2actions.fr\/?post_type=product&#038;p=20353"},"modified":"2026-04-11T16:25:16","modified_gmt":"2026-04-11T14:25:16","slug":"valerii-maximi-dictorum-factorumque-morabilium-libri-ix-2","status":"publish","type":"product","link":"https:\/\/www.livresentre2actions.fr\/fr_fr\/produit\/valerii-maximi-dictorum-factorumque-morabilium-libri-ix-2\/","title":{"rendered":"Valerii Maximi Dictorum factorumque Morabilium, Libri IX"},"content":{"rendered":"<p>Val\u00e8re Maxime &#8211; Amstelodami, juxta elzeviriorum<br \/>\nPlein veau, dos \u00e0 quatre nerfs, orn\u00e9 d\u2019une pi\u00e8ce de titre lie de vin, caissons orn\u00e9s,112 x 65, 328p. 1690. Titre grav\u00e9 int\u00e8gre. Comprend\u00a0: Valerii Maximi vita, 3p. Table des chapitres, 3p. Puis le texte. 2 lettrines, un cul-de-lampe. Provenance\u00a0: un ex-libris biff\u00e9 en marge de pied du titre et un autre en pied \u00ab\u00a0ex libris Francisci Marand\u00a0\u00bb . Reliure frott\u00e9e avec \u00e9pidermures limit\u00e9es. Mors sup\u00e9rieur l\u00e9g\u00e8rement fendu en pied, avec petit manque en bordure de dos. Coiffe avec un petit manque. Int\u00e9rieur propre, frais. Contrefa\u00e7on d\u2019une \u00e9dition Elzevier, imprim\u00e9e \u00e0 Amsterdam en imitant les caract\u00e8res et la mise en page des Elzevier. Selon Rahir (r\u00e9f. 3349), il s&rsquo;agit d&rsquo;une r\u00e9impression de l&rsquo;\u00e9dition publi\u00e9e en 1671 par Daniel Elzevier.<\/p>\n","protected":false},"excerpt":{"rendered":"<p>Val\u00e8re Maxime &#8211; Amstelodami, juxta elzeviriorum Plein veau, dos \u00e0 quatre nerfs, orn\u00e9 d\u2019une pi\u00e8ce de titre lie de vin, caissons orn\u00e9s,112 x 65, 328p. 1690. Titre grav\u00e9 int\u00e8gre. Comprend\u00a0: Valerii Maximi vita, 3p. Table des chapitres, 3p. Puis le texte. 2 lettrines, un cul-de-lampe. Provenance\u00a0: un ex-libris biff\u00e9 en marge de pied du titre &#8230; <a title=\"Valerii Maximi Dictorum factorumque Morabilium, Libri IX\" class=\"read-more\" href=\"https:\/\/www.livresentre2actions.fr\/fr_fr\/produit\/valerii-maximi-dictorum-factorumque-morabilium-libri-ix-2\/\" aria-label=\"En savoir plus sur Valerii Maximi Dictorum factorumque Morabilium, Libri IX\">Lire plus<\/a><\/p>\n","protected":false},"featured_media":20354,"template":"","meta":{"_eb_attr":""},"product_brand":[],"product_cat":[35,73],"product_tag":[],"class_list":{"0":"post-20353","1":"product","2":"type-product","3":"status-publish","4":"has-post-thumbnail","6":"product_cat-jusquau-xviiemesiecle","7":"product_cat-histoires-et-recits-de-voyage","8":"sales-flash-overlay","9":"woocommerce-text-align-center","10":"woocommerce-image-align-center","11":"wc-has-gallery","13":"first","14":"instock","15":"taxable","16":"shipping-taxable","17":"purchasable","18":"product-type-simple"},"aioseo_notices":[],"_links":{"self":[{"href":"https:\/\/www.livresentre2actions.fr\/fr_fr\/wp-json\/wp\/v2\/product\/20353","targetHints":{"allow":["GET"]}}],"collection":[{"href":"https:\/\/www.livresentre2actions.fr\/fr_fr\/wp-json\/wp\/v2\/product"}],"about":[{"href":"https:\/\/www.livresentre2actions.fr\/fr_fr\/wp-json\/wp\/v2\/types\/product"}],"wp:featuredmedia":[{"embeddable":true,"href":"https:\/\/www.livresentre2actions.fr\/fr_fr\/wp-json\/wp\/v2\/media\/20354"}],"wp:attachment":[{"href":"https:\/\/www.livresentre2actions.fr\/fr_fr\/wp-json\/wp\/v2\/media?parent=20353"}],"wp:term":[{"taxonomy":"product_brand","embeddable":true,"href":"https:\/\/www.livresentre2actions.fr\/fr_fr\/wp-json\/wp\/v2\/product_brand?post=20353"},{"taxonomy":"product_cat","embeddable":true,"href":"https:\/\/www.livresentre2actions.fr\/fr_fr\/wp-json\/wp\/v2\/product_cat?post=20353"},{"taxonomy":"product_tag","embeddable":true,"href":"https:\/\/www.livresentre2actions.fr\/fr_fr\/wp-json\/wp\/v2\/product_tag?post=20353"}],"curies":[{"name":"wp","href":"https:\/\/api.w.org\/{rel}","templated":true}]}}