{"id":20323,"date":"2026-04-10T17:20:57","date_gmt":"2026-04-10T15:20:57","guid":{"rendered":"https:\/\/www.livresentre2actions.fr\/?post_type=product&#038;p=20323"},"modified":"2026-04-10T17:42:23","modified_gmt":"2026-04-10T15:42:23","slug":"den-donkeren-nacht-der-zielen-suivi-de-den-verholen-minne-sangh","status":"publish","type":"product","link":"https:\/\/www.livresentre2actions.fr\/fr_fr\/produit\/den-donkeren-nacht-der-zielen-suivi-de-den-verholen-minne-sangh\/","title":{"rendered":"Den donkeren nacht der zielen. [Suivi de]  Den verholen minne-sangh"},"content":{"rendered":"<p>Den donkeren nacht der zielen [La Nuit obscure de l&rsquo;\u00e2me]<\/p>\n<p>[Suivi de]<\/p>\n<p>Den verholen minne-sangh. Tusschen de ziele en christum haeren bruydegom [Cantique spirituel]<\/p>\n<p>Jean de la Croix &#8211; T\u2019Antwerpen, Geeraerdt van Wolsschaten<\/p>\n<p>Plein veau, dos \u00e0 quatre nerfs orn\u00e9 aux caissons et d\u2019une pi\u00e8ce de titre en maroquin lie de vin, 123 x 80, 1637. Une tr\u00e8s pr\u00e9coce traduction n\u00e9erlandaise de Jean de la Croix.<\/p>\n<p>Frontispice all\u00e9gorique avec devises, repr\u00e9sentant Sainte Th\u00e9r\u00e8se au c\u0153ur et baguette en main et Saint-Jean au chapelet en vis-\u00e0-vis, grav\u00e9 par Alexander Voet l&rsquo;Ancien.<\/p>\n<p>Travail typographique \u00e9labor\u00e9 : titre de chapitre en n\u00e9erlandais, sous-titre en n\u00e9erlandais gothique, r\u00e9sum\u00e9 en n\u00e9erlandais et texte en n\u00e9erlandais gothique plus gras ; lettrines, culs-de-lampe.<\/p>\n<p>Comprend : adresse \u00e0 Ioannes Ysenbaert, LOI-BARICH A B T, par Antonius van Iesus, ongeschoeyde Carmeliet [Carmes d\u00e9chaux, comme Jean de la Croix], 7p. ; Inhouwdt, Liedeken, et Ver claringhe van het eynde des liedts, 5p.<\/p>\n<p>Avec sous le sommaire bref le monogramme grav\u00e9e des j\u00e9suites [patronnage, appui, collaboration ?].<\/p>\n<p>Puis Het I. Boeck, 116p. Het II Boeck, 117-316pp.<\/p>\n<p>Suivi de Adresse latine de F. Hilarius \u00e0 S. Augustino traducteur in Flandricum idioma, 1p. ; Approbatio ordinis [carmelo SS ioseph &amp; theresia bruggensi patrum] et Approbatie [Gaspar Estrix, plebanus &amp; Lib.censor], 2p.<\/p>\n<p>Suivi d\u2019une lettre traduite du Saint dat\u00e9e de novembre 1587 aux Carmes d\u00e9chaux de la ville de Beas [ Beas de Segura, carmel fond\u00e9 notamment par Anna de J\u00e9sus, et o\u00f9 Jean de la Croix est confesseur], 5p. Puis denghe voetbane der volmaectheyt, 3p. Et Finis.<\/p>\n<p>Jean de la Croix compose le po\u00e8me de La Nuit obscure de l&rsquo;\u00e2me en 1578, apr\u00e8s son \u00e9vasion du cachot de Tol\u00e8de. Po\u00e8me qui conduisit \u00e0 deux \u0153uvres majeures de Jean de la Croix : La Mont\u00e9e du Carmel et La Nuit obscure.<\/p>\n<p>Dans le frontispice, Sainte-Th\u00e9r\u00e8se et Saint Jean sont surplomb\u00e9s par un soleil et une lune inscrite dans le soleil et figur\u00e9e d\u2019un profil ; et se r\u00e9pondent \u00ab custolia in nocte \u00bb de Sainte Th\u00e9r\u00e8se et \u00ab tunas tenebras meas \u00bb de Saint Jean. Cette sc\u00e8ne est surmont\u00e9e d\u2019un bandeau \u00ab nox sicut dies illuminatur \u00bb. Et deux autres phrases latines se r\u00e9pondent partant chacune d\u2019un protagoniste : \u00ab nox extinguetur in nocte lucerna eius \u00bb et \u00ab anima mea desideravit te in nocte \u00bb ; \u00e0 leur pied deux Hydres de Lerne.\u00a0 Sc\u00e8ne l\u00e9gend\u00e9e en pied : \u00ab magnum certanem sustinuistis passionum \u00bb et reposant sur un pi\u00e9destal tripartite avec m\u00e9daillon central \u00e0 crosse et tiare devis\u00e9e \u00ab Omnibus omnia \u00bb<\/p>\n<p>Alexander Voet l&rsquo;Ancien &#8211; 1608-1689, l&rsquo;un des principaux graveurs et \u00e9diteurs d&rsquo;Anvers au milieu et dans la seconde moiti\u00e9 du 17\u00e8me .<\/p>\n<p>Suivi de :<\/p>\n<p>By-Voechsel des Donkeren nachts genaemt den verholen minnesangh (page de faux-titre) et titre : den verholen minne-sangh. Tusschen de ziele en christum haeren bruydegom,\u2026 [ traduit de Jean de la Croix]\u2026<\/p>\n<p>Ter bergheerte van de Eervv. Moeder Anna van Iesus wesende priotrine der ongheschoyede Carmeliterssen van het Couvent S. Ioseph tot Granada in het jaer 1584, [\u00ab\u00a0\u00c0 la demande de la R\u00e9v\u00e9rende M\u00e8re Anne de J\u00e9sus, \u00e9tant prieure des Carm\u00e9lites d\u00e9chauss\u00e9es du Couvent Saint-Joseph \u00e0 Grenade en l&rsquo;ann\u00e9e 1584\u00a0\u00bb]<\/p>\n<p>chez le m\u00eame imprimeur [T\u2019Antwerpen, Geeraerdt van Wolsschaten], 1637.<\/p>\n<p>[Anne de J\u00e9sus (Ana de Jes\u00fas, 1545-1621) \u00e9tait la compagne spirituelle de Jean de la Croix et de Th\u00e9r\u00e8se d&rsquo;Avila, et prieure \u00e0 Grenade eu Carmel Saint-Joseph en 1584 ; Carmel qu\u2019elle fonda en 1581 avec Jean de la Croix. C\u2019est l\u00e0 en 1584 que Jean ach\u00e8ve la r\u00e9daction du commentaire de son Cantique Spirituel, \u00e9crit \u00e0 la demande d\u2019Anne de J\u00e9sus]<\/p>\n<p>Vignette au titre. 435p. Suivi d\u2019un feuillet d\u2019errata pour In den donckeren Nacht. Quelques pages coup\u00e9es court en marge haute.<\/p>\n<p>Exemplaire tr\u00e8s frais int\u00e9rieurement, frontispice en tr\u00e8s bel \u00e9tat. Reliure avec des frottement, \u00e9pidermures, mais globalement bonne, coiffe en partie manquante et reste d\u2019\u00e9tiquette coll\u00e9e ne pied de dos. Exemplaire tr\u00e8s peu courant de ces deux \u0153uvres mystiques majeures de Jean de la Croix dans une traduction pr\u00e9coce en n\u00e9erlandais. Par un imprimeur anversois r\u00e9put\u00e9, et avec un frontispice prestigieux et magnifique. Et ce dans un format in-16, donc d\u2019usage, en typographie gothique\u2026 Un ouvrage exceptionnel.<\/p>\n<p>Exemplaire enrichi d&rsquo;une belle provenance, avec un ex-libris manuscrit en garde : \u00ab\u00a0memento mori (&#8230;) vriennd Hendk. Kock, anno domini nostri 1845\u00a0\u00bb, ann\u00e9e de la mort de Hendrik Merkus de Kock\u00a0(<time class=\"nowrap bday\" datetime=\"1779-05-25\" data-sort-value=\"1779-05-25\">25 mai 1779<\/time>\u00a0\u2013\u00a0<time class=\"nowrap dday\" datetime=\"1845-04-12\" data-sort-value=\"1845-04-12\">12 avril 1845<\/time>) est un g\u00e9n\u00e9ral hollandais qui servit dans la marine et a \u00e9t\u00e9 Gouverneur g\u00e9n\u00e9ral des Indes n\u00e9erlandaises.<\/p>\n","protected":false},"excerpt":{"rendered":"<p>Den donkeren nacht der zielen [La Nuit obscure de l&rsquo;\u00e2me] [Suivi de] Den verholen minne-sangh. Tusschen de ziele en christum haeren bruydegom [Cantique spirituel] Jean de la Croix &#8211; T\u2019Antwerpen, Geeraerdt van Wolsschaten Plein veau, dos \u00e0 quatre nerfs orn\u00e9 aux caissons et d\u2019une pi\u00e8ce de titre en maroquin lie de vin, 123 x 80, &#8230; <a title=\"Den donkeren nacht der zielen. [Suivi de]  Den verholen minne-sangh\" class=\"read-more\" href=\"https:\/\/www.livresentre2actions.fr\/fr_fr\/produit\/den-donkeren-nacht-der-zielen-suivi-de-den-verholen-minne-sangh\/\" aria-label=\"En savoir plus sur Den donkeren nacht der zielen. [Suivi de]  Den verholen minne-sangh\">Lire plus<\/a><\/p>\n","protected":false},"featured_media":20324,"template":"","meta":{"_eb_attr":""},"product_brand":[],"product_cat":[35,71,68],"product_tag":[94],"class_list":{"0":"post-20323","1":"product","2":"type-product","3":"status-publish","4":"has-post-thumbnail","6":"product_cat-jusquau-xviiemesiecle","7":"product_cat-illustres-modernes-editions-originales-signees-numerotees","8":"product_cat-religion-spiritualite","9":"product_tag-provenance","10":"sales-flash-overlay","11":"woocommerce-text-align-center","12":"woocommerce-image-align-center","13":"wc-has-gallery","15":"first","16":"instock","17":"taxable","18":"shipping-taxable","19":"purchasable","20":"product-type-simple"},"aioseo_notices":[],"_links":{"self":[{"href":"https:\/\/www.livresentre2actions.fr\/fr_fr\/wp-json\/wp\/v2\/product\/20323","targetHints":{"allow":["GET"]}}],"collection":[{"href":"https:\/\/www.livresentre2actions.fr\/fr_fr\/wp-json\/wp\/v2\/product"}],"about":[{"href":"https:\/\/www.livresentre2actions.fr\/fr_fr\/wp-json\/wp\/v2\/types\/product"}],"wp:featuredmedia":[{"embeddable":true,"href":"https:\/\/www.livresentre2actions.fr\/fr_fr\/wp-json\/wp\/v2\/media\/20324"}],"wp:attachment":[{"href":"https:\/\/www.livresentre2actions.fr\/fr_fr\/wp-json\/wp\/v2\/media?parent=20323"}],"wp:term":[{"taxonomy":"product_brand","embeddable":true,"href":"https:\/\/www.livresentre2actions.fr\/fr_fr\/wp-json\/wp\/v2\/product_brand?post=20323"},{"taxonomy":"product_cat","embeddable":true,"href":"https:\/\/www.livresentre2actions.fr\/fr_fr\/wp-json\/wp\/v2\/product_cat?post=20323"},{"taxonomy":"product_tag","embeddable":true,"href":"https:\/\/www.livresentre2actions.fr\/fr_fr\/wp-json\/wp\/v2\/product_tag?post=20323"}],"curies":[{"name":"wp","href":"https:\/\/api.w.org\/{rel}","templated":true}]}}