{"id":20310,"date":"2026-02-10T14:18:59","date_gmt":"2026-02-10T13:18:59","guid":{"rendered":"https:\/\/www.livresentre2actions.fr\/?post_type=product&#038;p=20310"},"modified":"2026-04-10T17:34:37","modified_gmt":"2026-04-10T15:34:37","slug":"de-secundo-bello-punico-silius-italicus","status":"publish","type":"product","link":"https:\/\/www.livresentre2actions.fr\/fr_fr\/produit\/de-secundo-bello-punico-silius-italicus\/","title":{"rendered":"de secundo Bello Punico, Silius Italicus"},"content":{"rendered":"<p>Amsterodami, apud Guiljel. Janssonium (Guillaume Jansson)<\/p>\n<p>Plein veau, dos \u00e0 4 nerfs, orn\u00e9 d\u2019une pi\u00e8ce d\u2019auteur lie de vin, caissons orn\u00e9s, tranches jasp\u00e9es rouges, 115 x 68, 264p. 1620. Garde manquante, titre grav\u00e9 \u00e0 la \u00ab sph\u00e8re \u00bb (complet, avec une petite d\u00e9chirure sans manque, et taches l\u00e9g\u00e8res), un cul-de-lampe. Rares taches dans le texte, int\u00e9rieur frais, int\u00e8gre. Plats et champs frott\u00e9s avec \u00e9pidermures limit\u00e9es, coins \u00e9mouss\u00e9es. Caisson de t\u00eate manquant. Quelques petits trous de vers. Mors sup\u00e9rieur fendu en pied, manques marginaux. Un coin de la pi\u00e8ce d\u2019auteur qui se d\u00e9colle l\u00e9g\u00e8rement. Imprimeur-libraire amstelodamois, Guillaume Jansson est concurrent direct des Elzevier. Cette \u00e9dition de 1620 est la premi\u00e8re \u00e9dition Jansson de ce texte, publi\u00e9e en format de poche.<\/p>\n","protected":false},"excerpt":{"rendered":"<p>Amsterodami, apud Guiljel. Janssonium (Guillaume Jansson) Plein veau, dos \u00e0 4 nerfs, orn\u00e9 d\u2019une pi\u00e8ce d\u2019auteur lie de vin, caissons orn\u00e9s, tranches jasp\u00e9es rouges, 115 x 68, 264p. 1620. Garde manquante, titre grav\u00e9 \u00e0 la \u00ab sph\u00e8re \u00bb (complet, avec une petite d\u00e9chirure sans manque, et taches l\u00e9g\u00e8res), un cul-de-lampe. Rares taches dans le texte, &#8230; <a title=\"de secundo Bello Punico, Silius Italicus\" class=\"read-more\" href=\"https:\/\/www.livresentre2actions.fr\/fr_fr\/produit\/de-secundo-bello-punico-silius-italicus\/\" aria-label=\"En savoir plus sur de secundo Bello Punico, Silius Italicus\">Lire plus<\/a><\/p>\n","protected":false},"featured_media":20311,"template":"","meta":{"_eb_attr":""},"product_brand":[],"product_cat":[35,36,71,73],"product_tag":[],"class_list":{"0":"post-20310","1":"product","2":"type-product","3":"status-publish","4":"has-post-thumbnail","6":"product_cat-jusquau-xviiemesiecle","7":"product_cat-entre-le-xviiieme-et-le-xixeme-siecle","8":"product_cat-illustres-modernes-editions-originales-signees-numerotees","9":"product_cat-histoires-et-recits-de-voyage","10":"sales-flash-overlay","11":"woocommerce-text-align-center","12":"woocommerce-image-align-center","13":"wc-has-gallery","15":"first","16":"instock","17":"taxable","18":"shipping-taxable","19":"purchasable","20":"product-type-simple"},"aioseo_notices":[],"_links":{"self":[{"href":"https:\/\/www.livresentre2actions.fr\/fr_fr\/wp-json\/wp\/v2\/product\/20310","targetHints":{"allow":["GET"]}}],"collection":[{"href":"https:\/\/www.livresentre2actions.fr\/fr_fr\/wp-json\/wp\/v2\/product"}],"about":[{"href":"https:\/\/www.livresentre2actions.fr\/fr_fr\/wp-json\/wp\/v2\/types\/product"}],"wp:featuredmedia":[{"embeddable":true,"href":"https:\/\/www.livresentre2actions.fr\/fr_fr\/wp-json\/wp\/v2\/media\/20311"}],"wp:attachment":[{"href":"https:\/\/www.livresentre2actions.fr\/fr_fr\/wp-json\/wp\/v2\/media?parent=20310"}],"wp:term":[{"taxonomy":"product_brand","embeddable":true,"href":"https:\/\/www.livresentre2actions.fr\/fr_fr\/wp-json\/wp\/v2\/product_brand?post=20310"},{"taxonomy":"product_cat","embeddable":true,"href":"https:\/\/www.livresentre2actions.fr\/fr_fr\/wp-json\/wp\/v2\/product_cat?post=20310"},{"taxonomy":"product_tag","embeddable":true,"href":"https:\/\/www.livresentre2actions.fr\/fr_fr\/wp-json\/wp\/v2\/product_tag?post=20310"}],"curies":[{"name":"wp","href":"https:\/\/api.w.org\/{rel}","templated":true}]}}