{"id":20257,"date":"2026-02-09T14:34:33","date_gmt":"2026-02-09T13:34:33","guid":{"rendered":"https:\/\/www.livresentre2actions.fr\/?post_type=product&#038;p=20257"},"modified":"2026-04-09T15:57:09","modified_gmt":"2026-04-09T13:57:09","slug":"vita-jesu-christi-4-tomes-complet","status":"publish","type":"product","link":"https:\/\/www.livresentre2actions.fr\/fr_fr\/produit\/vita-jesu-christi-4-tomes-complet\/","title":{"rendered":"Vita Jesu Christi, 4 tomes complet"},"content":{"rendered":"<p>Vita Jesu Christi, 4 tomes complet. Editio novissima curante L. M. Rigollot<\/p>\n<p>Ludolphus de Saxonia [Ludolphe le Chartreux] &#8211; Paris, Victor Palme \/ Bruxelles, G. Lebrocquy<\/p>\n<p>Belle reliure demi toile grise orn\u00e9 d\u2019une pi\u00e8ce de titre rouge, couverture conserv\u00e9e, 220 x 143, 1878. Deux parties en quatre tomes. Pars prima\u00a0: T1, 376p. Avec tble. Et T2, 357p. Avec tble. Pars secunda\u00a0: T3, 383p. Et T4, 411p. Texte latin sur deux colonnes. Provenance\u00a0: \u00e0 tous les volumes en page de garde\u00a0: Soci\u00e9t\u00e9 arch\u00e9ologie Lorraine, avec tampon, et code barr\u00e9\u00a0; et tampon en derni\u00e8re page. Des rousseurs marginales, reliures en tr\u00e8s bel \u00e9tat Bel ensemble bien propre, peu courant complet.<\/p>\n<p>Ouvrage spirituel majeur de Ludolphe Le Chartreux [fr\u00e8re dominicain du XIV\u00e8me si\u00e8cle], \u00e9crit \u00e0 la fin du Moyen-\u00c2ge et imprim\u00e9 au XV\u00e8me, cette grande vie du Christ a inspir\u00e9 Les exercices spirituels de Loyola. Ludolphe y compile les \u00e9vangiles et les actes, ainsi que les auteurs chr\u00e9tiens comme Orig\u00e8ne ou Gr\u00e9goire le Grand. Chaque chapitre comprend une pr\u00e9sentation d&rsquo;une section sp\u00e9cifique de l&rsquo;Histoire sainte, et son interpr\u00e9tation par un auteur eccl\u00e9siastique et une pri\u00e8re finale.<\/p>\n","protected":false},"excerpt":{"rendered":"<p>Vita Jesu Christi, 4 tomes complet. Editio novissima curante L. M. Rigollot Ludolphus de Saxonia [Ludolphe le Chartreux] &#8211; Paris, Victor Palme \/ Bruxelles, G. Lebrocquy Belle reliure demi toile grise orn\u00e9 d\u2019une pi\u00e8ce de titre rouge, couverture conserv\u00e9e, 220 x 143, 1878. Deux parties en quatre tomes. Pars prima\u00a0: T1, 376p. Avec tble. Et &#8230; <a title=\"Vita Jesu Christi, 4 tomes complet\" class=\"read-more\" href=\"https:\/\/www.livresentre2actions.fr\/fr_fr\/produit\/vita-jesu-christi-4-tomes-complet\/\" aria-label=\"En savoir plus sur Vita Jesu Christi, 4 tomes complet\">Lire plus<\/a><\/p>\n","protected":false},"featured_media":20258,"template":"","meta":{"_eb_attr":""},"product_brand":[],"product_cat":[36,68],"product_tag":[],"class_list":{"0":"post-20257","1":"product","2":"type-product","3":"status-publish","4":"has-post-thumbnail","6":"product_cat-entre-le-xviiieme-et-le-xixeme-siecle","7":"product_cat-religion-spiritualite","8":"sales-flash-overlay","9":"woocommerce-text-align-center","10":"woocommerce-image-align-center","11":"wc-has-gallery","13":"first","14":"instock","15":"taxable","16":"shipping-taxable","17":"purchasable","18":"product-type-simple"},"aioseo_notices":[],"_links":{"self":[{"href":"https:\/\/www.livresentre2actions.fr\/fr_fr\/wp-json\/wp\/v2\/product\/20257","targetHints":{"allow":["GET"]}}],"collection":[{"href":"https:\/\/www.livresentre2actions.fr\/fr_fr\/wp-json\/wp\/v2\/product"}],"about":[{"href":"https:\/\/www.livresentre2actions.fr\/fr_fr\/wp-json\/wp\/v2\/types\/product"}],"wp:featuredmedia":[{"embeddable":true,"href":"https:\/\/www.livresentre2actions.fr\/fr_fr\/wp-json\/wp\/v2\/media\/20258"}],"wp:attachment":[{"href":"https:\/\/www.livresentre2actions.fr\/fr_fr\/wp-json\/wp\/v2\/media?parent=20257"}],"wp:term":[{"taxonomy":"product_brand","embeddable":true,"href":"https:\/\/www.livresentre2actions.fr\/fr_fr\/wp-json\/wp\/v2\/product_brand?post=20257"},{"taxonomy":"product_cat","embeddable":true,"href":"https:\/\/www.livresentre2actions.fr\/fr_fr\/wp-json\/wp\/v2\/product_cat?post=20257"},{"taxonomy":"product_tag","embeddable":true,"href":"https:\/\/www.livresentre2actions.fr\/fr_fr\/wp-json\/wp\/v2\/product_tag?post=20257"}],"curies":[{"name":"wp","href":"https:\/\/api.w.org\/{rel}","templated":true}]}}