{"id":20239,"date":"2026-04-08T17:38:13","date_gmt":"2026-04-08T15:38:13","guid":{"rendered":"https:\/\/www.livresentre2actions.fr\/?post_type=product&#038;p=20239"},"modified":"2026-04-08T18:09:03","modified_gmt":"2026-04-08T16:09:03","slug":"la-greve-blanche-simon-le-beaudour","status":"publish","type":"product","link":"https:\/\/www.livresentre2actions.fr\/fr_fr\/produit\/la-greve-blanche-simon-le-beaudour\/","title":{"rendered":"La gr\u00e8ve blanche &#8211; Simon Le Beaudour"},"content":{"rendered":"<p>Hyacinthe Cailli\u00e8re, \u00c9diteur\u00a0 &#8211; Demi-cuir (veau noir) \u00e0 cinq nerfs, pi\u00e8ce de titre noire, couvertures conserv\u00e9es. 178 x 118, Rennes, 1898. Pr\u00e9face par Anatole Le Braz. Edition originale, unique sans doute, et sans trace aucune&#8230; de ce recueil de po\u00e9sie d&rsquo;un auteur demeur\u00e9 dans l&rsquo;ombre.<\/p>\n<p>Le Braz signe sa pr\u00e9face \u00e0 No\u00ebl 1897, l&rsquo;ann\u00e9e o\u00f9 il fait para\u00eetre P\u00e2ques d&rsquo;Islande. La pr\u00e9face \u00e9claire sur cet auteur myst\u00e9rieux que Le Braz situe dans l&rsquo;Armor pleubihannais : une vocation de matin inassouvie, une voix d\u2019instituteur par d\u00e9faut (\u00ab\u00a0\u00e9vangile scolaire\u00a0\u00bb, dit Le Braz), et la po\u00e9sie pour s&rsquo;\u00e9vader de cet exil&#8230; Le Braz fut po\u00e8te dans sa jeunesse litt\u00e9raire, on ne lui conna\u00eet pas de pseudos&#8230; Mais on ne conna\u00eet pas ce texte non plus&#8230; Une enq\u00eate litt\u00e9raire est ici \u00e0 mener, avis aux amateurs.<br \/>\nInt\u00e9rieur tr\u00e8s frais, propre et int\u00e8gre, tr\u00e8s bon. Tranches propres et int\u00e8gres. Dos l\u00e9g\u00e8rement frott\u00e9 mais en excellent \u00e9tat. Plats sont propres et int\u00e8gres. Coins l\u00e9g\u00e8rement frott\u00e9s, sauf un, cogn\u00e9 et ouvert. Champ inf\u00e9rieur cogn\u00e9 avec un petit manque de papier. Bel exemplaire.<\/p>\n","protected":false},"excerpt":{"rendered":"<p>Hyacinthe Cailli\u00e8re, \u00c9diteur\u00a0 &#8211; Demi-cuir (veau noir) \u00e0 cinq nerfs, pi\u00e8ce de titre noire, couvertures conserv\u00e9es. 178 x 118, Rennes, 1898. Pr\u00e9face par Anatole Le Braz. Edition originale, unique sans doute, et sans trace aucune&#8230; de ce recueil de po\u00e9sie d&rsquo;un auteur demeur\u00e9 dans l&rsquo;ombre. Le Braz signe sa pr\u00e9face \u00e0 No\u00ebl 1897, l&rsquo;ann\u00e9e o\u00f9 &#8230; <a title=\"La gr\u00e8ve blanche &#8211; Simon Le Beaudour\" class=\"read-more\" href=\"https:\/\/www.livresentre2actions.fr\/fr_fr\/produit\/la-greve-blanche-simon-le-beaudour\/\" aria-label=\"En savoir plus sur La gr\u00e8ve blanche &#8211; Simon Le Beaudour\">Lire plus<\/a><\/p>\n","protected":false},"featured_media":20240,"template":"","meta":{"_eb_attr":""},"product_brand":[],"product_cat":[36,71,76,97],"product_tag":[],"class_list":{"0":"post-20239","1":"product","2":"type-product","3":"status-publish","4":"has-post-thumbnail","6":"product_cat-entre-le-xviiieme-et-le-xixeme-siecle","7":"product_cat-illustres-modernes-editions-originales-signees-numerotees","8":"product_cat-poesie-theatre-prose","9":"product_cat-regionalia-divers","10":"sales-flash-overlay","11":"woocommerce-text-align-center","12":"woocommerce-image-align-center","13":"wc-has-gallery","15":"first","16":"instock","17":"taxable","18":"shipping-taxable","19":"purchasable","20":"product-type-simple"},"aioseo_notices":[],"_links":{"self":[{"href":"https:\/\/www.livresentre2actions.fr\/fr_fr\/wp-json\/wp\/v2\/product\/20239","targetHints":{"allow":["GET"]}}],"collection":[{"href":"https:\/\/www.livresentre2actions.fr\/fr_fr\/wp-json\/wp\/v2\/product"}],"about":[{"href":"https:\/\/www.livresentre2actions.fr\/fr_fr\/wp-json\/wp\/v2\/types\/product"}],"wp:featuredmedia":[{"embeddable":true,"href":"https:\/\/www.livresentre2actions.fr\/fr_fr\/wp-json\/wp\/v2\/media\/20240"}],"wp:attachment":[{"href":"https:\/\/www.livresentre2actions.fr\/fr_fr\/wp-json\/wp\/v2\/media?parent=20239"}],"wp:term":[{"taxonomy":"product_brand","embeddable":true,"href":"https:\/\/www.livresentre2actions.fr\/fr_fr\/wp-json\/wp\/v2\/product_brand?post=20239"},{"taxonomy":"product_cat","embeddable":true,"href":"https:\/\/www.livresentre2actions.fr\/fr_fr\/wp-json\/wp\/v2\/product_cat?post=20239"},{"taxonomy":"product_tag","embeddable":true,"href":"https:\/\/www.livresentre2actions.fr\/fr_fr\/wp-json\/wp\/v2\/product_tag?post=20239"}],"curies":[{"name":"wp","href":"https:\/\/api.w.org\/{rel}","templated":true}]}}