{"id":20225,"date":"2026-02-08T15:44:42","date_gmt":"2026-02-08T14:44:42","guid":{"rendered":"https:\/\/www.livresentre2actions.fr\/?post_type=product&#038;p=20225"},"modified":"2026-04-08T15:46:22","modified_gmt":"2026-04-08T13:46:22","slug":"esquisses-senegalaises-abbe-david-boilat","status":"publish","type":"product","link":"https:\/\/www.livresentre2actions.fr\/fr_fr\/produit\/esquisses-senegalaises-abbe-david-boilat\/","title":{"rendered":"Esquisses s\u00e9n\u00e9galaises, Abb\u00e9 David Boilat"},"content":{"rendered":"<p>Khartala &#8211; Broch\u00e9 sous jaquette illustr\u00e9e, 238 x 157,499p. Avec tble. 1984. Avec l\u2019Atlas et ses planches couleur intercal\u00e9s entre les pages 188 et 189 ; 24 planches couleur. Tr\u00e8s bel exemplaire, l\u00e9g\u00e8rement insol\u00e9 mais propre, int\u00e8gre, bien ferme.<\/p>\n","protected":false},"excerpt":{"rendered":"<p>Khartala &#8211; Broch\u00e9 sous jaquette illustr\u00e9e, 238 x 157,499p. Avec tble. 1984. Avec l\u2019Atlas et ses planches couleur intercal\u00e9s entre les pages 188 et 189 ; 24 planches couleur. Tr\u00e8s bel exemplaire, l\u00e9g\u00e8rement insol\u00e9 mais propre, int\u00e8gre, bien ferme.<\/p>\n","protected":false},"featured_media":20226,"template":"","meta":{"_eb_attr":""},"product_brand":[],"product_cat":[37,71,73],"product_tag":[86],"class_list":{"0":"post-20225","1":"product","2":"type-product","3":"status-publish","4":"has-post-thumbnail","6":"product_cat-a-partir-du-xxeme-siecle","7":"product_cat-illustres-modernes-editions-originales-signees-numerotees","8":"product_cat-histoires-et-recits-de-voyage","9":"product_tag-illustre","10":"sales-flash-overlay","11":"woocommerce-text-align-center","12":"woocommerce-image-align-center","13":"wc-has-gallery","15":"first","16":"instock","17":"taxable","18":"shipping-taxable","19":"purchasable","20":"product-type-simple"},"aioseo_notices":[],"_links":{"self":[{"href":"https:\/\/www.livresentre2actions.fr\/fr_fr\/wp-json\/wp\/v2\/product\/20225","targetHints":{"allow":["GET"]}}],"collection":[{"href":"https:\/\/www.livresentre2actions.fr\/fr_fr\/wp-json\/wp\/v2\/product"}],"about":[{"href":"https:\/\/www.livresentre2actions.fr\/fr_fr\/wp-json\/wp\/v2\/types\/product"}],"wp:featuredmedia":[{"embeddable":true,"href":"https:\/\/www.livresentre2actions.fr\/fr_fr\/wp-json\/wp\/v2\/media\/20226"}],"wp:attachment":[{"href":"https:\/\/www.livresentre2actions.fr\/fr_fr\/wp-json\/wp\/v2\/media?parent=20225"}],"wp:term":[{"taxonomy":"product_brand","embeddable":true,"href":"https:\/\/www.livresentre2actions.fr\/fr_fr\/wp-json\/wp\/v2\/product_brand?post=20225"},{"taxonomy":"product_cat","embeddable":true,"href":"https:\/\/www.livresentre2actions.fr\/fr_fr\/wp-json\/wp\/v2\/product_cat?post=20225"},{"taxonomy":"product_tag","embeddable":true,"href":"https:\/\/www.livresentre2actions.fr\/fr_fr\/wp-json\/wp\/v2\/product_tag?post=20225"}],"curies":[{"name":"wp","href":"https:\/\/api.w.org\/{rel}","templated":true}]}}