{"id":20178,"date":"2026-04-07T15:08:46","date_gmt":"2026-04-07T13:08:46","guid":{"rendered":"https:\/\/www.livresentre2actions.fr\/?post_type=product&#038;p=20178"},"modified":"2026-04-07T15:10:51","modified_gmt":"2026-04-07T13:10:51","slug":"sarah-bernhardt-ma-grandmere","status":"publish","type":"product","link":"https:\/\/www.livresentre2actions.fr\/fr_fr\/produit\/sarah-bernhardt-ma-grandmere\/","title":{"rendered":"Sarah Bernhardt, ma grand\u2019m\u00e8re"},"content":{"rendered":"<p>Lysiane Bernhardt &#8211; \u00c9ditions du Pavois<\/p>\n<p>Demi-chagrin vert \u00e0 petits grains, dos \u00e0 faux-nerfs orn\u00e9 du titre et de l\u2019auteur, couvertures conserv\u00e9es, 185 x 150, 366p. Avec tble. 1945. \u00c9dition originale sur papier courant, enrichi d\u2019un envoi sign\u00e9 de l\u2019auteur au journaliste et \u00e9crivain fran\u00e7ais Marcel Sauvage. Et de l\u2019ex-libris coll\u00e9 au verso de la couverture de Klaus Otto Preis [dessinateur pour Nina Ricci et collectionneur d\u2019art]<\/p>\n","protected":false},"excerpt":{"rendered":"<p>Lysiane Bernhardt &#8211; \u00c9ditions du Pavois Demi-chagrin vert \u00e0 petits grains, dos \u00e0 faux-nerfs orn\u00e9 du titre et de l\u2019auteur, couvertures conserv\u00e9es, 185 x 150, 366p. Avec tble. 1945. \u00c9dition originale sur papier courant, enrichi d\u2019un envoi sign\u00e9 de l\u2019auteur au journaliste et \u00e9crivain fran\u00e7ais Marcel Sauvage. Et de l\u2019ex-libris coll\u00e9 au verso de la &#8230; <a title=\"Sarah Bernhardt, ma grand\u2019m\u00e8re\" class=\"read-more\" href=\"https:\/\/www.livresentre2actions.fr\/fr_fr\/produit\/sarah-bernhardt-ma-grandmere\/\" aria-label=\"En savoir plus sur Sarah Bernhardt, ma grand\u2019m\u00e8re\">Lire plus<\/a><\/p>\n","protected":false},"featured_media":20179,"template":"","meta":{"_eb_attr":""},"product_brand":[],"product_cat":[37,75,71,76],"product_tag":[86,87,94],"class_list":{"0":"post-20178","1":"product","2":"type-product","3":"status-publish","4":"has-post-thumbnail","6":"product_cat-a-partir-du-xxeme-siecle","7":"product_cat-art","8":"product_cat-illustres-modernes-editions-originales-signees-numerotees","9":"product_cat-poesie-theatre-prose","10":"product_tag-illustre","11":"product_tag-signe","12":"product_tag-provenance","13":"sales-flash-overlay","14":"woocommerce-text-align-center","15":"woocommerce-image-align-center","16":"wc-has-gallery","18":"first","19":"instock","20":"taxable","21":"shipping-taxable","22":"purchasable","23":"product-type-simple"},"aioseo_notices":[],"_links":{"self":[{"href":"https:\/\/www.livresentre2actions.fr\/fr_fr\/wp-json\/wp\/v2\/product\/20178","targetHints":{"allow":["GET"]}}],"collection":[{"href":"https:\/\/www.livresentre2actions.fr\/fr_fr\/wp-json\/wp\/v2\/product"}],"about":[{"href":"https:\/\/www.livresentre2actions.fr\/fr_fr\/wp-json\/wp\/v2\/types\/product"}],"wp:featuredmedia":[{"embeddable":true,"href":"https:\/\/www.livresentre2actions.fr\/fr_fr\/wp-json\/wp\/v2\/media\/20179"}],"wp:attachment":[{"href":"https:\/\/www.livresentre2actions.fr\/fr_fr\/wp-json\/wp\/v2\/media?parent=20178"}],"wp:term":[{"taxonomy":"product_brand","embeddable":true,"href":"https:\/\/www.livresentre2actions.fr\/fr_fr\/wp-json\/wp\/v2\/product_brand?post=20178"},{"taxonomy":"product_cat","embeddable":true,"href":"https:\/\/www.livresentre2actions.fr\/fr_fr\/wp-json\/wp\/v2\/product_cat?post=20178"},{"taxonomy":"product_tag","embeddable":true,"href":"https:\/\/www.livresentre2actions.fr\/fr_fr\/wp-json\/wp\/v2\/product_tag?post=20178"}],"curies":[{"name":"wp","href":"https:\/\/api.w.org\/{rel}","templated":true}]}}