{"id":20143,"date":"2026-01-03T17:16:02","date_gmt":"2026-01-03T16:16:02","guid":{"rendered":"https:\/\/www.livresentre2actions.fr\/?post_type=product&#038;p=20143"},"modified":"2026-04-03T17:16:32","modified_gmt":"2026-04-03T15:16:32","slug":"ethnology-of-the-kwakiutl-based-on-data-collected-by-georgie-hunt-by-franz-boas-deuxieme-partie","status":"publish","type":"product","link":"https:\/\/www.livresentre2actions.fr\/fr_fr\/produit\/ethnology-of-the-kwakiutl-based-on-data-collected-by-georgie-hunt-by-franz-boas-deuxieme-partie\/","title":{"rendered":"Ethnology of the Kwakiutl based on data collected by Georgie Hunt, by Franz Boas (deuxi\u00e8me partie)"},"content":{"rendered":"<p>Thirty-firth annual Report of the Bureau of american Ethnology to the Secretary of the Smithsinian Institution. 1913-1914, in two Parts, Part II \u2013 Ethnology of the Kwakiutl based on data collected by Georgie Hunt, by Franz Boas (deuxi\u00e8me partie)<\/p>\n<p>Washington, Govenment printing office &#8211; Pleine toile verte \u00e0 dos long, dos long orn\u00e9 et titr\u00e9, plat sup\u00e9rieur orn\u00e9 d\u2019une figure indienne dor\u00e9e, plat inf\u00e9rieur estamp\u00e9 d\u2019un m\u00e9daillon, 291 x 202, pagin\u00e9 796 \u00e0 1481, 1921. Comprend les chapitres VII \u00e0 XII. Int\u00e9rieur tr\u00e8s bon, propre et int\u00e8gre. Reliure globalement bonne\u00a0: l\u00e9g\u00e8rement insol\u00e9e et frott\u00e9e, avec quelques petites taches en plats. Bon exemplaire bien ferme.<\/p>\n","protected":false},"excerpt":{"rendered":"<p>Thirty-firth annual Report of the Bureau of american Ethnology to the Secretary of the Smithsinian Institution. 1913-1914, in two Parts, Part II \u2013 Ethnology of the Kwakiutl based on data collected by Georgie Hunt, by Franz Boas (deuxi\u00e8me partie) Washington, Govenment printing office &#8211; Pleine toile verte \u00e0 dos long, dos long orn\u00e9 et titr\u00e9, &#8230; <a title=\"Ethnology of the Kwakiutl based on data collected by Georgie Hunt, by Franz Boas (deuxi\u00e8me partie)\" class=\"read-more\" href=\"https:\/\/www.livresentre2actions.fr\/fr_fr\/produit\/ethnology-of-the-kwakiutl-based-on-data-collected-by-georgie-hunt-by-franz-boas-deuxieme-partie\/\" aria-label=\"En savoir plus sur Ethnology of the Kwakiutl based on data collected by Georgie Hunt, by Franz Boas (deuxi\u00e8me partie)\">Lire plus<\/a><\/p>\n","protected":false},"featured_media":20144,"template":"","meta":{"_eb_attr":""},"product_brand":[],"product_cat":[37,74,71,73,68,69],"product_tag":[],"class_list":{"0":"post-20143","1":"product","2":"type-product","3":"status-publish","4":"has-post-thumbnail","6":"product_cat-a-partir-du-xxeme-siecle","7":"product_cat-collections","8":"product_cat-illustres-modernes-editions-originales-signees-numerotees","9":"product_cat-histoires-et-recits-de-voyage","10":"product_cat-religion-spiritualite","11":"product_cat-sciences-et-techniques","12":"sales-flash-overlay","13":"woocommerce-text-align-center","14":"woocommerce-image-align-center","15":"wc-has-gallery","17":"first","18":"instock","19":"taxable","20":"shipping-taxable","21":"purchasable","22":"product-type-simple"},"aioseo_notices":[],"_links":{"self":[{"href":"https:\/\/www.livresentre2actions.fr\/fr_fr\/wp-json\/wp\/v2\/product\/20143","targetHints":{"allow":["GET"]}}],"collection":[{"href":"https:\/\/www.livresentre2actions.fr\/fr_fr\/wp-json\/wp\/v2\/product"}],"about":[{"href":"https:\/\/www.livresentre2actions.fr\/fr_fr\/wp-json\/wp\/v2\/types\/product"}],"wp:featuredmedia":[{"embeddable":true,"href":"https:\/\/www.livresentre2actions.fr\/fr_fr\/wp-json\/wp\/v2\/media\/20144"}],"wp:attachment":[{"href":"https:\/\/www.livresentre2actions.fr\/fr_fr\/wp-json\/wp\/v2\/media?parent=20143"}],"wp:term":[{"taxonomy":"product_brand","embeddable":true,"href":"https:\/\/www.livresentre2actions.fr\/fr_fr\/wp-json\/wp\/v2\/product_brand?post=20143"},{"taxonomy":"product_cat","embeddable":true,"href":"https:\/\/www.livresentre2actions.fr\/fr_fr\/wp-json\/wp\/v2\/product_cat?post=20143"},{"taxonomy":"product_tag","embeddable":true,"href":"https:\/\/www.livresentre2actions.fr\/fr_fr\/wp-json\/wp\/v2\/product_tag?post=20143"}],"curies":[{"name":"wp","href":"https:\/\/api.w.org\/{rel}","templated":true}]}}