{"id":20107,"date":"2026-04-03T15:40:10","date_gmt":"2026-04-03T13:40:10","guid":{"rendered":"https:\/\/www.livresentre2actions.fr\/?post_type=product&#038;p=20107"},"modified":"2026-04-03T15:41:11","modified_gmt":"2026-04-03T13:41:11","slug":"le-journal-etranger-1756-six-volumes-collectif-abbe-prevost-et-freron-dir","status":"publish","type":"product","link":"https:\/\/www.livresentre2actions.fr\/fr_fr\/produit\/le-journal-etranger-1756-six-volumes-collectif-abbe-prevost-et-freron-dir\/","title":{"rendered":"Le Journal \u00e9tranger, 1756, six volumes &#8211; Collectif. Abb\u00e9 Pr\u00e9vost et Fr\u00e9ron (dir.)"},"content":{"rendered":"<p>Le Journal \u00e9tranger ou \u00a0Notice exacte et d\u00e9taill\u00e9e des ouvrages de toutes les nations \u00e9trang\u00e8res en fait d\u2019arts, de sciences, de litt\u00e9rature, etc 1756, six volumes\u00a0: f\u00e9vrier, avril, juin, aoust, septembre et novembre &#8211; Collectif. Abb\u00e9 Pr\u00e9vost et Fr\u00e9ron (dir.)<\/p>\n<p>Plein veau marbr\u00e9, dos \u00e0 cinq nerfs fleuronn\u00e9s et titr\u00e9, tranches rouges, 168 x 100. 1756. F\u00e9vrier, 242p. Avec tble. Avril, 240p. Avec tble. Juin, 240p. Avec tble. Aoust, 240p. Avec tble. Septembre, 240p. Avec tble. Novembre, 212p. Avec tble. Pour tous les volumes\u00a0: int\u00e9rieur propre. Coins et champs frott\u00e9s. Des \u00e9pidermures plus ou moins marqu\u00e9es aux plats, avec 3 petits manques. Dos uniformes pi\u00e8ces d\u2019ann\u00e9es tr\u00e8s frott\u00e9es, et un caisson de t\u00eate manquant.<br \/>\nBel ensemble uniforme pour une revue p\u00e9riodique peu courante, fond\u00e9e en 1754 (avril) par Ignace Hugary de La Marche-Courmont. L\u2019Abb\u00e9 Pr\u00e9vost en fut le directeur \u00e0 partir de janvier 1755 et publia 9 volumes jusqu\u2019en ao\u00fbt inclus. M. Fr\u00e9ron prit. la suite. Nous avons donc ici deux volumes publi\u00e9s par l\u2019Abb\u00e9 Pr\u00e9vost.<\/p>\n<p>Le num\u00e9ro de juin d\u00e9bute avec deux articles traduits de Hume\u00a0: \u00ab\u00a0Des premiers principes du gouvernement\u00a0\u00bb, et \u00ab\u00a0De l\u2019\u00e9tude de l\u2019histoire\u00a0\u00bb plausiblement les premi\u00e8res \u00e9ditions en fran\u00e7ais\u00a0; ces deux textes appartiennent aux Essays, Moral and Political de Hume, publi\u00e9s en 1741-1742, et non traduits dans ce corpus en 1756 (les \u0152uvres philosophiques traduites ne paraissent qu\u2019\u00e0 partir de 1788).<br \/>\nCe journal litt\u00e9raire [\u00ab\u00a0Notice exacte et d\u00e9taill\u00e9e des ouvrages de toutes les nations \u00e9trang\u00e8res en fait d\u2019arts, de sciences, de litt\u00e9rature, etc\u00a0\u00bb sous-titre ajout\u00e9 aux num\u00e9ros de 1756] ] partageait de nombreux articles avec le Caff\u00e8 de Cesare Beccaria. Il avait pr\u00e9cis\u00e9ment pour vocation de rassembler les \u0153uvres des savants du monde entier.<\/p>\n","protected":false},"excerpt":{"rendered":"<p>Le Journal \u00e9tranger ou \u00a0Notice exacte et d\u00e9taill\u00e9e des ouvrages de toutes les nations \u00e9trang\u00e8res en fait d\u2019arts, de sciences, de litt\u00e9rature, etc 1756, six volumes\u00a0: f\u00e9vrier, avril, juin, aoust, septembre et novembre &#8211; Collectif. Abb\u00e9 Pr\u00e9vost et Fr\u00e9ron (dir.) Plein veau marbr\u00e9, dos \u00e0 cinq nerfs fleuronn\u00e9s et titr\u00e9, tranches rouges, 168 x 100. &#8230; <a title=\"Le Journal \u00e9tranger, 1756, six volumes &#8211; Collectif. Abb\u00e9 Pr\u00e9vost et Fr\u00e9ron (dir.)\" class=\"read-more\" href=\"https:\/\/www.livresentre2actions.fr\/fr_fr\/produit\/le-journal-etranger-1756-six-volumes-collectif-abbe-prevost-et-freron-dir\/\" aria-label=\"En savoir plus sur Le Journal \u00e9tranger, 1756, six volumes &#8211; Collectif. Abb\u00e9 Pr\u00e9vost et Fr\u00e9ron (dir.)\">Lire plus<\/a><\/p>\n","protected":false},"featured_media":20108,"template":"","meta":{"_eb_attr":""},"product_brand":[],"product_cat":[36,71,82,76,99],"product_tag":[],"class_list":{"0":"post-20107","1":"product","2":"type-product","3":"status-publish","4":"has-post-thumbnail","6":"product_cat-entre-le-xviiieme-et-le-xixeme-siecle","7":"product_cat-illustres-modernes-editions-originales-signees-numerotees","8":"product_cat-philosophie","9":"product_cat-poesie-theatre-prose","10":"product_cat-revues","11":"sales-flash-overlay","12":"woocommerce-text-align-center","13":"woocommerce-image-align-center","14":"wc-has-gallery","16":"first","17":"instock","18":"taxable","19":"shipping-taxable","20":"purchasable","21":"product-type-simple"},"aioseo_notices":[],"_links":{"self":[{"href":"https:\/\/www.livresentre2actions.fr\/fr_fr\/wp-json\/wp\/v2\/product\/20107","targetHints":{"allow":["GET"]}}],"collection":[{"href":"https:\/\/www.livresentre2actions.fr\/fr_fr\/wp-json\/wp\/v2\/product"}],"about":[{"href":"https:\/\/www.livresentre2actions.fr\/fr_fr\/wp-json\/wp\/v2\/types\/product"}],"wp:featuredmedia":[{"embeddable":true,"href":"https:\/\/www.livresentre2actions.fr\/fr_fr\/wp-json\/wp\/v2\/media\/20108"}],"wp:attachment":[{"href":"https:\/\/www.livresentre2actions.fr\/fr_fr\/wp-json\/wp\/v2\/media?parent=20107"}],"wp:term":[{"taxonomy":"product_brand","embeddable":true,"href":"https:\/\/www.livresentre2actions.fr\/fr_fr\/wp-json\/wp\/v2\/product_brand?post=20107"},{"taxonomy":"product_cat","embeddable":true,"href":"https:\/\/www.livresentre2actions.fr\/fr_fr\/wp-json\/wp\/v2\/product_cat?post=20107"},{"taxonomy":"product_tag","embeddable":true,"href":"https:\/\/www.livresentre2actions.fr\/fr_fr\/wp-json\/wp\/v2\/product_tag?post=20107"}],"curies":[{"name":"wp","href":"https:\/\/api.w.org\/{rel}","templated":true}]}}