{"id":20093,"date":"2026-01-02T17:30:57","date_gmt":"2026-01-02T16:30:57","guid":{"rendered":"https:\/\/www.livresentre2actions.fr\/?post_type=product&#038;p=20093"},"modified":"2026-04-02T17:31:24","modified_gmt":"2026-04-02T15:31:24","slug":"esthetique-des-proportions-dans-la-nature-et-dans-les-arts","status":"publish","type":"product","link":"https:\/\/www.livresentre2actions.fr\/fr_fr\/produit\/esthetique-des-proportions-dans-la-nature-et-dans-les-arts\/","title":{"rendered":"Esth\u00e9tique des proportions dans la nature et dans les arts"},"content":{"rendered":"<p>Matila C. Ghyka &#8211; Gallimard<\/p>\n<p>Broch\u00e9, 188 x 120, 452p. Avec table. 1933. Quatri\u00e8me \u00e9dition. 95 planches hors texte, certaines en couleur. Int\u00e9rieur propre et int\u00e8gre\u00a0; derni\u00e8re page de la table avec en t\u00eate un bref d\u00e9tachement. Une bande adh\u00e9sive renforce l lien entre verso de la couverture et page de garde. Couvertures et dos l\u00e9g\u00e8rement insol\u00e9s, mais propres, un petit manque en pie de dos. Exemplaire bien ferme, recouvert avec soin sans adh\u00e9sif.<\/p>\n","protected":false},"excerpt":{"rendered":"<p>Matila C. Ghyka &#8211; Gallimard Broch\u00e9, 188 x 120, 452p. Avec table. 1933. Quatri\u00e8me \u00e9dition. 95 planches hors texte, certaines en couleur. Int\u00e9rieur propre et int\u00e8gre\u00a0; derni\u00e8re page de la table avec en t\u00eate un bref d\u00e9tachement. Une bande adh\u00e9sive renforce l lien entre verso de la couverture et page de garde. Couvertures et dos &#8230; <a title=\"Esth\u00e9tique des proportions dans la nature et dans les arts\" class=\"read-more\" href=\"https:\/\/www.livresentre2actions.fr\/fr_fr\/produit\/esthetique-des-proportions-dans-la-nature-et-dans-les-arts\/\" aria-label=\"En savoir plus sur Esth\u00e9tique des proportions dans la nature et dans les arts\">Lire plus<\/a><\/p>\n","protected":false},"featured_media":20094,"template":"","meta":{"_eb_attr":""},"product_brand":[],"product_cat":[37,75,71,82,68,69],"product_tag":[86],"class_list":{"0":"post-20093","1":"product","2":"type-product","3":"status-publish","4":"has-post-thumbnail","6":"product_cat-a-partir-du-xxeme-siecle","7":"product_cat-art","8":"product_cat-illustres-modernes-editions-originales-signees-numerotees","9":"product_cat-philosophie","10":"product_cat-religion-spiritualite","11":"product_cat-sciences-et-techniques","12":"product_tag-illustre","13":"sales-flash-overlay","14":"woocommerce-text-align-center","15":"woocommerce-image-align-center","16":"wc-has-gallery","18":"first","19":"instock","20":"taxable","21":"shipping-taxable","22":"purchasable","23":"product-type-simple"},"aioseo_notices":[],"_links":{"self":[{"href":"https:\/\/www.livresentre2actions.fr\/fr_fr\/wp-json\/wp\/v2\/product\/20093","targetHints":{"allow":["GET"]}}],"collection":[{"href":"https:\/\/www.livresentre2actions.fr\/fr_fr\/wp-json\/wp\/v2\/product"}],"about":[{"href":"https:\/\/www.livresentre2actions.fr\/fr_fr\/wp-json\/wp\/v2\/types\/product"}],"wp:featuredmedia":[{"embeddable":true,"href":"https:\/\/www.livresentre2actions.fr\/fr_fr\/wp-json\/wp\/v2\/media\/20094"}],"wp:attachment":[{"href":"https:\/\/www.livresentre2actions.fr\/fr_fr\/wp-json\/wp\/v2\/media?parent=20093"}],"wp:term":[{"taxonomy":"product_brand","embeddable":true,"href":"https:\/\/www.livresentre2actions.fr\/fr_fr\/wp-json\/wp\/v2\/product_brand?post=20093"},{"taxonomy":"product_cat","embeddable":true,"href":"https:\/\/www.livresentre2actions.fr\/fr_fr\/wp-json\/wp\/v2\/product_cat?post=20093"},{"taxonomy":"product_tag","embeddable":true,"href":"https:\/\/www.livresentre2actions.fr\/fr_fr\/wp-json\/wp\/v2\/product_tag?post=20093"}],"curies":[{"name":"wp","href":"https:\/\/api.w.org\/{rel}","templated":true}]}}