{"id":20081,"date":"2026-01-02T17:27:18","date_gmt":"2026-01-02T16:27:18","guid":{"rendered":"https:\/\/www.livresentre2actions.fr\/?post_type=product&#038;p=20081"},"modified":"2026-04-02T17:31:34","modified_gmt":"2026-04-02T15:31:34","slug":"le-cardinal-meignan-abbe-henri-boissonnot","status":"publish","type":"product","link":"https:\/\/www.livresentre2actions.fr\/fr_fr\/produit\/le-cardinal-meignan-abbe-henri-boissonnot\/","title":{"rendered":"Le cardinal Meignan, Abb\u00e9 Henri Boissonnot"},"content":{"rendered":"<p>Editions Victor Lecoffre &#8211; Broch\u00e9, 262 x 185, 556 p. Hors table. 1899. Frontispice. Int\u00e9gralement non coup\u00e9. Rousseurs en marge. Et en quatri\u00e8me de couverture. Exemplaire bien ferme, quasi int\u00e8gre, une petite d\u00e9chirure sans manque en t\u00eate de quatri\u00e8me.<\/p>\n","protected":false},"excerpt":{"rendered":"<p>Editions Victor Lecoffre &#8211; Broch\u00e9, 262 x 185, 556 p. Hors table. 1899. Frontispice. Int\u00e9gralement non coup\u00e9. Rousseurs en marge. Et en quatri\u00e8me de couverture. Exemplaire bien ferme, quasi int\u00e8gre, une petite d\u00e9chirure sans manque en t\u00eate de quatri\u00e8me.<\/p>\n","protected":false},"featured_media":20082,"template":"","meta":{"_eb_attr":""},"product_brand":[],"product_cat":[36,97,68],"product_tag":[],"class_list":{"0":"post-20081","1":"product","2":"type-product","3":"status-publish","4":"has-post-thumbnail","6":"product_cat-entre-le-xviiieme-et-le-xixeme-siecle","7":"product_cat-regionalia-divers","8":"product_cat-religion-spiritualite","9":"sales-flash-overlay","10":"woocommerce-text-align-center","11":"woocommerce-image-align-center","12":"wc-has-gallery","14":"first","15":"instock","16":"taxable","17":"shipping-taxable","18":"purchasable","19":"product-type-simple"},"aioseo_notices":[],"_links":{"self":[{"href":"https:\/\/www.livresentre2actions.fr\/fr_fr\/wp-json\/wp\/v2\/product\/20081","targetHints":{"allow":["GET"]}}],"collection":[{"href":"https:\/\/www.livresentre2actions.fr\/fr_fr\/wp-json\/wp\/v2\/product"}],"about":[{"href":"https:\/\/www.livresentre2actions.fr\/fr_fr\/wp-json\/wp\/v2\/types\/product"}],"wp:featuredmedia":[{"embeddable":true,"href":"https:\/\/www.livresentre2actions.fr\/fr_fr\/wp-json\/wp\/v2\/media\/20082"}],"wp:attachment":[{"href":"https:\/\/www.livresentre2actions.fr\/fr_fr\/wp-json\/wp\/v2\/media?parent=20081"}],"wp:term":[{"taxonomy":"product_brand","embeddable":true,"href":"https:\/\/www.livresentre2actions.fr\/fr_fr\/wp-json\/wp\/v2\/product_brand?post=20081"},{"taxonomy":"product_cat","embeddable":true,"href":"https:\/\/www.livresentre2actions.fr\/fr_fr\/wp-json\/wp\/v2\/product_cat?post=20081"},{"taxonomy":"product_tag","embeddable":true,"href":"https:\/\/www.livresentre2actions.fr\/fr_fr\/wp-json\/wp\/v2\/product_tag?post=20081"}],"curies":[{"name":"wp","href":"https:\/\/api.w.org\/{rel}","templated":true}]}}