{"id":20053,"date":"2026-01-02T17:06:01","date_gmt":"2026-01-02T16:06:01","guid":{"rendered":"https:\/\/www.livresentre2actions.fr\/?post_type=product&#038;p=20053"},"modified":"2026-04-02T17:12:20","modified_gmt":"2026-04-02T15:12:20","slug":"le-premier-accroc-coute-deux-cent-francs-elsa-triolet","status":"publish","type":"product","link":"https:\/\/www.livresentre2actions.fr\/fr_fr\/produit\/le-premier-accroc-coute-deux-cent-francs-elsa-triolet\/","title":{"rendered":"Le premier accroc co\u00fbte deux cent francs, Elsa Triolet"},"content":{"rendered":"<p>Soci\u00e9t\u00e9 des \u00e9ditions Deno\u00ebl<\/p>\n<p>Broch\u00e9, 179 x 120, 365p. 1945. (EO 1944). L&rsquo;ann\u00e9e 1945 o\u00f9 l&rsquo;autrice a re\u00e7u le Prix Goncourt pour ce recueil. Le titre de ce recueil est tir\u00e9 de l\u2019une des phrases cod\u00e9es transmises via la BBC pendant la Seconde Guerre mondiale. Int\u00e9rieur insol\u00e9 mais propre. Couvertures insol\u00e9es, mais propres, rousseurs en quatri\u00e8me de couverture. Une d\u00e9chirure sans manque en pied de dos le long de la quatri\u00e8me. Exemplaire bien ferme, recouvert avec soin, sans adh\u00e9sif.<\/p>\n","protected":false},"excerpt":{"rendered":"<p>Soci\u00e9t\u00e9 des \u00e9ditions Deno\u00ebl Broch\u00e9, 179 x 120, 365p. 1945. (EO 1944). L&rsquo;ann\u00e9e 1945 o\u00f9 l&rsquo;autrice a re\u00e7u le Prix Goncourt pour ce recueil. Le titre de ce recueil est tir\u00e9 de l\u2019une des phrases cod\u00e9es transmises via la BBC pendant la Seconde Guerre mondiale. Int\u00e9rieur insol\u00e9 mais propre. Couvertures insol\u00e9es, mais propres, rousseurs en &#8230; <a title=\"Le premier accroc co\u00fbte deux cent francs, Elsa Triolet\" class=\"read-more\" href=\"https:\/\/www.livresentre2actions.fr\/fr_fr\/produit\/le-premier-accroc-coute-deux-cent-francs-elsa-triolet\/\" aria-label=\"En savoir plus sur Le premier accroc co\u00fbte deux cent francs, Elsa Triolet\">Lire plus<\/a><\/p>\n","protected":false},"featured_media":20054,"template":"","meta":{"_eb_attr":""},"product_brand":[],"product_cat":[37,76],"product_tag":[],"class_list":{"0":"post-20053","1":"product","2":"type-product","3":"status-publish","4":"has-post-thumbnail","6":"product_cat-a-partir-du-xxeme-siecle","7":"product_cat-poesie-theatre-prose","8":"sales-flash-overlay","9":"woocommerce-text-align-center","10":"woocommerce-image-align-center","11":"wc-has-gallery","13":"first","14":"instock","15":"taxable","16":"shipping-taxable","17":"purchasable","18":"product-type-simple"},"aioseo_notices":[],"_links":{"self":[{"href":"https:\/\/www.livresentre2actions.fr\/fr_fr\/wp-json\/wp\/v2\/product\/20053","targetHints":{"allow":["GET"]}}],"collection":[{"href":"https:\/\/www.livresentre2actions.fr\/fr_fr\/wp-json\/wp\/v2\/product"}],"about":[{"href":"https:\/\/www.livresentre2actions.fr\/fr_fr\/wp-json\/wp\/v2\/types\/product"}],"wp:featuredmedia":[{"embeddable":true,"href":"https:\/\/www.livresentre2actions.fr\/fr_fr\/wp-json\/wp\/v2\/media\/20054"}],"wp:attachment":[{"href":"https:\/\/www.livresentre2actions.fr\/fr_fr\/wp-json\/wp\/v2\/media?parent=20053"}],"wp:term":[{"taxonomy":"product_brand","embeddable":true,"href":"https:\/\/www.livresentre2actions.fr\/fr_fr\/wp-json\/wp\/v2\/product_brand?post=20053"},{"taxonomy":"product_cat","embeddable":true,"href":"https:\/\/www.livresentre2actions.fr\/fr_fr\/wp-json\/wp\/v2\/product_cat?post=20053"},{"taxonomy":"product_tag","embeddable":true,"href":"https:\/\/www.livresentre2actions.fr\/fr_fr\/wp-json\/wp\/v2\/product_tag?post=20053"}],"curies":[{"name":"wp","href":"https:\/\/api.w.org\/{rel}","templated":true}]}}